{"id":2296,"date":"2021-02-26T11:49:19","date_gmt":"2021-02-26T09:49:19","guid":{"rendered":"https:\/\/etno.net\/?post_type=product&#038;p=2296"},"modified":"2021-03-03T11:41:50","modified_gmt":"2021-03-03T09:41:50","slug":"lasten-ja-nuorten-kalevala","status":"publish","type":"product","link":"https:\/\/etno.net\/en\/julkaisu\/opinnaytteet\/maisteriopinnot\/lasten-ja-nuorten-kalevala","title":{"rendered":"Lasten ja nuorten Kalevala"},"content":{"rendered":"<h2>Tiivistelm\u00e4<\/h2>\n<p>Projektini on Virpi Tummavuoren k\u00e4sikirjoittama ja ohjaama tanssi- ja musiikkiteos LASTEN JA NUORTEN KALEVALA. Teosta esitettiin viisi kertaa Karkkilassa H\u00f6gforsin vanhassa tehdashallissa 29.4-7.5. 1995. Esityksess\u00e4 tanssi ja n\u00e4ytteli l\u00e4hes sata lasta ja nuorta Karkkilasta, Vihdist\u00e4 ja Van- I j\u00e4rvelt\u00e4. Teoksen musiikista vastasin yhdess\u00e4 Eila Kososen kanssa. Esitys tullaan my\u00f6hemmin julkaisemaan videona ja t\u00e4m\u00e4n j\u00e4lkeen se tulee olemaan kansanmusiikiosaston kirjastossa. Lis\u00e4ksi viimeinen esitys \u00e4\u00e4nitettiin ja my\u00f6s t\u00e4m\u00e4 \u00e4\u00e4nite on saatavissa kirjastosta.<\/p>\n<p>Musiikki perustui \u00e4\u00e4nill\u00e4 ja erilaisilla soittimilla tehtyyn improvisaatioon. Inkeril\u00e4isell\u00e4 \u00e4\u00e4nenmuodostuksella laulettujen laulujen lis\u00e4ksi k\u00e4ytimme my\u00f6s muita s\u00e4vyj\u00e4 ja \u00e4\u00e4nenmuodostuksia. Soittimina meill\u00e4 oli p\u00e4rr\u00e4, muoviviuhureita eli letkuja, kulkushelistimi\u00e4, puu- ja pitk\u00e4huiluja, munniharppuja, rumpparasia, erilaisia viinilaseja, 10- ja 5- kielisi\u00e4 kanteleita, peukalopiano, rumpuja, lautasia, guiro, marakasseja, pirta ja jouhikko. Musiikin pohjana k\u00e4ytimme suomalaisten s\u00e4velmien lis\u00e4ksi ruotsalaista, bulgarialaista ja kahta mordvalaista melodiaa. Lapsille opetimme erilaisten tuulen- ja veden\u00e4\u00e4nien tekemist\u00e4 sek\u00e4 tunteiden ilmaisua \u00e4\u00e4nen avulla.<\/p>\n<p>Alkusuunnitelmista viimeiseen esitykseen musiikki muuttui monta kertaa. Pid\u00e4n t\u00e4llaisesta esitt\u00e4misest\u00e4 joka ei ole tarkkaan sovittu edelt\u00e4k\u00e4sin. T\u00e4llainen antaa tilaa jokaiseen esitykseen l\u00f6yt\u00e4\u00e4 jotain uutta ja samalla mahdollisuuden reakoida erilaisiin tunnelmiin. Joissakin esityksiss\u00e4 n\u00e4yttelij\u00e4n suoritus antoi itselleni voimaa ja halua tehd\u00e4 oma osuuteni niin hyvin kuin on mahdollista.<\/p>\n<h2>Sis\u00e4llysluettelo<\/h2>\n<p>1 Johdanto 1<br \/>\n2 Ensimm\u00e4iset suunnitelmat 3<br \/>\n3 Viimeinen esitys 7.5.1995 9<br \/>\n4 Yaikutelmia ja kokemuksia 24<br \/>\n4.1 Harjoituksista 25<br \/>\n4.2 Esityksist\u00e4 30<br \/>\n4.3 Yhteenveto 35<\/p>\n<p>Liitteet<br \/>\n1 Esite<br \/>\n2 Valokuvia kohtauksista<br \/>\n3 Lehtileikeit\u00e4<\/p>","protected":false},"excerpt":{"rendered":"<p>Projektity\u00f6<br \/>\nTaideyliopiston Sibelius-Akatemia<br \/>\nKansanmusiikin aineryhm\u00e4<br \/>\n1995<\/p>","protected":false},"featured_media":0,"comment_status":"closed","ping_status":"closed","template":"","meta":{"_acf_changed":false},"product_brand":[],"product_cat":[81,76],"product_tag":[],"class_list":{"0":"post-2296","1":"product","2":"type-product","3":"status-publish","5":"product_cat-maisteriopinnot","6":"product_cat-opinnaytteet","8":"first","9":"instock","10":"shipping-taxable","11":"product-type-simple"},"acf":[],"_links":{"self":[{"href":"https:\/\/etno.net\/en\/wp-json\/wp\/v2\/product\/2296","targetHints":{"allow":["GET"]}}],"collection":[{"href":"https:\/\/etno.net\/en\/wp-json\/wp\/v2\/product"}],"about":[{"href":"https:\/\/etno.net\/en\/wp-json\/wp\/v2\/types\/product"}],"replies":[{"embeddable":true,"href":"https:\/\/etno.net\/en\/wp-json\/wp\/v2\/comments?post=2296"}],"wp:attachment":[{"href":"https:\/\/etno.net\/en\/wp-json\/wp\/v2\/media?parent=2296"}],"wp:term":[{"taxonomy":"product_brand","embeddable":true,"href":"https:\/\/etno.net\/en\/wp-json\/wp\/v2\/product_brand?post=2296"},{"taxonomy":"product_cat","embeddable":true,"href":"https:\/\/etno.net\/en\/wp-json\/wp\/v2\/product_cat?post=2296"},{"taxonomy":"product_tag","embeddable":true,"href":"https:\/\/etno.net\/en\/wp-json\/wp\/v2\/product_tag?post=2296"}],"curies":[{"name":"wp","href":"https:\/\/api.w.org\/{rel}","templated":true}]}}