{"id":2298,"date":"2021-02-26T11:50:38","date_gmt":"2021-02-26T09:50:38","guid":{"rendered":"https:\/\/etno.net\/?post_type=product&#038;p=2298"},"modified":"2021-03-03T11:44:50","modified_gmt":"2021-03-03T09:44:50","slug":"viettelija-eras-teatteriproduktio-muusikon-nakokulmasta","status":"publish","type":"product","link":"https:\/\/etno.net\/en\/julkaisu\/opinnaytteet\/maisteriopinnot\/viettelija-eras-teatteriproduktio-muusikon-nakokulmasta","title":{"rendered":"Viettelij\u00e4 &#8211; er\u00e4s teatteriproduktio muusikon n\u00e4kokulmasta"},"content":{"rendered":"<h2>Tiivistelm\u00e4<\/h2>\n<p>1.2.1994 Tapasin ensimm\u00e4ist\u00e4 kertaa n\u00e4yttelij\u00e4oppilaan Jussi Johnssonin ja h\u00e4nen opettajansa Malla Kuuranteen. Olin lupautunut tekem\u00e4\u00e4n musiikin, s\u00e4velt\u00e4m\u00e4ll\u00e4 ja soittamalla, Jussin oppilasty\u00f6h\u00f6n, jonka Malla Kuuranne ohjaisi. N\u00e4ytelm\u00e4 oli Jukka Larsonin Viettelij\u00e4-romaaniin perustuva monologi. Esityksi\u00e4 oli yhteens\u00e4 19 kertaa, joista viimeiset kolme esitettiin marraskuussa 1995.<\/p>\n<p>T\u00e4m\u00e4n taiteellisen projektin kirjallinen osuus perustuu p\u00e4iv\u00e4kirjamerkint\u00f6ihin, joita tein sek\u00e4 harjoitteluvaiheen aikana ett\u00e4 esityksien lomassa. Niin kuin p\u00e4iv\u00e4kirjakirjoituksen luonteeseen kuuluu, olen kirjoittanut tuntemuksiani hyvist\u00e4 ja huonoista kokemuksistani melko vapaasti. Miten syntyiv\u00e4t laulujen melodiat? Mink\u00e4laista oli improvisoida puusarvella n\u00e4yttelij\u00e4n lausuessa samanaikaisesti repliikkej\u00e4\u00e4n?<\/p>\n<p>Ensikokemukseni teatterity\u00f6st\u00e4 saivat minut vakuuttuneeksi siit\u00e4, miten paljon meill\u00e4 muusikoilla ja n\u00e4yttelij\u00f6ill\u00e4 on opittavaa toistemme ty\u00f6skentelytavoista ja ajatusmalleista. Itsest\u00e4\u00e4nselvilt\u00e4 tuntuvat asiat eiv\u00e4t ehk\u00e4 olekaan niinkuin olimme ajatelleet.<\/p>\n<p>Toisestakin seikasta tulin my\u00f6s vakuuttuneeksi. N\u00e4ytt\u00e4m\u00f6musiikin tekeminen on mielenkiintoista ja hauskaa. Mutta my\u00f6s tuskallista ja pelottavaakin v\u00e4lill\u00e4. Aivan kuten &#8221;taiteen tekeminen&#8221; ja el\u00e4minen muutenkin. T\u00e4llaisen el\u00e4myksen soisin jokaiselle muusikolle.<\/p>\n<h2>Sis\u00e4llysluettelo<\/h2>\n<dl>\n<dt>1 <strong>Johdanto<\/strong><\/dt>\n<dd>1.1 Viettelij\u00e4-romaani<\/dd>\n<dd>1.2 Viettelij\u00e4 Jussi<\/dd>\n<dd>1.3 Muusikon ty\u00f6<\/dd>\n<dd>1.4 Viettelij\u00e4n aikataulu<\/dd>\n<dt>2 <strong>15.12. &#8211; 1.2.1994<\/strong><\/dt>\n<dt>3 <strong>1.2. &#8211; 27.3.1994<\/strong><\/dt>\n<dt>4 <strong>28.3. &#8211; 10.4.1994<\/strong><\/dt>\n<dt>5 <strong>Yhteenveto<\/strong><\/dt>\n<dt>6 <strong>Liitteet<\/strong><\/dt>\n<dd>6.1 musiikkinumeroiden lista<\/dd>\n<dd>6.2 nuottiliite<\/dd>\n<dd>6.3 arvosteluja<\/dd>\n<dd>6.4 Teemu Korpip\u00e4\u00e4: tekniset tiedot<\/dd>\n<\/dl>","protected":false},"excerpt":{"rendered":"<p>Projektity\u00f6<br \/>\nTaideyliopiston Sibelius-Akatemia<br \/>\nKansamusiikin aineryhm\u00e4<br \/>\n1995<\/p>","protected":false},"featured_media":0,"comment_status":"closed","ping_status":"closed","template":"","meta":{"_acf_changed":false},"product_brand":[],"product_cat":[81,76],"product_tag":[],"class_list":{"0":"post-2298","1":"product","2":"type-product","3":"status-publish","5":"product_cat-maisteriopinnot","6":"product_cat-opinnaytteet","8":"first","9":"instock","10":"shipping-taxable","11":"product-type-simple"},"acf":[],"_links":{"self":[{"href":"https:\/\/etno.net\/en\/wp-json\/wp\/v2\/product\/2298","targetHints":{"allow":["GET"]}}],"collection":[{"href":"https:\/\/etno.net\/en\/wp-json\/wp\/v2\/product"}],"about":[{"href":"https:\/\/etno.net\/en\/wp-json\/wp\/v2\/types\/product"}],"replies":[{"embeddable":true,"href":"https:\/\/etno.net\/en\/wp-json\/wp\/v2\/comments?post=2298"}],"wp:attachment":[{"href":"https:\/\/etno.net\/en\/wp-json\/wp\/v2\/media?parent=2298"}],"wp:term":[{"taxonomy":"product_brand","embeddable":true,"href":"https:\/\/etno.net\/en\/wp-json\/wp\/v2\/product_brand?post=2298"},{"taxonomy":"product_cat","embeddable":true,"href":"https:\/\/etno.net\/en\/wp-json\/wp\/v2\/product_cat?post=2298"},{"taxonomy":"product_tag","embeddable":true,"href":"https:\/\/etno.net\/en\/wp-json\/wp\/v2\/product_tag?post=2298"}],"curies":[{"name":"wp","href":"https:\/\/api.w.org\/{rel}","templated":true}]}}