{"id":2302,"date":"2021-02-26T11:51:50","date_gmt":"2021-02-26T09:51:50","guid":{"rendered":"https:\/\/etno.net\/?post_type=product&#038;p=2302"},"modified":"2021-03-03T11:41:04","modified_gmt":"2021-03-03T09:41:04","slug":"kaustislaisen-silian-valssin-analyysi-labanotaation-avulla","status":"publish","type":"product","link":"https:\/\/etno.net\/en\/julkaisu\/opinnaytteet\/maisteriopinnot\/kaustislaisen-silian-valssin-analyysi-labanotaation-avulla","title":{"rendered":"Kaustislaisen silian valssin analyysi labanotaation avulla"},"content":{"rendered":"<h2>Tiivistelm\u00e4<\/h2>\n<p>Silia valssi on siit\u00e4 erikoinen tanssi, ett\u00e4 siin\u00e4 on tasajakoinen askelikko kolmijakoista musiikkia vastaan. Tutkielmassani on selvitetty silian valssin askelten rytmin suhde musiikin rytmiin.<\/p>\n<p>Tutkielmani on nelj\u00e4n kaustislaisen tanssijan, Heikki L\u00e5ngin, Kalevi Paavolan, Inkeri Rauman ja Maija M\u00e4kel\u00e4n, tanssin analyysi. Videoin vuonna 1992 yhteens\u00e4 yhdeks\u00e4n tanssia, joista valitsin tarkemman analyysin kohteeksi molemmilta pareilta yhden tanssin. Analyysin apuna on k\u00e4ytetty labanotaatiota, joka on t\u00e4m\u00e4ntyyppisess\u00e4 kansantanssissa ehk\u00e4 k\u00e4ytt\u00f6kelpoisin tanssinotaatio. Koska kovin moni ei sit\u00e4 osaa lukea, siit\u00e4 on ohjeet t\u00e4m\u00e4n tutkielman osalta.<\/p>\n<p>Analyysin tuloksena esitet\u00e4\u00e4n silian valssin askelikon rytmi musiikin rytmiin n\u00e4hden ideaalisesti, koska tutkielmani pohjalta on tarkoitus my\u00f6s voida opetella tansimaan siliaa valssia. T\u00e4rke\u00e4\u00e4 on kuitenkin huomata, ett\u00e4 vaikka siliasta valssista on olemassa selke\u00e4 ideaalinen askelikko, tanssi ei pysy koko aikaa samassa tempossa, vaan tanssin rytmi musiikin suhteen vaihtelee. El\u00e4v\u00e4t soittajat, musiikin nopea tempo ja tanssijat itse vaikuttavat siihen, ett\u00e4 rytmiss\u00e4 tapahtuu muutoksia. Tanssin rytmi muuttuu, askelikko vaihtaa paikkaa musiikkiin n\u00e4hden, mukautuu uuteen paikkaansa tai muuttuu edelleen. Tanssi on joustavaa ja el\u00e4v\u00e4\u00e4.<\/p>\n<p>Tutkielmassani on selvitetty my\u00f6s silian valssin ja tanssinotaatioiden historiaa sek\u00e4 informanttieni k\u00e4sityksi\u00e4 siliasta valssista. Tanssijat ovat luultavasti sis\u00e4ist\u00e4neet tanssin eritt\u00e4in hyvin, koska heid\u00e4n on vaikea kertoa, miten he ajattelevat silian valssin askeleet musiikkiin n\u00e4hden. Silian valssin oppii varmaankin parhaiten mallioppimisen kautta, kuten informanttinikin ovat tehneet.<\/p>\n<h2>Sis\u00e4llysluettelo<\/h2>\n<dl>\n<dt><strong>Esipuhe<\/strong><\/dt>\n<\/dl>\n<p>&nbsp;<\/p>\n<dl>\n<dt><strong>1. Silia valssi<\/strong><\/dt>\n<dt>1.1 Purppuri<\/dt>\n<dt>1.2 Silian valssin askelsarjan kuvauksia<\/dt>\n<dt>1.3 Kuvauksien vertailu<\/dt>\n<\/dl>\n<p>&nbsp;<\/p>\n<dl>\n<dt><strong>2. Tanssin tutkimus<\/strong><\/dt>\n<dt>2.1 Tanssinotaatio<\/dt>\n<dd>2.1.1 Labanotaatio<\/dd>\n<dd>2.1.2 Benesh-notaatio ja Effort-Shape -systeemi<\/dd>\n<dd>2.1.3 Notaatio tanssin kuvauksena<\/dd>\n<dt>2.2 Labanotaatio silian valssin analyysin apuna<\/dt>\n<dt>2.3 Labanotaation lukeminen<\/dt>\n<\/dl>\n<p>&nbsp;<\/p>\n<dl>\n<dt><strong>3. Tanssijoiden k\u00e4sityksi\u00e4 siliasta valssista<\/strong><\/dt>\n<dt>3.1 Tanssin kuvaus<\/dt>\n<dt>3.2 Tanssin tyyli<\/dt>\n<dt>3.3 Purppurista<\/dt>\n<\/dl>\n<p>&nbsp;<\/p>\n<dl>\n<dt><strong>4. Analyysi<\/strong><\/dt>\n<dt>4.1 Askelsarja ideaalisesti<\/dt>\n<dt>4.2 Tanssityylien analyysi<\/dt>\n<dd>4.2.1 Inkeri Rauman ja Kalevi Paavolan tanssi<\/dd>\n<dd>4.2.2 Muut Inkerin ja Kalevin tanssit<\/dd>\n<dd>4.2.3 Maija M\u00e4kel\u00e4n ja Heikki L\u00e5ngin tanssi<\/dd>\n<dd>4.2.4 Muut Maijan ja Heikin tanssit<\/dd>\n<dd>4.2.5 Tanssiin vaikuttavia seikkoja<\/dd>\n<\/dl>\n<p>&nbsp;<\/p>\n<dl>\n<dt><strong>5. Silian valssin opettamisesta <\/strong><\/dt>\n<\/dl>\n<p>&nbsp;<\/p>\n<dl>\n<dt><strong>Liitteet<\/strong><\/dt>\n<dt>Labanotaatio otteista<\/dt>\n<dt>Labanotaatio Inkeri Rauman ja Kalevi Paavolan tanssista nro 5.<\/dt>\n<dt>Labanotaatio Maija M\u00e4kel\u00e4n ja Heikki L\u00e5ngin tanssista nro 4.<\/dt>\n<\/dl>\n<p>&nbsp;<\/p>\n<dl>\n<dt>Kirjallisuus<\/dt>\n<dt>Haastattelut<\/dt>\n<dt>Videoinnit<\/dt>\n<\/dl>","protected":false},"excerpt":{"rendered":"<div class=\"field field-name-field-thesis-metadata field-type-text-long field-label-hidden\">\n<div class=\"field-items\">\n<div class=\"field-item even\">\n<p>Tutkielma<br \/>\nTaideyliopiston Sibelius-Akatemia<br \/>\nKansanmusiikin aineryhm\u00e4<br \/>\n1995<\/p>\n<\/div>\n<\/div>\n<\/div>","protected":false},"featured_media":0,"comment_status":"closed","ping_status":"closed","template":"","meta":{"_acf_changed":false},"product_brand":[],"product_cat":[81,76],"product_tag":[],"class_list":{"0":"post-2302","1":"product","2":"type-product","3":"status-publish","5":"product_cat-maisteriopinnot","6":"product_cat-opinnaytteet","8":"first","9":"instock","10":"shipping-taxable","11":"product-type-simple"},"acf":[],"_links":{"self":[{"href":"https:\/\/etno.net\/en\/wp-json\/wp\/v2\/product\/2302","targetHints":{"allow":["GET"]}}],"collection":[{"href":"https:\/\/etno.net\/en\/wp-json\/wp\/v2\/product"}],"about":[{"href":"https:\/\/etno.net\/en\/wp-json\/wp\/v2\/types\/product"}],"replies":[{"embeddable":true,"href":"https:\/\/etno.net\/en\/wp-json\/wp\/v2\/comments?post=2302"}],"wp:attachment":[{"href":"https:\/\/etno.net\/en\/wp-json\/wp\/v2\/media?parent=2302"}],"wp:term":[{"taxonomy":"product_brand","embeddable":true,"href":"https:\/\/etno.net\/en\/wp-json\/wp\/v2\/product_brand?post=2302"},{"taxonomy":"product_cat","embeddable":true,"href":"https:\/\/etno.net\/en\/wp-json\/wp\/v2\/product_cat?post=2302"},{"taxonomy":"product_tag","embeddable":true,"href":"https:\/\/etno.net\/en\/wp-json\/wp\/v2\/product_tag?post=2302"}],"curies":[{"name":"wp","href":"https:\/\/api.w.org\/{rel}","templated":true}]}}