{"id":2303,"date":"2021-02-26T11:52:59","date_gmt":"2021-02-26T09:52:59","guid":{"rendered":"https:\/\/etno.net\/?post_type=product&#038;p=2303"},"modified":"2021-03-03T11:34:17","modified_gmt":"2021-03-03T09:34:17","slug":"haapaveden-kanteleyhtye-ja-sen-johtaja-ilona-porma-muusikkona-ja-pedagogina","status":"publish","type":"product","link":"https:\/\/etno.net\/en\/julkaisu\/opinnaytteet\/maisteriopinnot\/haapaveden-kanteleyhtye-ja-sen-johtaja-ilona-porma-muusikkona-ja-pedagogina","title":{"rendered":"Haapaveden kanteleyhtye ja sen johtaja Ilona Porma muusikkona ja pedagogina"},"content":{"rendered":"<h2>Tiivistelm\u00e4<\/h2>\n<p>Vuosina 1946 &#8211; 62 toimi Haapavedell\u00e4 kanteleyhtye, jossa oli parhaimmillaan parikymment\u00e4 soittajaa Haapavedelt\u00e4 ja sen l\u00e4hiymp\u00e4rist\u00f6st\u00e4. Yhtyeen johtaja koko sen toiminnan ajan oli Ilona Porma (9.5.1910 -28.6.1991). H\u00e4n sai kiinnostuksen kanteleensoittoon lapsuudenkodissaan Haapaveden Rantosella, jossa oli ollut kanteleensoittajia jo viisi sukupolvea ennen Ilona Pormaa. Yhtye esiintyi eri puolilla Suomea ja teki kiertueen my\u00f6s Ruotsiin.<\/p>\n<p>Tutkielmaani varten olen k\u00e4ynyt l\u00e4pi Ilona Porman leikekirjoja, joissa on yhtyeest\u00e4 kirjoitettuja lehtiartikkeleita, sek\u00e4 yhtyeen konserttiohjelmistoja vuosilta 1946 &#8211; 62. N\u00e4iden perusteella olen seurannut, millaista ohjelmistoa yhtye on esitt\u00e4nyt ja kuinka paljon ohjelmisto on muuttunut vuosien varrella. Olen my\u00f6s tutkinut lehdist\u00f6n suhtautumista kanteleyhtyeeseen sodanj\u00e4lkeisess\u00e4 Suomessa, jolloin suomalaisuutta haluttiin korostaa.<\/p>\n<p>Lis\u00e4ksi olen analysoinut yhtyeen soittotyyli\u00e4 nauhoitusten perusteella sek\u00e4 haastattelemalla yhtyeess\u00e4 soittaneita ja sit\u00e4 kuulleita henkil\u00f6it\u00e4.<\/p>\n<p>Olen my\u00f6s itse ollut Ilona Porman kanteleoppilaana ja opettanut Porman tyylill\u00e4 omia kanteleoppilaitani. T\u00e4st\u00e4 soiton opiskelusta Ilona Porman tapaan olen koonnut pienen alkeisoppaan.<\/p>\n<h2>Sis\u00e4llysluettelo<\/h2>\n<dl>\n<dt>1 Johdanto<\/dt>\n<dt>2 Haapaveden kanteleensoittoperinne<\/dt>\n<dt>3 Haapaveden kanteleyhtye<\/dt>\n<dd>3.1 Yhtyeen toimintaperiaatteet: Harjoittelu ja soittotapa<\/dd>\n<dd>3.2 Esiintymiset<\/dd>\n<dd>3.3 Lehdist\u00f6n vastaanotto<\/dd>\n<dd>3.4 Kanteleyhtye kansallistunteen kohottajana<\/dd>\n<dt>4 Kanteleyhtyeen ohjelmisto ja soittotyyli<\/dt>\n<dd>4.1 Konsertit ja niiden ohjelmisto<\/dd>\n<dd>4.2 Musiikkianalyysi yhtyeen kahdesta kappaleesta<\/dd>\n<dd>\u00a0 \u00a0 \u00a0 \u00a0 4.2.1 &#8221;Purppurinmarssi&#8221;<\/dd>\n<dd>\u00a0 \u00a0 \u00a0 \u00a0 4.2.2 &#8221;Kiper\u00e4 matuska&#8221;<\/dd>\n<dd>\u00a0 \u00a0 \u00a0 \u00a0 4.2.3 Havaintoja kanteleyhtyeen soittotyylist\u00e4<\/dd>\n<dt>5 Ilona Porma<\/dt>\n<dd>5.1 El\u00e4m\u00e4nura<\/dd>\n<dd>5.2 Ilona Porma opettajana<\/dd>\n<dt>6 Soiton opiskelu Ilona Porman tapaan<\/dt>\n<dd>6.1 Soittotapa ja k\u00e4sien asento<\/dd>\n<dd>6.2 Soittoasento<\/dd>\n<dd>6.3 Sormitus<\/dd>\n<dd>6.4 Soinnuttaminen<\/dd>\n<dt>7 Yhteenveto<\/dt>\n<dt>L\u00e4hteet<\/dt>\n<dt>Liitteet<\/dt>\n<\/dl>","protected":false},"excerpt":{"rendered":"<p>Tutkielma<br \/>\nTaideyliopiston Sibelius-Akatemia<br \/>\nKansanmusiikin aineryhm\u00e4<br \/>\n1995<\/p>","protected":false},"featured_media":0,"comment_status":"closed","ping_status":"closed","template":"","meta":{"_acf_changed":false},"product_brand":[],"product_cat":[81,76],"product_tag":[],"class_list":{"0":"post-2303","1":"product","2":"type-product","3":"status-publish","5":"product_cat-maisteriopinnot","6":"product_cat-opinnaytteet","8":"first","9":"instock","10":"shipping-taxable","11":"product-type-simple"},"acf":[],"_links":{"self":[{"href":"https:\/\/etno.net\/en\/wp-json\/wp\/v2\/product\/2303","targetHints":{"allow":["GET"]}}],"collection":[{"href":"https:\/\/etno.net\/en\/wp-json\/wp\/v2\/product"}],"about":[{"href":"https:\/\/etno.net\/en\/wp-json\/wp\/v2\/types\/product"}],"replies":[{"embeddable":true,"href":"https:\/\/etno.net\/en\/wp-json\/wp\/v2\/comments?post=2303"}],"wp:attachment":[{"href":"https:\/\/etno.net\/en\/wp-json\/wp\/v2\/media?parent=2303"}],"wp:term":[{"taxonomy":"product_brand","embeddable":true,"href":"https:\/\/etno.net\/en\/wp-json\/wp\/v2\/product_brand?post=2303"},{"taxonomy":"product_cat","embeddable":true,"href":"https:\/\/etno.net\/en\/wp-json\/wp\/v2\/product_cat?post=2303"},{"taxonomy":"product_tag","embeddable":true,"href":"https:\/\/etno.net\/en\/wp-json\/wp\/v2\/product_tag?post=2303"}],"curies":[{"name":"wp","href":"https:\/\/api.w.org\/{rel}","templated":true}]}}