{"id":2304,"date":"2021-02-26T11:54:29","date_gmt":"2021-02-26T09:54:29","guid":{"rendered":"https:\/\/etno.net\/?post_type=product&#038;p=2304"},"modified":"2021-03-03T11:41:27","modified_gmt":"2021-03-03T09:41:27","slug":"kiperan-nousu-ja-uho-ajatuksia-eraan-kansantanssiryhman-toiminnasta-vuosina-1993-1996","status":"publish","type":"product","link":"https:\/\/etno.net\/en\/julkaisu\/opinnaytteet\/maisteriopinnot\/kiperan-nousu-ja-uho-ajatuksia-eraan-kansantanssiryhman-toiminnasta-vuosina-1993-1996","title":{"rendered":"Kiper\u00e4n nousu ja uho &#8211; Ajatuksia er\u00e4\u00e4n kansantanssiryhm\u00e4n toiminnasta vuosina 1993-1996"},"content":{"rendered":"<h2>Tiivistelm\u00e4<\/h2>\n<p>Projektini taiteellinen osuus on CD-levy, jonka sis\u00e4lt\u00f6 muodostuu kansantanssi ja -musiikkiryhm\u00e4 Kiper\u00e4n ohjelmistosta. Materiaali \u00e4\u00e4nitettiin J\u00e4rvenp\u00e4\u00e4ss\u00e4 Sibelius-Akatemian kurssikeskuksessa Kallio-Kuninkalassa 30.9.-4.10.1996 ja miksattiin kansanmusiikin osaston studiossa loka-marraskuun aikana. Levyn julkaisee Kansanmusiikki-instituutti alkuvuodesta 1997.<\/p>\n<p>Kiper\u00e4n tanssiryhm\u00e4 perustettiin vuonna 1990 ja musiikkiryhm\u00e4 loppuvuodesta 1992. Toimin ryhm\u00e4ss\u00e4 tanssijana (1990-1991), muusikkona ja musiikillisena johtajana (1992-96), sek\u00e4 taiteellisena johtajana (1995-96).<\/p>\n<p>Kirjallisessa ty\u00f6ss\u00e4ni kuvailen Kiper\u00e4n vaiheita lokakuussa 1996 pidettyyn konserttiin asti, jonka j\u00e4lkeen lopetin ryhm\u00e4ss\u00e4. Analysoin ja vertailen ensikonsertin ja viimeisen konsertin sis\u00e4lt\u00f6\u00e4. Pohdin kiper\u00e4n kehityst\u00e4 ja julkista kuvaa, musiikkiryhm\u00e4n toimintaa ja omaa rooliani muusikkona, tanssijana ja tanssimusiikin tekij\u00e4n\u00e4.<\/p>\n<p>Ty\u00f6n tarkoituksena on ollut dokumentoida Kiper\u00e4ss\u00e4 ty\u00f6skentelem\u00e4\u00e4ni ajanjaksoa, sek\u00e4 k\u00e4yd\u00e4 l\u00e4pi ajatuksia ja tuntoja joita toiminta ryhm\u00e4ss\u00e4 on tuottanut. Asenteeni kirjoitusty\u00f6h\u00f6n on ollut tarkoituksellisen subjektiivinen.<\/p>\n<h2>Sis\u00e4llysluettelo<\/h2>\n<dl>\n<dt>1 Johdanto<\/dt>\n<dt>2 Kiper\u00e4n synty<\/dt>\n<dt>3 Ensikonsertti<\/dt>\n<dt>4 Kiper\u00e4n oppivuodet 1993-1996<\/dt>\n<dd>1. vuosi &#8221;uho&#8221;<\/dd>\n<dd>2. vuosi &#8221;ep\u00e4varmuus&#8221;<\/dd>\n<dd>3. vuosi &#8221;oma linja&#8221;<\/dd>\n<dd>4. vuosi &#8221;ammattimaisuus&#8221;<\/dd>\n<dt>5 Viimeinen konsertti<\/dt>\n<dt>6 Tanhusta tanssitaiteeseen<\/dt>\n<dt>7 Kiper\u00e4n julkinen kuva<\/dt>\n<dt>8 Kiper\u00e4-CD<\/dt>\n<dt>9 Min\u00e4 ja tanssi<\/dt>\n<dt>10 Pohdintaa<\/dt>\n<dt>11 Liitteet<\/dt>\n<\/dl>","protected":false},"excerpt":{"rendered":"<p>Projektity\u00f6<br \/>\nTaideyliopiston Sibelius-Akatemia<br \/>\nKansanmusiikin aineryhm\u00e4<br \/>\n1996<\/p>","protected":false},"featured_media":0,"comment_status":"closed","ping_status":"closed","template":"","meta":{"_acf_changed":false},"product_brand":[],"product_cat":[81,76],"product_tag":[],"class_list":{"0":"post-2304","1":"product","2":"type-product","3":"status-publish","5":"product_cat-maisteriopinnot","6":"product_cat-opinnaytteet","8":"first","9":"instock","10":"shipping-taxable","11":"product-type-simple"},"acf":[],"_links":{"self":[{"href":"https:\/\/etno.net\/en\/wp-json\/wp\/v2\/product\/2304","targetHints":{"allow":["GET"]}}],"collection":[{"href":"https:\/\/etno.net\/en\/wp-json\/wp\/v2\/product"}],"about":[{"href":"https:\/\/etno.net\/en\/wp-json\/wp\/v2\/types\/product"}],"replies":[{"embeddable":true,"href":"https:\/\/etno.net\/en\/wp-json\/wp\/v2\/comments?post=2304"}],"wp:attachment":[{"href":"https:\/\/etno.net\/en\/wp-json\/wp\/v2\/media?parent=2304"}],"wp:term":[{"taxonomy":"product_brand","embeddable":true,"href":"https:\/\/etno.net\/en\/wp-json\/wp\/v2\/product_brand?post=2304"},{"taxonomy":"product_cat","embeddable":true,"href":"https:\/\/etno.net\/en\/wp-json\/wp\/v2\/product_cat?post=2304"},{"taxonomy":"product_tag","embeddable":true,"href":"https:\/\/etno.net\/en\/wp-json\/wp\/v2\/product_tag?post=2304"}],"curies":[{"name":"wp","href":"https:\/\/api.w.org\/{rel}","templated":true}]}}