{"id":2305,"date":"2021-02-26T11:55:39","date_gmt":"2021-02-26T09:55:39","guid":{"rendered":"https:\/\/etno.net\/?post_type=product&#038;p=2305"},"modified":"2021-03-03T11:34:28","modified_gmt":"2021-03-03T09:34:28","slug":"hieno-homma-muusikkona-esityksessa-yrjo-kallisen-valaistuminen","status":"publish","type":"product","link":"https:\/\/etno.net\/en\/julkaisu\/opinnaytteet\/maisteriopinnot\/hieno-homma-muusikkona-esityksessa-yrjo-kallisen-valaistuminen","title":{"rendered":"Hieno homma! &#8211; Muusikkona esityksess\u00e4 Yrj\u00f6 Kallisen valaistuminen"},"content":{"rendered":"<h2>Tiivistelm\u00e4<\/h2>\n<p>Projektini taiteellinen osuus oli tanssi-musiikki-teatteriesitys <em>Yrj\u00f6 Kallisen valaistuminen,<\/em> jossa olin mukana muusikkona. Teosta oli synnytt\u00e4m\u00e4ss\u00e4 ja esitt\u00e4m\u00e4ss\u00e4 yhdeks\u00e4n tanssijaa, nelj\u00e4 muusikkoa, n\u00e4yttelij\u00e4 ja ohjaaja. Teoksen ensi-ilta oli Helsingiss\u00e4 3.2.1995. Esityksi\u00e4 oli kaikkiaan 23 ja ne jatkuivat maaliskuun puoliv\u00e4liin saakka Kino Helsingin n\u00e4ytt\u00e4m\u00f6ll\u00e4. Elokuussa 1995 teosta esitettiin viel\u00e4 yhteens\u00e4 seitsem\u00e4n kertaa Tampereen teatterikes\u00e4ss\u00e4 ja Helsingin Juhlaviikoilla.<\/p>\n<p>Esityksen tuotti Suommussalmiryhm\u00e4 yhdess\u00e4 Teatterikorkeakoulun tanssitaiteen laitoksen kanssa. Olen ollut mukana improvisoidun musiikin ja tanssin esitt\u00e4miseen keskittyneess\u00e4 Suomussalmiryhm\u00e4ss\u00e4 sen perustamisesta vuonna 1990 l\u00e4htien. Kev\u00e4\u00e4ll\u00e4 1994 Suomussalmiryhm\u00e4 pyysi uusimman produktionsa ohjaajaksi Esa Kirkkopellon. Ty\u00f6n l\u00e4ht\u00f6kohdaksi Kirkkopelto oli valinnut Yrj\u00f6 Kallisen moniulotteisen hahmon.<\/p>\n<p>Kallisen historiallisten el\u00e4m\u00e4nvaiheiden kautta esityksess\u00e4 peilattiin koko Suomen historiaa t\u00e4ll\u00e4 vuosisadalla. Esityksen tarkoituksena ei kuitenkaan ollut olla historiallinen n\u00e4k\u00f6ispatsas. <em>Henki ja henkisyys<\/em> oli esityksen t\u00e4rkein sis\u00e4lt\u00f6. Esitykseen etsitty ja saavutettu yhteinen tila ja energia toteutui kurinalaisen taustaty\u00f6n ja harjoitusprosessin tuloksena. Oleellisia k\u00e4sitteit\u00e4 olivat esiintyj\u00e4n <em>valmiustila,<\/em>ryhm\u00e4n <em>yhteinen tietoisuus<\/em> ja sama kokemusmaailma sek\u00e4 ajatusten konkreettinen <em>v\u00e4litt\u00e4minen<\/em> yleis\u00f6lle.<\/p>\n<p>Esityksen musiikki, tanssit ja kohtausten toteutus luotiin suurelta osin kollektiivisesti improvisoimalla harjoitusperiodin aikana. K\u00e4sikirjoitus oli ohjaaja Esa Kirkkopellon. Muusikot vastasivat yhteisesti teoksen musiikin luomisesta. Teoksen musiikissa oli keskeist\u00e4 ihmis\u00e4\u00e4nen k\u00e4ytt\u00f6, improvisointi ja tyylikeinon laaja skaala naivismista avantgardeen. Esityksess\u00e4 muusikot olivat n\u00e4ytt\u00e4m\u00f6ll\u00e4 tasaveroisena elementtin\u00e4 tanssijoiden ja n\u00e4yttelij\u00e4n kanssa. Jokaisella n\u00e4ist\u00e4 elementeist\u00e4 oli yht\u00e4 suuri teht\u00e4v\u00e4 kohtausten sanoman v\u00e4litt\u00e4misess\u00e4 yleis\u00f6lle.<\/p>\n<p>T\u00e4ss\u00e4 kirjoituksessa kuvaan Yrj\u00f6 Kallisen valaistuminen -teoksen omintakeista estetiikkaa ja niit\u00e4 voimakkaita aatteita, jotka vaikuttivat pelkistetyn n\u00e4ytt\u00e4m\u00f6kuvan taustalla. Kerron muusikon n\u00e4k\u00f6kulmasta teoksen syntyvaiheista ja mielenkiintoisesta harjoitusprosessista. Millaisia harjoitusmenetelmi\u00e4 k\u00e4ytettiin? Miten kollektiivinen improvisaatio ty\u00f6tapana vaikutti teoksen musiikin syntymiseen? Millaista musiikista tuli? Millaista oli olla muusikkona n\u00e4ytt\u00e4m\u00f6ll\u00e4? Millaisia vaikutuksia ty\u00f6skentelyll\u00e4 oli minuun?<\/p>\n<h2>Sis\u00e4llysluettelo<\/h2>\n<dl>\n<dt><strong>1 Johdanto <\/strong><\/dt>\n<\/dl>\n<p>&nbsp;<\/p>\n<dl>\n<dt><strong>2 Taustaa <\/strong><\/dt>\n<dt>2.1 Suomussalmiryhm\u00e4<\/dt>\n<dt>2.2 Yrj\u00f6 Kallisen valaistuminen -produktion taustasta<\/dt>\n<dt>2.3 Kuka oli Yrj\u00f6 Kallinen?<\/dt>\n<dt>2.4 Esityksen aatteista ja estetiikasta<\/dt>\n<\/dl>\n<p>&nbsp;<\/p>\n<dl>\n<dt><strong>3 Esityksen synty <\/strong><\/dt>\n<dt>3.1 Ty\u00f6ryhm\u00e4<\/dt>\n<dt>3.2 Harjoitusprosessi ja menetelm\u00e4t muusikon n\u00e4k\u00f6kulmasta<\/dt>\n<dd>3.2.1 Valmiustila ja yhteinen tietoisuus<\/dd>\n<dd>3.2.2 Kehon perustila ja sen saavuttaminen<\/dd>\n<dd>3.2.3 Mielikuva- ja tunnetilaharjoitukset<\/dd>\n<dd>3.2.4 Tanssin ja \u00e4\u00e4nenk\u00e4yt\u00f6n harjoittelu<\/dd>\n<dd>3.2.5 Harjoituksissa havaittua<\/dd>\n<dt>3.3 Omasta osuudestani muusikkona<\/dt>\n<dt>3.4 Esityksen ja sen musiikin synnytt\u00e4misest\u00e4<\/dt>\n<\/dl>\n<p>&nbsp;<\/p>\n<dl>\n<dt><strong>4 Musiikki <\/strong><\/dt>\n<dt>4.1 Esityksess\u00e4 k\u00e4ytetyt soittimet<\/dt>\n<dt>4.2 Kohtausluettelo: musiikin synnyst\u00e4 ja sis\u00e4ll\u00f6st\u00e4<\/dt>\n<dt>4.3 Musiikin luonne ja muodot<\/dt>\n<dt>4.4 Improvisoinnista esityksen musiikissa<\/dt>\n<dt>4.5 \u00c4\u00e4nentoistosta<\/dt>\n<\/dl>\n<p>&nbsp;<\/p>\n<dl>\n<dt><strong>5 Valmis esitys <\/strong><\/dt>\n<dt>5.1 Esityksi\u00e4 edelt\u00e4v\u00e4 l\u00e4mmittelyrituaali<\/dt>\n<dt>5.2 Muusikkona n\u00e4ytt\u00e4m\u00f6ll\u00e4<\/dt>\n<dt>5.3 Esityksen kehittyminen<\/dt>\n<dt>5.4 Kosminen naisvoimistelu<\/dt>\n<\/dl>\n<p>&nbsp;<\/p>\n<dl>\n<dt><strong>6 Lopuksi <\/strong><\/dt>\n<\/dl>\n<p>&nbsp;<\/p>\n<dl>\n<dt><strong>7 L\u00e4hteet <\/strong><\/dt>\n<\/dl>\n<p>&nbsp;<\/p>\n<dl>\n<dt><strong>8 Liitteet<\/strong><\/dt>\n<dt>8.1 Tekstiliitteet<\/dt>\n<dd>8.1.1 Yrj\u00f6 Kallisen el\u00e4m\u00e4nkaari<\/dd>\n<dd>8.1.2 Esa Kirkkopellon laatima kirjallisuusluettelo<\/dd>\n<dd>8.1.3 K\u00e4siohjelma<\/dd>\n<\/dl>\n<p><em>Ty\u00f6n video- ja DAT-nauhatallenteet kansanmusiikin aineryhm\u00e4n arkistoissa<\/em><\/p>","protected":false},"excerpt":{"rendered":"<p>Projektity\u00f6<br \/>\nTaideyliopiston Sibelius-Akatemia<br \/>\nKansanmusiikin aineryhm\u00e4<br \/>\n1996<\/p>","protected":false},"featured_media":0,"comment_status":"closed","ping_status":"closed","template":"","meta":{"_acf_changed":false},"product_brand":[],"product_cat":[81,76],"product_tag":[],"class_list":{"0":"post-2305","1":"product","2":"type-product","3":"status-publish","5":"product_cat-maisteriopinnot","6":"product_cat-opinnaytteet","8":"first","9":"instock","10":"shipping-taxable","11":"product-type-simple"},"acf":[],"_links":{"self":[{"href":"https:\/\/etno.net\/en\/wp-json\/wp\/v2\/product\/2305","targetHints":{"allow":["GET"]}}],"collection":[{"href":"https:\/\/etno.net\/en\/wp-json\/wp\/v2\/product"}],"about":[{"href":"https:\/\/etno.net\/en\/wp-json\/wp\/v2\/types\/product"}],"replies":[{"embeddable":true,"href":"https:\/\/etno.net\/en\/wp-json\/wp\/v2\/comments?post=2305"}],"wp:attachment":[{"href":"https:\/\/etno.net\/en\/wp-json\/wp\/v2\/media?parent=2305"}],"wp:term":[{"taxonomy":"product_brand","embeddable":true,"href":"https:\/\/etno.net\/en\/wp-json\/wp\/v2\/product_brand?post=2305"},{"taxonomy":"product_cat","embeddable":true,"href":"https:\/\/etno.net\/en\/wp-json\/wp\/v2\/product_cat?post=2305"},{"taxonomy":"product_tag","embeddable":true,"href":"https:\/\/etno.net\/en\/wp-json\/wp\/v2\/product_tag?post=2305"}],"curies":[{"name":"wp","href":"https:\/\/api.w.org\/{rel}","templated":true}]}}