{"id":2308,"date":"2021-02-26T11:57:19","date_gmt":"2021-02-26T09:57:19","guid":{"rendered":"https:\/\/etno.net\/?post_type=product&#038;p=2308"},"modified":"2021-03-03T11:42:06","modified_gmt":"2021-03-03T09:42:06","slug":"maristysrauta-ja-munniharppuuna-katsaus-munniharppuun","status":"publish","type":"product","link":"https:\/\/etno.net\/en\/julkaisu\/opinnaytteet\/maisteriopinnot\/maristysrauta-ja-munniharppuuna-katsaus-munniharppuun","title":{"rendered":"M\u00e4ristysrauta ja munniharppuuna &#8211; katsaus munniharppuun"},"content":{"rendered":"<h2>Tiivistelm\u00e4<\/h2>\n<p>Projektini taiteellinen osuus on cd-levy <strong>Munniharppuuna<\/strong> (KICD46). Levyll\u00e4 esitell\u00e4\u00e4n munniharppu soolosoittimena suomalaisessa ja skandinaavisessa kansanmusiikissa. Olen esill\u00e4 levyll\u00e4 paitsi solistina, my\u00f6s s\u00e4velt\u00e4j\u00e4n\u00e4 ja sovittajana. <strong>Munniharppuuna<\/strong> ilmestyi hein\u00e4kuussa 1996.<\/p>\n<p>T\u00e4ss\u00e4 kirjoituksessa annan taustatietoa munniharpusta, sen historiasta, rakenteesta, eri malleista ja musiikillisista ominaisuuksista.<\/p>\n<h2>Sis\u00e4llysluettelo<\/h2>\n<dl>\n<dt>Johdanto<\/dt>\n<dt>Munniharpun valmistus<\/dt>\n<dt>Munniharpun levinneisyys<\/dt>\n<dt>Munniharpun historiaa<\/dt>\n<dd>Munniharppu pohjoismaissa<\/dd>\n<dt>Munniharpun musiikki<\/dt>\n<dt>L\u00e4hdeluettelo<\/dt>\n<\/dl>","protected":false},"excerpt":{"rendered":"<p>Projektity\u00f6<br \/>\nTaideyliopiston Sibelius-Akatemia<br \/>\nKansanmusiikin aineryhm\u00e4<br \/>\n1996<\/p>","protected":false},"featured_media":0,"comment_status":"closed","ping_status":"closed","template":"","meta":{"_acf_changed":false},"product_brand":[],"product_cat":[81,76],"product_tag":[],"class_list":{"0":"post-2308","1":"product","2":"type-product","3":"status-publish","5":"product_cat-maisteriopinnot","6":"product_cat-opinnaytteet","8":"first","9":"instock","10":"shipping-taxable","11":"product-type-simple"},"acf":[],"_links":{"self":[{"href":"https:\/\/etno.net\/en\/wp-json\/wp\/v2\/product\/2308","targetHints":{"allow":["GET"]}}],"collection":[{"href":"https:\/\/etno.net\/en\/wp-json\/wp\/v2\/product"}],"about":[{"href":"https:\/\/etno.net\/en\/wp-json\/wp\/v2\/types\/product"}],"replies":[{"embeddable":true,"href":"https:\/\/etno.net\/en\/wp-json\/wp\/v2\/comments?post=2308"}],"wp:attachment":[{"href":"https:\/\/etno.net\/en\/wp-json\/wp\/v2\/media?parent=2308"}],"wp:term":[{"taxonomy":"product_brand","embeddable":true,"href":"https:\/\/etno.net\/en\/wp-json\/wp\/v2\/product_brand?post=2308"},{"taxonomy":"product_cat","embeddable":true,"href":"https:\/\/etno.net\/en\/wp-json\/wp\/v2\/product_cat?post=2308"},{"taxonomy":"product_tag","embeddable":true,"href":"https:\/\/etno.net\/en\/wp-json\/wp\/v2\/product_tag?post=2308"}],"curies":[{"name":"wp","href":"https:\/\/api.w.org\/{rel}","templated":true}]}}