{"id":2309,"date":"2021-02-26T12:02:35","date_gmt":"2021-02-26T10:02:35","guid":{"rendered":"https:\/\/etno.net\/?post_type=product&#038;p=2309"},"modified":"2021-03-03T11:43:03","modified_gmt":"2021-03-03T09:43:03","slug":"suomalaisen-kansanmusiikin-opetus-amerikkalaisessa-yliopistossa-kokemuksiani-opetustyosta-san-diego-state-universityssa-kaliforniassa-vuosina-1992-1997","status":"publish","type":"product","link":"https:\/\/etno.net\/en\/julkaisu\/opinnaytteet\/maisteriopinnot\/suomalaisen-kansanmusiikin-opetus-amerikkalaisessa-yliopistossa-kokemuksiani-opetustyosta-san-diego-state-universityssa-kaliforniassa-vuosina-1992-1997","title":{"rendered":"Suomalaisen kansanmusiikin opetus amerikkalaisessa yliopistossa &#8211; Kokemuksiani opetusty\u00f6st\u00e4 San Diego State Universityss\u00e4, Kaliforniassa, vuosina 1992-1997"},"content":{"rendered":"<h2>Tiivistelm\u00e4<\/h2>\n<p>Perdagogispainotteinen projektini k\u00e4sittelee suomalaisen kansanmusiikin opetusta San Diego State Universityss\u00e4, Kaliforniassa. Aloitin opetusty\u00f6ni vuonna 1992. Kurssit, joita olen kuluneen viiden vuoden aikana opettanut ovat seuraavat: <em>Finnish ensemble for non-music majors<\/em> (Suomalainen kansanmusiikki yleisopintojen osana), <em>Finnish ensemble for music majors<\/em> (Suomalainen yhtye musiikkia p\u00e4\u00e4aineena opiskeleville) sek\u00e4 <em>Music 365 B, Lab<\/em> (Pakollinen kurssi musiikin opiskelijoille: osana teoriaopintoja on my\u00f6s opiskeltava maailman musiikkikulttuureja).<\/p>\n<p>Projekti sis\u00e4lt\u00e4\u00e4 kirjallisen ty\u00f6n sek\u00e4 opetusn\u00e4ytteen. Opetusn\u00e4yte on videoitu San Diego State Universityss\u00e4 ja aiheena on suomalainen kansanmusiikki yleisopintojen osana.<\/p>\n<p>Kirjallisessa ty\u00f6ss\u00e4ni analysoin opetuksen tavoitteita, metodeja ja ongelmia sek\u00e4 haastattelen oppilaitani. Erityisesti minua on kiinnostanut, mik\u00e4 amerikkalaisia nuoria vieh\u00e4tt\u00e4\u00e4 suomalaisessa kansanmusiikissa.<\/p>\n<p>Olen my\u00f6s pohtinut, mik\u00e4 on suomalaisen kansanmusiikin rooli amerikkalaisessa yliopistossa.<\/p>\n<h2>Sis\u00e4llysluettelo<\/h2>\n<dl>\n<dt><strong>Johdanto <\/strong><\/dt>\n<\/dl>\n<p>&nbsp;<\/p>\n<dl>\n<dt><strong>1 Suomalainen kansanmusiikki yleisopintojen osana <\/strong><\/dt>\n<dt>1.1 Opetuksen tavoitteet<\/dt>\n<dd>1.1.1 Opetussuunnitelma<\/dd>\n<dt>1.2 Opetusmetodeista<\/dt>\n<dd>1.2.1 Viisikielisen kanteleen k\u00e4ytt\u00f6 opetuksessa<\/dd>\n<dd>1.2.2 Suomalaisten laulujen opettamisesta<\/dd>\n<dd>1.2.3 Tanssin k\u00e4ytt\u00e4misest\u00e4 opetuksessa<\/dd>\n<dt>1.3 Oppilaiden kommentteja<\/dt>\n<\/dl>\n<p>&nbsp;<\/p>\n<dl>\n<dt><strong>2 Suomalainen yhtye: Valinnainen kurssi musiikkia p\u00e4\u00e4aineena opiskeleville <\/strong><\/dt>\n<dt>2.1 Opetuksen tavoitteet<\/dt>\n<dt>2.2 Opetusmetodeista<\/dt>\n<dd>2.2.1 Kanteleen k\u00e4ytt\u00f6 improvisoinnin opetuksessa<\/dd>\n<dd>2.2.2 Yhtyemusisoinnin opettamisesta<\/dd>\n<dt>2.3 Opetuksen ongelmista<\/dt>\n<dd>2.3.1 Oppilaiden tausta<\/dd>\n<dt>2.4 Oppilaiden kommentteja<\/dt>\n<\/dl>\n<p>&nbsp;<\/p>\n<dl>\n<dt><strong>3 Suomalainen kansanmusiikki: Pakollinen kurssi musiikkia p\u00e4\u00e4aineena opiskeleville <\/strong><\/dt>\n<dt>3.1 Opetuksen tavoitteista<\/dt>\n<dt>3.2 Opetusmetodeista<\/dt>\n<dd>3.2.1 Suomalaiseen kulttuuriin tutustuminen<\/dd>\n<dd>3.2.2 Laulun, tanssin ja kanteleen opettamisesta<\/dd>\n<dd>3.2.3 Yhteissoitosta<\/dd>\n<dt>3.3 Oppilaiden mietteit\u00e4 perinteen merkityksest\u00e4<\/dt>\n<\/dl>\n<p>&nbsp;<\/p>\n<dl>\n<dt><strong>4 Suomalainen kansanmusiikki amerikkalaisen yliopiston koulutusohjelmassa <\/strong><\/dt>\n<\/dl>\n<p>&nbsp;<\/p>\n<dl>\n<dt>Liitteet<\/dt>\n<dt>L\u00e4hdeaineisto<\/dt>\n<\/dl>","protected":false},"excerpt":{"rendered":"<p>Projektity\u00f6<br \/>\nTaideyliopiston Sibelius-Akatemia<br \/>\nKansanmusiikin aineryhm\u00e4<br \/>\n1997<\/p>","protected":false},"featured_media":0,"comment_status":"closed","ping_status":"closed","template":"","meta":{"_acf_changed":false},"product_brand":[],"product_cat":[81,76],"product_tag":[],"class_list":{"0":"post-2309","1":"product","2":"type-product","3":"status-publish","5":"product_cat-maisteriopinnot","6":"product_cat-opinnaytteet","8":"first","9":"instock","10":"shipping-taxable","11":"product-type-simple"},"acf":[],"_links":{"self":[{"href":"https:\/\/etno.net\/en\/wp-json\/wp\/v2\/product\/2309","targetHints":{"allow":["GET"]}}],"collection":[{"href":"https:\/\/etno.net\/en\/wp-json\/wp\/v2\/product"}],"about":[{"href":"https:\/\/etno.net\/en\/wp-json\/wp\/v2\/types\/product"}],"replies":[{"embeddable":true,"href":"https:\/\/etno.net\/en\/wp-json\/wp\/v2\/comments?post=2309"}],"wp:attachment":[{"href":"https:\/\/etno.net\/en\/wp-json\/wp\/v2\/media?parent=2309"}],"wp:term":[{"taxonomy":"product_brand","embeddable":true,"href":"https:\/\/etno.net\/en\/wp-json\/wp\/v2\/product_brand?post=2309"},{"taxonomy":"product_cat","embeddable":true,"href":"https:\/\/etno.net\/en\/wp-json\/wp\/v2\/product_cat?post=2309"},{"taxonomy":"product_tag","embeddable":true,"href":"https:\/\/etno.net\/en\/wp-json\/wp\/v2\/product_tag?post=2309"}],"curies":[{"name":"wp","href":"https:\/\/api.w.org\/{rel}","templated":true}]}}