{"id":2311,"date":"2021-02-26T12:04:06","date_gmt":"2021-02-26T10:04:06","guid":{"rendered":"https:\/\/etno.net\/?post_type=product&#038;p=2311"},"modified":"2021-03-03T11:25:04","modified_gmt":"2021-03-03T09:25:04","slug":"tuohi-soittimena","status":"publish","type":"product","link":"https:\/\/etno.net\/en\/julkaisu\/opinnaytteet\/maisteriopinnot\/tuohi-soittimena","title":{"rendered":"Tuohi soittimena"},"content":{"rendered":"<h2>Tiivistelm\u00e4<\/h2>\n<p>Paimenilla on vuosisatojen ajan ollut k\u00e4yt\u00f6ss\u00e4\u00e4n erilaisia soittimia niin merkinantov\u00e4linein\u00e4 kuin ajanvietteen\u00e4kin. T\u00e4ss\u00e4 kirjallisessa ty\u00f6ss\u00e4ni kerron paimensoittimesta\u00a0<strong>tuohi,<\/strong>\u00a0tuohensoittaja Heikki Hyv\u00f6sest\u00e4, kuinka soiva tuohi valmistetaan ja kuinka sit\u00e4 soitetaan. Tietoja ker\u00e4tess\u00e4 taltioimani video- ja C-kasetti\u00e4\u00e4nitteet ovat osa kirjallista ty\u00f6t\u00e4ni.<\/p>\n<p>Lopputy\u00f6h\u00f6ni kuuluu my\u00f6s taiteellinen osuus, joka on cd-levy\u00a0<strong>Petri Ikkel\u00e4 Accordions, Bandoneon, Concertina<\/strong>\u00a0(FAICD-14), vaikka se ei sis\u00e4ll\u00f6lt\u00e4\u00e4n liityk\u00e4\u00e4n projektini kirjalliseen osuuteen. Levyll\u00e4 esitell\u00e4\u00e4n useita harmonikkasoittimia erilaisten kokoonpanojen solistina musiikin vaihdellessa kansanmusiikista ja populaarimusiikista klassiseen musiikkiin. Olen levyll\u00e4 paitsi solistina, my\u00f6s s\u00e4velt\u00e4j\u00e4n\u00e4, sovittajana ja kapellimestarina.<\/p>\n<p>Levyni ilmestyi hein\u00e4kuussa 1996.<\/p>\n<h2>Sis\u00e4llysluettelo<\/h2>\n<dl>\n<dt>L\u00e4hteet<\/dt>\n<dt>1 Johdanto<\/dt>\n<dd>1.1 Aiheen valinnasta<\/dd>\n<dd>1.2 Tutkimusaiheen rajaus<\/dd>\n<dd>1.3 Termist\u00f6<\/dd>\n<dt>2 Tuohensoittaja Heikki Hyv\u00f6nen<\/dt>\n<dd>2.1 Taiteilijauran alku ja merkityksellisimm\u00e4t esiintymiset<\/dd>\n<dt>3 Tuohen valmistus<\/dt>\n<dd>3.1 Tuohipuun valinta<\/dd>\n<dd>3.2 Tuohelle asetettavat vaatimukset<\/dd>\n<dd>3.3 Tuohen irrottaminen puusta<\/dd>\n<dd>3.4 Tuohen kuivattaminen<\/dd>\n<dd>3.5 Eri materiaaleja<\/dd>\n<dd>3.6 Valmistamisessa tarvittavat ty\u00f6kalut<\/dd>\n<dd>3.7 Suunnittelu ja piirt\u00e4minen<\/dd>\n<dd>3.8 Tuohen veist\u00e4minen<\/dd>\n<dd>3.9 Ohentaminen<\/dd>\n<dd>3.10 L\u00e4p\u00e4n taivuttaminen<\/dd>\n<dt>4 Hyv\u00e4 tuohi<\/dt>\n<dd>4.1 Tuohen kest\u00e4vyys<\/dd>\n<dd>4.2 \u00c4\u00e4nenlaatuun vaikuttavat ulkoiset tekij\u00e4t<\/dd>\n<dd>4.3 Eri tuohimallit<\/dd>\n<dd>4.4 Yleisimpi\u00e4 ongelmia<\/dd>\n<dd>4.5 \u00c4\u00e4niala<\/dd>\n<dd>4.6 Muita tuohensoittajia ja soittotaidon levinneisyys<\/dd>\n<dt>5 Tuohensoiton opettelu<\/dt>\n<dd>5.1 Tuohen asettaminen suulle<\/dd>\n<dd>5.2 K\u00e4sien asennot<\/dd>\n<dd>\u00a0 \u00a0 \u00a0 \u00a0 5.2.1 Kiinnipit\u00e4misen yhteys s\u00e4velpuhtauteen<\/dd>\n<dd>5.3 Hengitt\u00e4minen<\/dd>\n<dd>5.4 Toimenpiteet \u00e4\u00e4nen saamiseksi kuuluviin<\/dd>\n<dd>5.5 Huulten ja kielen asento<\/dd>\n<dd>5.6 Tuohen taivutuskulman vaikutus<\/dd>\n<dd>5.7 Ilmankulutus<\/dd>\n<dd>5.8 Erilaisia soittotekniikoita<\/dd>\n<dd>5.9 Hyv\u00e4n tuohensoittajan fyysisi\u00e4 ominaisuuksia<\/dd>\n<dt>6 Lopuksi<\/dt>\n<\/dl>","protected":false},"excerpt":{"rendered":"<p>Projektity\u00f6<br \/>\nTaideyliopiston Sibelius-Akatemia<br \/>\nKansanmusiikin aineryhm\u00e4<br \/>\n1997<\/p>","protected":false},"featured_media":0,"comment_status":"closed","ping_status":"closed","template":"","meta":{"_acf_changed":false},"product_brand":[],"product_cat":[81,76],"product_tag":[],"class_list":{"0":"post-2311","1":"product","2":"type-product","3":"status-publish","5":"product_cat-maisteriopinnot","6":"product_cat-opinnaytteet","8":"first","9":"instock","10":"shipping-taxable","11":"product-type-simple"},"acf":[],"_links":{"self":[{"href":"https:\/\/etno.net\/en\/wp-json\/wp\/v2\/product\/2311","targetHints":{"allow":["GET"]}}],"collection":[{"href":"https:\/\/etno.net\/en\/wp-json\/wp\/v2\/product"}],"about":[{"href":"https:\/\/etno.net\/en\/wp-json\/wp\/v2\/types\/product"}],"replies":[{"embeddable":true,"href":"https:\/\/etno.net\/en\/wp-json\/wp\/v2\/comments?post=2311"}],"wp:attachment":[{"href":"https:\/\/etno.net\/en\/wp-json\/wp\/v2\/media?parent=2311"}],"wp:term":[{"taxonomy":"product_brand","embeddable":true,"href":"https:\/\/etno.net\/en\/wp-json\/wp\/v2\/product_brand?post=2311"},{"taxonomy":"product_cat","embeddable":true,"href":"https:\/\/etno.net\/en\/wp-json\/wp\/v2\/product_cat?post=2311"},{"taxonomy":"product_tag","embeddable":true,"href":"https:\/\/etno.net\/en\/wp-json\/wp\/v2\/product_tag?post=2311"}],"curies":[{"name":"wp","href":"https:\/\/api.w.org\/{rel}","templated":true}]}}