{"id":2313,"date":"2021-02-26T12:05:20","date_gmt":"2021-02-26T10:05:20","guid":{"rendered":"https:\/\/etno.net\/?post_type=product&#038;p=2313"},"modified":"2021-03-03T11:34:10","modified_gmt":"2021-03-03T09:34:10","slug":"forsok-soittajan-arkea-andetagen-projektissa","status":"publish","type":"product","link":"https:\/\/etno.net\/en\/julkaisu\/opinnaytteet\/maisteriopinnot\/forsok-soittajan-arkea-andetagen-projektissa","title":{"rendered":"F\u00f6rs\u00f6k &#8211; soittajan arkea Andetagen-projektissa"},"content":{"rendered":"<h2>Tiivistelm\u00e4<\/h2>\n<p>Projektini kirjallisessa osassa pyrin kuvaamaan Andetagen-kiertueen esivalmisteluja, harjoituksia sound check- ja konserttitilanteita, sosiaalista kokemuskentt\u00e4\u00e4 sek\u00e4 Andetagen-ryhm\u00e4n aikaansaamaa musiikkia rivisoittajan n\u00e4k\u00f6kulmasta. Yrit\u00e4n selitt\u00e4\u00e4 seikkoja, jotka vaikuttivat projektissa tekemiini musiikillisiin ratkaisuihin, konserttien kulkuun ja ryhm\u00e4n j\u00e4senten roolien muodostumiseen.<\/p>\n<p>Projektini taiteelinen osuus muodostui Andetagen-kiertueen konserteista, jotka pidettiin 19.-25.4.1998 Lundissa, Uppsalassa, G\u00e4vless\u00e4, Tukholmassa ja Helsingiss\u00e4. Kiertueen keskeinen teema oli Lars Hollmerin musiikin esitt\u00e4minen sek\u00e4 akustisista ett\u00e4 s\u00e4hk\u00f6soittimista kootulla kansainv\u00e4lisell\u00e4 yhtyeell\u00e4, jossa oli kolme suomalaista, kaksi ruotsalaista ja yksi kuubalainen muusikko.<\/p>\n<p>K\u00e4sittelen Andetagenin ohjelmistoa s\u00e4velm\u00e4kohtaisesti kuvaten s\u00e4velmiin valitsemiani sointiv\u00e4rej\u00e4, tekemi\u00e4ni sovituksellisia muutoksia, harjoitusmetodeja, kappaleiden el\u00e4mist\u00e4 ja osuuksieni muuttumista harjoitusten sek\u00e4 kiertueen edetess\u00e4.<\/p>\n<h2>Sis\u00e4llysluettelo<\/h2>\n<dl>\n<dt>Johdanto<\/dt>\n<dt>Laitteet, soittimet, hankinnat, korjaukset<\/dt>\n<dt>Omakohtainen harjoittelujakso<\/dt>\n<dt>Yksin\u00e4ist\u00e4 harjoittelua kappaleittain<\/dt>\n<dd>Portaletyde<\/dd>\n<dd>Ett tungt ok<\/dd>\n<dd>Sv\u00e4ng b\u00e4ttre<\/dd>\n<dd>Flyg o forget<\/dd>\n<dd>Sydaf<\/dd>\n<dd>Eyeliner<\/dd>\n<dd>Plinga<\/dd>\n<dd>Videpiano<\/dd>\n<dd>Kvar om igen<\/dd>\n<dd>Cirkus 1, Cirkus 2<\/dd>\n<dd>F\u00f6rs\u00f6k<\/dd>\n<dd>Aska<\/dd>\n<dd>Now<\/dd>\n<dd>Boeves psalm<\/dd>\n<dd>Maa-tango<\/dd>\n<dt>Projektin suomalaistrion yhteisharjoitus<\/dt>\n<dt>Ruotsin yhteisharjoitukset 16.-18.4.1998<\/dt>\n<dt>Kiertue<\/dt>\n<dd>19.4.1998 Lund, Mejeriet<\/dd>\n<dd>21.4.1998 Uppsala, Fredmans<\/dd>\n<dd>22.4.1998 G\u00e4vle, Konserthuset<\/dd>\n<dd>23.4.1998 Tukholma, Fasching<\/dd>\n<dd>25.4.1998 Helsinki, Kaapeliravintola<\/dd>\n<dt>Yhteenveto, opiksi ja ojennukseksi<\/dt>\n<dt>Liitteet<\/dt>\n<\/dl>\n<p><em>Ty\u00f6h\u00f6n liittyv\u00e4 \u00e4\u00e4nite kansanmusiikin aineryhm\u00e4n arkistoissa<\/em><\/p>","protected":false},"excerpt":{"rendered":"<p>Projektity\u00f6<br \/>\nTaideyliopiston Sibelius-Akatemia<br \/>\nKansanmusiikin aineryhm\u00e4<br \/>\n1998<\/p>","protected":false},"featured_media":0,"comment_status":"closed","ping_status":"closed","template":"","meta":{"_acf_changed":false},"product_brand":[],"product_cat":[81,76],"product_tag":[],"class_list":{"0":"post-2313","1":"product","2":"type-product","3":"status-publish","5":"product_cat-maisteriopinnot","6":"product_cat-opinnaytteet","8":"first","9":"instock","10":"shipping-taxable","11":"product-type-simple"},"acf":[],"_links":{"self":[{"href":"https:\/\/etno.net\/en\/wp-json\/wp\/v2\/product\/2313","targetHints":{"allow":["GET"]}}],"collection":[{"href":"https:\/\/etno.net\/en\/wp-json\/wp\/v2\/product"}],"about":[{"href":"https:\/\/etno.net\/en\/wp-json\/wp\/v2\/types\/product"}],"replies":[{"embeddable":true,"href":"https:\/\/etno.net\/en\/wp-json\/wp\/v2\/comments?post=2313"}],"wp:attachment":[{"href":"https:\/\/etno.net\/en\/wp-json\/wp\/v2\/media?parent=2313"}],"wp:term":[{"taxonomy":"product_brand","embeddable":true,"href":"https:\/\/etno.net\/en\/wp-json\/wp\/v2\/product_brand?post=2313"},{"taxonomy":"product_cat","embeddable":true,"href":"https:\/\/etno.net\/en\/wp-json\/wp\/v2\/product_cat?post=2313"},{"taxonomy":"product_tag","embeddable":true,"href":"https:\/\/etno.net\/en\/wp-json\/wp\/v2\/product_tag?post=2313"}],"curies":[{"name":"wp","href":"https:\/\/api.w.org\/{rel}","templated":true}]}}