{"id":2314,"date":"2021-02-26T12:06:07","date_gmt":"2021-02-26T10:06:07","guid":{"rendered":"https:\/\/etno.net\/?post_type=product&#038;p=2314"},"modified":"2021-03-03T11:32:52","modified_gmt":"2021-03-03T09:32:52","slug":"folkmusikworkshop-i-overesse-skola","status":"publish","type":"product","link":"https:\/\/etno.net\/en\/julkaisu\/opinnaytteet\/maisteriopinnot\/folkmusikworkshop-i-overesse-skola","title":{"rendered":"Folkmusikworkshop i \u00d6veresse skola"},"content":{"rendered":"<h2>Sammanfattning<\/h2>\n<p>Mitt projeld bestod i att planera och f\u00f6rverkliga en folkmusikworkshop i \u00d6veresse l\u00e5gstadieskola. Alla skolans elever; ca 90 elever i \u00e5k. 1-6, deltog i workshopen, som h\u00f6lls i januari-februari 1997. Workshopen utf\u00f6rdes under \u00e5tta dagar och avslutades med en konsert. Jag hade hand om workshopens undervisning.<\/p>\n<p>Som arbetsmaterial i workshopen anv\u00e4ndes folkmusik ur den finlandssvenska traditionen. Undervisningen baserade sig p\u00e5 geh\u00f6rsmetoden, men noter anv\u00e4ndes \u00e4ven som hj\u00e4lpmedel. L\u00e5tarna \u00f6vades och utarbetades till arrangemang i s\u00e5ng- och instrumentgrupper.<\/p>\n<p>Planeringen av l\u00e5tar och tidsschema var en av st\u00f6ttepelarna f\u00f6r det praktiska genomf\u00f6randet. Elevernas tidigare musikaliska f\u00e4rdigheter var avg\u00f6rande i valet av arbetsmaterial. Mina tidigare erfarenheter och min f\u00f6rm\u00e5ga som pedagog utgjorde grunden f\u00f6r hur undervisningen utformades. Kommunikationen mellan l\u00e4rare och elever inverkade p\u00e5 hur arbetet i workshopen fungerade. Det musikaliska slutresultatet var en produkt d\u00e4r alla dessa olika element hade en avg\u00f6rande roll.<\/p>\n<p>Den skriftliga andelen av arbetet \u00e4r en redog\u00f6relse f\u00f6r hur arbetet utf\u00f6rdes. Arbetet i workshopen rapporteras i dagboksform. I rapporten g\u00f6rs reflektioner \u00f6ver hur workshopen lyckades. Jag tar upp fr\u00e5gor om hur eleverna i gruppen fungerade, hur musiken utarbetades, samt min egen roll som l\u00e4rare.<\/p>\n<h2>Inneh\u00e5ll<\/h2>\n<dl>\n<dt>1 Inledning och bakgrund<\/dt>\n<dt>2 Planering<\/dt>\n<dd>2.1 Schema<\/dd>\n<dd>2.2 Elevernas tidigare s\u00e5ng- och spelerfarenheter<\/dd>\n<dt>3 L\u00e5tar och arrangemang<\/dt>\n<dd>3.1 Sj\u00f6r\u00f6varen<\/dd>\n<dd>3.2 Silver och gull<\/dd>\n<dd>3.3 Rillen<\/dd>\n<dd>3.4 Gruppernas tidigare repertoar<\/dd>\n<dt>4 Workshopens musikanter<\/dt>\n<dt>5 Workshop<\/dt>\n<dd>5.1 Dagbok<\/dd>\n<dt>6 Slutord<\/dt>\n<\/dl>\n<p>&nbsp;<\/p>\n<dl>\n<dt>K\u00e4ll\u00f6r<\/dt>\n<dt>Bilagor<\/dt>\n<dd>Noter och arrangemand<\/dd>\n<dd>Textf\u00f6rslag till Sj\u00f6r\u00f6varen<\/dd>\n<dd>Tv\u00e5 videoband samt inneh\u00e5llets redog\u00f6relse<\/dd>\n<dd>Brev till Essefiddlarna<\/dd>\n<dd>Inbjudan till konsert<\/dd>\n<\/dl>","protected":false},"excerpt":{"rendered":"<p>Projektity\u00f6<br \/>\nTaideyliopiston Sibelius-Akatemia<br \/>\nKansanmusiikin aineryhm\u00e4<br \/>\n1998<\/p>","protected":false},"featured_media":0,"comment_status":"closed","ping_status":"closed","template":"","meta":{"_acf_changed":false},"product_brand":[],"product_cat":[81,76],"product_tag":[],"class_list":{"0":"post-2314","1":"product","2":"type-product","3":"status-publish","5":"product_cat-maisteriopinnot","6":"product_cat-opinnaytteet","8":"first","9":"instock","10":"shipping-taxable","11":"product-type-simple"},"acf":[],"_links":{"self":[{"href":"https:\/\/etno.net\/en\/wp-json\/wp\/v2\/product\/2314","targetHints":{"allow":["GET"]}}],"collection":[{"href":"https:\/\/etno.net\/en\/wp-json\/wp\/v2\/product"}],"about":[{"href":"https:\/\/etno.net\/en\/wp-json\/wp\/v2\/types\/product"}],"replies":[{"embeddable":true,"href":"https:\/\/etno.net\/en\/wp-json\/wp\/v2\/comments?post=2314"}],"wp:attachment":[{"href":"https:\/\/etno.net\/en\/wp-json\/wp\/v2\/media?parent=2314"}],"wp:term":[{"taxonomy":"product_brand","embeddable":true,"href":"https:\/\/etno.net\/en\/wp-json\/wp\/v2\/product_brand?post=2314"},{"taxonomy":"product_cat","embeddable":true,"href":"https:\/\/etno.net\/en\/wp-json\/wp\/v2\/product_cat?post=2314"},{"taxonomy":"product_tag","embeddable":true,"href":"https:\/\/etno.net\/en\/wp-json\/wp\/v2\/product_tag?post=2314"}],"curies":[{"name":"wp","href":"https:\/\/api.w.org\/{rel}","templated":true}]}}