{"id":2315,"date":"2021-02-26T12:07:11","date_gmt":"2021-02-26T10:07:11","guid":{"rendered":"https:\/\/etno.net\/?post_type=product&#038;p=2315"},"modified":"2021-03-03T11:42:44","modified_gmt":"2021-03-03T09:42:44","slug":"sinkkuelamaa-kuinka-single-cdn-tekeminen-vaikutti-muusikkouteeni","status":"publish","type":"product","link":"https:\/\/etno.net\/en\/julkaisu\/opinnaytteet\/maisteriopinnot\/sinkkuelamaa-kuinka-single-cdn-tekeminen-vaikutti-muusikkouteeni","title":{"rendered":"Sinkkuel\u00e4m\u00e4\u00e4 &#8211; kuinka single-CD:n tekeminen vaikutti muusikkouteeni"},"content":{"rendered":"<h2>Tiivistelm\u00e4<\/h2>\n<p>Taiteellisen projektini tavoite oli s\u00e4velt\u00e4\u00e4 levyllinen omaa musiikkia. Olin varannut projektin tekemiseen koko lukuvuoden 1997-98. Tuona aikana ty\u00f6stin muutamaa jo s\u00e4velt\u00e4m\u00e4\u00e4ni kappaletta ja s\u00e4velsin uusia. Projektin taiteellinen tulos on kahdeksan s\u00e4vellyst\u00e4, joista nelj\u00e4 viimeistellyint\u00e4 \u00e4\u00e4nitettiin J\u00e4rvenp\u00e4\u00e4n Kallio-Kuninkalassa huhtikuussa 1998. Kirjallinen osuus muodostuu tapahtumien ja tuntemuksien analysoinnista ty\u00f6jakson aikana. Kirjoituksen pohjana ovat p\u00e4iv\u00e4kirjamerkinn\u00e4t.<\/p>\n<p>Avustavina muusikkoina olivat Eero Grundstr\u00f6m (piano ja harmooni), Timo Myllykangas (kontrabasso) ja Petri Hakala (kitara). Sovitusapua sain Timo Alakotilalta ja projektiohjaajana sek\u00e4 musiikillisena tuottajana oli Kristiina Ilmonen. Demon nauhoittamisessa auttoi Timo V\u00e4\u00e4n\u00e4nen, ja varsinaisen single-CD:n \u00e4\u00e4nitti Janne Viksten.<\/p>\n<p>S\u00e4velt\u00e4minen ja sovittaminen olivat projektity\u00f6ni t\u00e4rkein osa. Niiden kautta hain kokemusta oman musiikillisen maailmani toteuttamisesta. Halusin my\u00f6s n\u00e4hd\u00e4 mink\u00e4laisen soololevyn saisin aikaiseksi. S\u00e4vellysten ty\u00f6st\u00e4miseen sain ohjausta oppitunneilla ja avustajien kanssa ty\u00f6skennelless\u00e4. Oman musiikin tekemisen my\u00f6t\u00e4 sain varmuutta muusikkona olemiseeni. T\u00e4m\u00e4n ty\u00f6jakson aikana sain paljon uusia musiikillisia ideoita ja voimakkaan halun toteuttaa niit\u00e4. Lis\u00e4ksi opin arvostamaan enemm\u00e4n sek\u00e4 omia ett\u00e4 kollegojeni musiikillisia taitoja ja ymm\u00e4rt\u00e4m\u00e4\u00e4n syvemmin sit\u00e4 persoonallista panosta, jonka muusikko pystyy ty\u00f6skennelless\u00e4\u00e4n toisille antamaan.<\/p>\n<h2>Sis\u00e4llysluettelo<\/h2>\n<dl>\n<dt><strong>1 Johdanto<\/strong><\/dt>\n<dt>1.1 Aikaisempi kokemus<\/dt>\n<dt>1.2 Alkuper\u00e4inen suunnitelma<\/dt>\n<dt>1.3 Projektin kehykset<\/dt>\n<dd>1.3.1 Aikataulu ja lukuj\u00e4rjestys<\/dd>\n<dd>1.3.2 Ty\u00f6ryhm\u00e4<\/dd>\n<\/dl>\n<p>&nbsp;<\/p>\n<dl>\n<dt><strong>2 Toteutus<\/strong><\/dt>\n<dt>2.1 Kokonaisuuden hahmottaminen<\/dt>\n<dt>2.2 Demo<\/dt>\n<dt>2.3 S\u00e4velt\u00e4minen ja sovittaminen<\/dt>\n<dd>2.3.1 Yleist\u00e4<\/dd>\n<dd>2.3.2 Aiemmin s\u00e4velletyt kappaleet<\/dd>\n<dd>2.3.3 Uudet kappaleet<\/dd>\n<dt>2.4 Harjoitukset ja oppitunnit<\/dt>\n<dd>2.4.1 Oma harjoittelu<\/dd>\n<dd>2.4.2 Yhteisharjoitukset<\/dd>\n<dd>2.4.3 Sovitustunnit<\/dd>\n<dd>2.4.4 \u00c4\u00e4nenk\u00e4ytt\u00f6tunnit<\/dd>\n<dd>2.4.5 Viulutunnit<\/dd>\n<dt>2.5 Pohdiskeleminen ja musiikillinen kasvu<\/dt>\n<dt>2.6 Inspiraatiokato ja masennus<\/dt>\n<dt>2.7 \u00c4\u00e4nitys ja tyhj\u00e4 olo<\/dt>\n<dt>2.8 Kuunteleminen ja miksaus<\/dt>\n<\/dl>\n<p>&nbsp;<\/p>\n<dl>\n<dt><strong>3 Yhteenveto<\/strong><\/dt>\n<dt>3.1 Musiikki<\/dt>\n<dt>3.2 Muusikko<\/dt>\n<\/dl>\n<p>&nbsp;<\/p>\n<dl>\n<dt><strong>4 Liitteet<\/strong><\/dt>\n<dt>4.1 Nuotit<\/dt>\n<dt>4.2 Studiokaavio<\/dt>\n<dt>4.3 P\u00e4iv\u00e4kirjamerkint\u00f6j\u00e4<\/dt>\n<\/dl>\n<p><em>Ty\u00f6h\u00f6n liittyv\u00e4 single-CD kansanmusiikin aineryhm\u00e4n arkistoissa<\/em><\/p>","protected":false},"excerpt":{"rendered":"<p>Projektity\u00f6<br \/>\nTaideyliopiston Sibelius-Akatemia<br \/>\nKansanmusiikin aineryhm\u00e4<br \/>\n1998<\/p>","protected":false},"featured_media":0,"comment_status":"closed","ping_status":"closed","template":"","meta":{"_acf_changed":false},"product_brand":[],"product_cat":[81,76],"product_tag":[],"class_list":{"0":"post-2315","1":"product","2":"type-product","3":"status-publish","5":"product_cat-maisteriopinnot","6":"product_cat-opinnaytteet","8":"first","9":"instock","10":"shipping-taxable","11":"product-type-simple"},"acf":[],"_links":{"self":[{"href":"https:\/\/etno.net\/en\/wp-json\/wp\/v2\/product\/2315","targetHints":{"allow":["GET"]}}],"collection":[{"href":"https:\/\/etno.net\/en\/wp-json\/wp\/v2\/product"}],"about":[{"href":"https:\/\/etno.net\/en\/wp-json\/wp\/v2\/types\/product"}],"replies":[{"embeddable":true,"href":"https:\/\/etno.net\/en\/wp-json\/wp\/v2\/comments?post=2315"}],"wp:attachment":[{"href":"https:\/\/etno.net\/en\/wp-json\/wp\/v2\/media?parent=2315"}],"wp:term":[{"taxonomy":"product_brand","embeddable":true,"href":"https:\/\/etno.net\/en\/wp-json\/wp\/v2\/product_brand?post=2315"},{"taxonomy":"product_cat","embeddable":true,"href":"https:\/\/etno.net\/en\/wp-json\/wp\/v2\/product_cat?post=2315"},{"taxonomy":"product_tag","embeddable":true,"href":"https:\/\/etno.net\/en\/wp-json\/wp\/v2\/product_tag?post=2315"}],"curies":[{"name":"wp","href":"https:\/\/api.w.org\/{rel}","templated":true}]}}