{"id":2437,"date":"2021-03-03T11:22:05","date_gmt":"2021-03-03T09:22:05","guid":{"rendered":"https:\/\/etno.net\/?post_type=product&#038;p=2437"},"modified":"2021-03-03T11:24:52","modified_gmt":"2021-03-03T09:24:52","slug":"vapaakirkko-sinfonietta-uskon-asia","status":"publish","type":"product","link":"https:\/\/etno.net\/en\/julkaisu\/opinnaytteet\/maisteriopinnot\/vapaakirkko-sinfonietta-uskon-asia","title":{"rendered":"Vapaakirkko Sinfonietta &#8211; uskon asia"},"content":{"rendered":"<h2>Tiivistelm\u00e4<\/h2>\n<p>Taiteellinen projektini koostuu CD-levyst\u00e4, jonka tein johtamani Vapaakirkko Sinfonietan kanssa sek\u00e4 kirjallisesta osuudesta, jossa k\u00e4sittelen kyseisen orkesterin musiikillisessa kehitt\u00e4misess\u00e4 ilmenneit\u00e4 ongelmia. \u00c4\u00e4nitteen,\u00a0<em>Rauhan maa<\/em>\u00a0(POYCD 182), on julkaissut P\u00e4iv\u00e4 Oy.<\/p>\n<p>Vapaakirkko Sinfonietta on Suomen Vapaakirkon yhteydess\u00e4 toimiva orkesteri, jonka p\u00e4\u00e4m\u00e4\u00e4r\u00e4n\u00e4 on lis\u00e4t\u00e4 uskonnon merkityst\u00e4 soittajiensa el\u00e4m\u00e4ss\u00e4. Suurin osa soittajista on Vapaakirkon j\u00e4seni\u00e4, mutta Vapaakirkkoon kuuluminen ei ole edellytys orkesterissa soittamiseen. Aktiivisesti orkesterin toimintaan osallistuu n. 35 soittajaa, joista valtaosa soittaa jousisoittimia. Puhaltimia soittaa n. 10 soittajaa. Orkesterin ohjelmisto koostuu etup\u00e4\u00e4ss\u00e4 ns. perinteisest\u00e4 vapaakirkollisesta musiikista ja negrospirituaaleista. Orkesteri soittaa my\u00f6s klassista musiikkia.<\/p>\n<p>Olen johtanut Vapaakirkko Sinfoniettaa kes\u00e4st\u00e4 1996 l\u00e4htien. Saman vuoden syksyst\u00e4 l\u00e4htien olen ollut taiteellisessa vastuussa orkesterista. Aika, jonka olen ollut orkesterin johtajana, on osoittanut, ett\u00e4 lyhyell\u00e4 t\u00e4ht\u00e4imell\u00e4 Vapaakirkko Sinfonietan taiteellista tasoa on hyvin vaikea nostaa. Orkesterin hengelliset p\u00e4\u00e4m\u00e4\u00e4r\u00e4t, jotka ovat orkesterin toiminnan edellytys, tuovat mukanaan musiikilliselta kannalta katsottuna ongelmia, joihin on vaikea l\u00f6yt\u00e4\u00e4 ratkaisuja. Musiikillinen kehitt\u00e4minen onkin tasapainottelua hengellisten ja musiikillisten arvojen v\u00e4lill\u00e4.<\/p>\n<p>Soittajien motivaation puute on osoittautunut suurimmaksi ongelmaksi Sinfonietan toiminnassa. Motivaation puute aiheuttaa vaikeuksia kaikilla orkesterin toiminnan osa-alueilla, my\u00f6s hengellisess\u00e4 toiminnassa. Ratkaisuja motivaation puutteeseen eik\u00e4 muihinkaan havaittuihin ongelmiin ei ole l\u00f6ytynyt sin\u00e4 aikana, jonka olen orkesterin kanssa ty\u00f6skennellyt. Kirjallisen ty\u00f6n merkitys onkin ollut pys\u00e4hty\u00e4 ajattelemaan ja erittelem\u00e4\u00e4n ongelmakentt\u00e4\u00e4 ja l\u00f6yt\u00e4\u00e4 uusia ratkaisumahdollisuuksia havaittuihin ongelmiin.<\/p>\n<h2>Sis\u00e4llysluettelo<\/h2>\n<dl>\n<dt>Johdanto<\/dt>\n<dt>Musiikkia aatteen puolesta<\/dt>\n<dt>Suomen Vapaakirkko ja Vapaakirkko Sinfonietta<\/dt>\n<dd>\u00a0 \u00a0 \u00a0 \u00a0 Vapaan kristillisyyden periaate<\/dd>\n<dd>\u00a0 \u00a0 \u00a0 \u00a0 Suomen Vapaakirkko<\/dd>\n<dd>\u00a0 \u00a0 \u00a0 \u00a0 Vapaakirkon musiikkiel\u00e4m\u00e4<\/dd>\n<dd>\u00a0 \u00a0 \u00a0 \u00a0 Vapaakirkko Sinfonietta<\/dd>\n<dt>Vapaakirkko Sinfonietta &#8211; ongelmia ja ratkaisumalleja<\/dt>\n<dd>Lauluja menneest\u00e4<\/dd>\n<dd>\u00a0 \u00a0 \u00a0 \u00a0 Soittajiston ongelmia (jouset, puhaltajat, motivaatio)<\/dd>\n<dd>\u00a0 \u00a0 \u00a0 \u00a0 Ohjelmistoon liittyvi\u00e4 ongelmia<\/dd>\n<dd>\u00a0 \u00a0 \u00a0 \u00a0 Yhdistyksen ongelmia<\/dd>\n<dd>Lauluja tulevasta<\/dd>\n<dd>\u00a0 \u00a0 \u00a0 \u00a0 Soittajiston ongelmien ratkaisuja (jouset, puhaltajat, motivaatio)<\/dd>\n<dd>\u00a0 \u00a0 \u00a0 \u00a0 Ohjelmiston ongelmien ratkaisuja<\/dd>\n<dd>\u00a0 \u00a0 \u00a0 \u00a0 Yhdistyksen ongelmien ratkaisuja<\/dd>\n<dt>Johtop\u00e4\u00e4t\u00f6kset<\/dt>\n<dt>L\u00e4hteet<\/dt>\n<\/dl>\n<p><em>Ty\u00f6n CD-liite kansanmusiikin aineryhm\u00e4n arkistoissa<\/em><\/p>","protected":false},"excerpt":{"rendered":"<p>Projektity\u00f6<br \/>\nTaideyliopiston Sibelius-Akatemia<br \/>\nKansanmusiikin aineryhm\u00e4<br \/>\n1999<\/p>","protected":false},"featured_media":0,"comment_status":"closed","ping_status":"closed","template":"","meta":{"_acf_changed":false},"product_brand":[],"product_cat":[81,76],"product_tag":[],"class_list":{"0":"post-2437","1":"product","2":"type-product","3":"status-publish","5":"product_cat-maisteriopinnot","6":"product_cat-opinnaytteet","8":"first","9":"instock","10":"shipping-taxable","11":"product-type-simple"},"acf":[],"_links":{"self":[{"href":"https:\/\/etno.net\/en\/wp-json\/wp\/v2\/product\/2437","targetHints":{"allow":["GET"]}}],"collection":[{"href":"https:\/\/etno.net\/en\/wp-json\/wp\/v2\/product"}],"about":[{"href":"https:\/\/etno.net\/en\/wp-json\/wp\/v2\/types\/product"}],"replies":[{"embeddable":true,"href":"https:\/\/etno.net\/en\/wp-json\/wp\/v2\/comments?post=2437"}],"wp:attachment":[{"href":"https:\/\/etno.net\/en\/wp-json\/wp\/v2\/media?parent=2437"}],"wp:term":[{"taxonomy":"product_brand","embeddable":true,"href":"https:\/\/etno.net\/en\/wp-json\/wp\/v2\/product_brand?post=2437"},{"taxonomy":"product_cat","embeddable":true,"href":"https:\/\/etno.net\/en\/wp-json\/wp\/v2\/product_cat?post=2437"},{"taxonomy":"product_tag","embeddable":true,"href":"https:\/\/etno.net\/en\/wp-json\/wp\/v2\/product_tag?post=2437"}],"curies":[{"name":"wp","href":"https:\/\/api.w.org\/{rel}","templated":true}]}}