{"id":2438,"date":"2021-03-03T11:23:59","date_gmt":"2021-03-03T09:23:59","guid":{"rendered":"https:\/\/etno.net\/?post_type=product&#038;p=2438"},"modified":"2021-03-03T11:24:10","modified_gmt":"2021-03-03T09:24:10","slug":"kun-puut-huojuvat-muusikko-aaniteprojektin-monissa-rooleissa","status":"publish","type":"product","link":"https:\/\/etno.net\/en\/julkaisu\/opinnaytteet\/maisteriopinnot\/kun-puut-huojuvat-muusikko-aaniteprojektin-monissa-rooleissa","title":{"rendered":"Kun puut huojuvat &#8211; Muusikko \u00e4\u00e4niteprojektin monissa rooleissa"},"content":{"rendered":"<h2>Tiivistelm\u00e4<\/h2>\n<p>Olin suunnittelemassa ja toteuttamassa vuonna 1999 julkaistua cd-levy\u00e4\u00a0<em>Janne Behm yst\u00e4vineen \u2013 Kun puut huojuvat.<\/em>\u00a0Toimin projektissa yst\u00e4v\u00e4ni, opettaja, lauluntekij\u00e4 ja muusikko Janne Behmin &#8221;oikeana k\u00e4ten\u00e4&#8221;. Levyn alkuper\u00e4inen idea oli tallentaa Jannen kappaleita kevyell\u00e4 tuotannolla. Matkan varrella projekti kuitenkin paisui sek\u00e4 taiteellisilta tavoitteiltaan ett\u00e4 ty\u00f6m\u00e4\u00e4r\u00e4lt\u00e4\u00e4n.<\/p>\n<p>Ty\u00f6ni kirjallisessa osassa kertaan levyn tekemiseen liittyvi\u00e4 vaiheita. Mukana on p\u00e4iv\u00e4kirjanomaisia kuvauksia levytystapahtumasta sek\u00e4 analyyttist\u00e4 pohdintaa omasta roolistani muusikkona, sovittajana, tuottajana ja \u00e4\u00e4nitt\u00e4j\u00e4n\u00e4.<\/p>\n<p>Taiteellisen osuuden lopputulos on taltioituna liitteen\u00e4 olevalle cd-levylle. Sen syntyvaiheisiin sis\u00e4ltyi monia taiteellisia ja tuotannollisia haasteita. Toimiminen saman aikaisesti monessa roolissa oli vaativaa ja ty\u00f6l\u00e4st\u00e4, mutta antoi my\u00f6s aineksia oman muusikko-min\u00e4n kehitt\u00e4miseen. Taiteellisen osuuden tarkastelu johti soittamisen ja sovittamisen entist\u00e4 syvemp\u00e4\u00e4n pohtimiseen. Osa kokemuksista on kirjattavissa, osa on siirtynyt suoraan soittoon, musiikilliseksi p\u00e4\u00e4omaksi.<\/p>\n<h2>Sis\u00e4llysluettelo<\/h2>\n<dl>\n<dt><strong>1 Alkuasetelma <\/strong><\/dt>\n<\/dl>\n<p>&nbsp;<\/p>\n<dl>\n<dt><strong>2 Tavoite <\/strong><\/dt>\n<\/dl>\n<p>&nbsp;<\/p>\n<dl>\n<dt><strong>3 Projektin toteutus <\/strong><\/dt>\n<dt>3.1 \u00c4\u00e4nitys- ja muut j\u00e4rjestelyt<\/dt>\n<dt>3.2 Aikataulusta<\/dt>\n<dt>3.3 Oma osuus<\/dt>\n<dd>3.3.1 Muusikkous<\/dd>\n<dd>3.3.2 Tuottaminen<\/dd>\n<dd>3.3.3 Sovittaminen<\/dd>\n<dt>3.4 Kappalekohtaiset kuvaukset<\/dt>\n<dd>3.4.1 Saa etsi\u00e4<\/dd>\n<dd>3.4.2 Kukkarossa, k\u00e4sivarsilla<\/dd>\n<dd>3.4.3 Karavaani<\/dd>\n<dd>3.4.4 Sinun kukkasi ikkunalla<\/dd>\n<dd>3.4.5 Lauantaiaamuna<\/dd>\n<dd>3.4.6 Gringojen hymin\u00e4<\/dd>\n<dd>3.4.7 Viel\u00e4 kerran l\u00f6ytyv\u00e4t ne laulut<\/dd>\n<dd>3.4.8 Resuinen paita<\/dd>\n<dd>3.4.9 Iloa t\u00e4ynn\u00e4, surua puolillaan<\/dd>\n<dd>3.4.10 Kappelissa<\/dd>\n<\/dl>\n<p>&nbsp;<\/p>\n<dl>\n<dt><strong>4 Johtop\u00e4\u00e4t\u00f6kset <\/strong><\/dt>\n<\/dl>\n<p>&nbsp;<\/p>\n<dl>\n<dt><strong>Liitteet <\/strong><\/dt>\n<\/dl>\n<p>Liite, CD: <em>Janne Behm yst\u00e4vineen: Kun puut huojuvat<\/em><\/p>","protected":false},"excerpt":{"rendered":"<p>Projektity\u00f6<br \/>\nTaideyliopiston Sibelius-Akatemia<br \/>\nKansanmusiikin Aineryhm\u00e4<br \/>\n1999<\/p>","protected":false},"featured_media":0,"comment_status":"closed","ping_status":"closed","template":"","meta":{"_acf_changed":false},"product_brand":[],"product_cat":[81,76],"product_tag":[],"class_list":{"0":"post-2438","1":"product","2":"type-product","3":"status-publish","5":"product_cat-maisteriopinnot","6":"product_cat-opinnaytteet","8":"first","9":"instock","10":"shipping-taxable","11":"product-type-simple"},"acf":[],"_links":{"self":[{"href":"https:\/\/etno.net\/en\/wp-json\/wp\/v2\/product\/2438","targetHints":{"allow":["GET"]}}],"collection":[{"href":"https:\/\/etno.net\/en\/wp-json\/wp\/v2\/product"}],"about":[{"href":"https:\/\/etno.net\/en\/wp-json\/wp\/v2\/types\/product"}],"replies":[{"embeddable":true,"href":"https:\/\/etno.net\/en\/wp-json\/wp\/v2\/comments?post=2438"}],"wp:attachment":[{"href":"https:\/\/etno.net\/en\/wp-json\/wp\/v2\/media?parent=2438"}],"wp:term":[{"taxonomy":"product_brand","embeddable":true,"href":"https:\/\/etno.net\/en\/wp-json\/wp\/v2\/product_brand?post=2438"},{"taxonomy":"product_cat","embeddable":true,"href":"https:\/\/etno.net\/en\/wp-json\/wp\/v2\/product_cat?post=2438"},{"taxonomy":"product_tag","embeddable":true,"href":"https:\/\/etno.net\/en\/wp-json\/wp\/v2\/product_tag?post=2438"}],"curies":[{"name":"wp","href":"https:\/\/api.w.org\/{rel}","templated":true}]}}