{"id":2441,"date":"2021-03-03T12:01:05","date_gmt":"2021-03-03T10:01:05","guid":{"rendered":"https:\/\/etno.net\/?post_type=product&#038;p=2441"},"modified":"2021-03-03T12:01:05","modified_gmt":"2021-03-03T10:01:05","slug":"paluu-improvisaatio-ja-tietoiset-tunnekokemukset-muusikkouteni-kehityksessa","status":"publish","type":"product","link":"https:\/\/etno.net\/en\/julkaisu\/opinnaytteet\/maisteriopinnot\/paluu-improvisaatio-ja-tietoiset-tunnekokemukset-muusikkouteni-kehityksessa","title":{"rendered":"Paluu &#8211; improvisaatio ja tietoiset tunnekokemukset muusikkouteni kehityksess\u00e4"},"content":{"rendered":"<h2>Tiivistelm\u00e4<\/h2>\n<p>Projektini kirjallinen ty\u00f6 k\u00e4sittelee muusikkouteni kehityst\u00e4. Kirjalliseen ty\u00f6h\u00f6n liittyy kaksi cd-levy\u00e4, joista toinen on tehty Intiimi\u00e4 ajatustenlukua -tanssiteoksen musiikista ja toinen on koottu t\u00e4t\u00e4 ty\u00f6t\u00e4 varten. Kokoelma-cd:ll\u00e4 on \u00e4\u00e4nityksi\u00e4 muusikon urani varrelta vuosilta 1991-99.<\/p>\n<p>Kirjallisessa ty\u00f6ss\u00e4 kerron millaiseen koulutukseen ja millaisiin taiteellisiin projekteihin olen hakeutunut vahvistaakseni improvisaatiotaitojani, tietoisten tunnekokemusten l\u00f6yt\u00e4mist\u00e4 ja erityisesti n\u00e4iden kahden yhdist\u00e4mist\u00e4. Alkupuolella kuvailen hetki\u00e4, jolloin muistan oivaltaneeni t\u00e4rkeit\u00e4 asioita muusikkoudestani. Ty\u00f6n loppupuolella syvennyt\u00e4\u00e4n Paluu-kappaleen kautta t\u00e4m\u00e4nhetkiseen musiikki-ihanteeseeni pit\u00e4\u00e4 s\u00e4vellys niin v\u00e4lj\u00e4n\u00e4, ett\u00e4 se sallii esitt\u00e4j\u00e4n kuunnella sisint\u00e4\u00e4n ja tuottaa uusia aineksia musiikkiin joka kerta. lopuksi kerron kuinka olen perustellut itselleni juuri oman muusikkouteni t\u00e4rkeyden.<\/p>\n<p>Kaikesta huolimatta t\u00e4rkeint\u00e4 on kuitenkin el\u00e4m\u00e4.<\/p>\n<h2>Sis\u00e4llysluettelo<\/h2>\n<dl>\n<dt><strong>Johdanto<\/strong><\/dt>\n<\/dl>\n<p>&nbsp;<\/p>\n<dl>\n<dt><strong>Oivalluksen hetket<\/strong><\/dt>\n<dt>Musiikillinen tausta<\/dt>\n<dt>Improvisaatio ja tietoiset tunnekokemukset<\/dt>\n<dd>Elina Str\u00f6m<\/dd>\n<dd>Heikki Laitinen<\/dd>\n<dd>Kari V\u00e4\u00e4n\u00e4nen<\/dd>\n<dd>Marie Selander<\/dd>\n<dd>Lemmink\u00e4isen virsi<\/dd>\n<dd>P\u00e4\u00e4instrumentti 2-tutkinto<\/dd>\n<dd>Equus<\/dd>\n<dd>Jouhikko ja nainen<\/dd>\n<dd>Improvisaatio- ja ilmaisuperiodi<\/dd>\n<dd>Kontakti-improvisaatiokurssi<\/dd>\n<dd>Intiimi\u00e4 ajatustenlukua ja Alexander-tekniikka<\/dd>\n<dd>Aino Viinikka<\/dd>\n<\/dl>\n<p>&nbsp;<\/p>\n<dl>\n<dt><strong>Paluu<\/strong><\/dt>\n<dd>Synty<\/dd>\n<dd>Kehys<\/dd>\n<dd>Muoto, ajatus, tarve<\/dd>\n<\/dl>\n<p>&nbsp;<\/p>\n<dl>\n<dt><strong>Yhteenvetoa<\/strong><\/dt>\n<dd>Ydin<\/dd>\n<dd>Tie<\/dd>\n<dd>Lopuksi<\/dd>\n<\/dl>\n<p>&nbsp;<\/p>\n<dl>\n<dt>Liitteiden sis\u00e4llysluettelo<\/dt>\n<\/dl>\n<p>&nbsp;<\/p>\n<dl>\n<dt>Liitteet 1-11<\/dt>\n<\/dl>\n<p>&nbsp;<\/p>\n<dl>\n<dt>Liite 12: Kokoelma-cd:n sis\u00e4lt\u00f6<\/dt>\n<\/dl>","protected":false},"excerpt":{"rendered":"<p>Projektity\u00f6<br \/>\nTaideyliopiston Sibelius-Akatemia<br \/>\nKansanmusiikin aineryhm\u00e4<br \/>\n1999<\/p>","protected":false},"featured_media":0,"comment_status":"closed","ping_status":"closed","template":"","meta":{"_acf_changed":false},"product_brand":[],"product_cat":[81,76],"product_tag":[],"class_list":{"0":"post-2441","1":"product","2":"type-product","3":"status-publish","5":"product_cat-maisteriopinnot","6":"product_cat-opinnaytteet","8":"first","9":"instock","10":"shipping-taxable","11":"product-type-simple"},"acf":[],"_links":{"self":[{"href":"https:\/\/etno.net\/en\/wp-json\/wp\/v2\/product\/2441","targetHints":{"allow":["GET"]}}],"collection":[{"href":"https:\/\/etno.net\/en\/wp-json\/wp\/v2\/product"}],"about":[{"href":"https:\/\/etno.net\/en\/wp-json\/wp\/v2\/types\/product"}],"replies":[{"embeddable":true,"href":"https:\/\/etno.net\/en\/wp-json\/wp\/v2\/comments?post=2441"}],"wp:attachment":[{"href":"https:\/\/etno.net\/en\/wp-json\/wp\/v2\/media?parent=2441"}],"wp:term":[{"taxonomy":"product_brand","embeddable":true,"href":"https:\/\/etno.net\/en\/wp-json\/wp\/v2\/product_brand?post=2441"},{"taxonomy":"product_cat","embeddable":true,"href":"https:\/\/etno.net\/en\/wp-json\/wp\/v2\/product_cat?post=2441"},{"taxonomy":"product_tag","embeddable":true,"href":"https:\/\/etno.net\/en\/wp-json\/wp\/v2\/product_tag?post=2441"}],"curies":[{"name":"wp","href":"https:\/\/api.w.org\/{rel}","templated":true}]}}