{"id":2442,"date":"2021-03-03T12:02:29","date_gmt":"2021-03-03T10:02:29","guid":{"rendered":"https:\/\/etno.net\/?post_type=product&#038;p=2442"},"modified":"2021-03-03T12:02:30","modified_gmt":"2021-03-03T10:02:30","slug":"musiikkia-tanssiteokseen-intiimia-ajatustenlukua","status":"publish","type":"product","link":"https:\/\/etno.net\/en\/julkaisu\/opinnaytteet\/maisteriopinnot\/musiikkia-tanssiteokseen-intiimia-ajatustenlukua","title":{"rendered":"Musiikkia tanssiteokseen Intiimi\u00e4 ajatustenlukua"},"content":{"rendered":"<h2>Tiivistelm\u00e4<\/h2>\n<p>Taiteellinen projektity\u00f6ni oli nykytanssiesityksen <em>Intiimi\u00e4 ajatustenlukua<\/em> musiikin s\u00e4vellysty\u00f6 ja esitt\u00e4minen yhdess\u00e4 muusikko Outi Pulkkisen kanssa. Esityst\u00e4 harjoiteltiin ja tehtiin noin kolme kuukautta, ja se esitettiin 12 kertaa maalis-huhtikuussa 1999 Helsingin Kaapelitehtaalla Uuden tanssin keskus Zodiakissa. Kirjallisessa ty\u00f6ss\u00e4 kuvaan teoksen syntyprosessia, harjoittelua, s\u00e4vellysty\u00f6t\u00e4 ja esityksi\u00e4 muusikon n\u00e4k\u00f6kulmasta.<\/p>\n<p>Teoksen ohjasi koreografi Soile Lahdenper\u00e4. H\u00e4nen ty\u00f6skentelytapansa on improvisaatiol\u00e4ht\u00f6inen, eli esityksen tanssillisia ja musiikillisia elementtej\u00e4 haettiin yhteisten improvisaatioharjoitusten kautta. Yhteisen harjoitusprosessin edistyess\u00e4 hylk\u00e4sin perinteisen s\u00e4velt\u00e4j\u00e4-ajattelun, jossa s\u00e4velt\u00e4isin musiikin yksin kotonani. Totesin, ett\u00e4 harjoituksissa musiikin ja tanssin vuorovaikutuksessa syntynyt musiikki el\u00e4\u00e4 kiinte\u00e4mm\u00e4ss\u00e4 yhteydess\u00e4 tanssiin ja palvelee lopullista esityst\u00e4 paremmin. Teoksen my\u00f6t\u00e4 improvisaatio s\u00e4velt\u00e4j\u00e4n ty\u00f6kaluna nousi yh\u00e4 t\u00e4rke\u00e4mp\u00e4\u00e4n asemaan minulle.<\/p>\n<p>Soile Lahdenper\u00e4 on my\u00f6s Alexander-tekniikan opettaja, ja t\u00e4m\u00e4 n\u00e4kyi, kuului ja tuntui h\u00e4nen ohjausty\u00f6ss\u00e4\u00e4n. Kaikki ty\u00f6ryhm\u00e4n j\u00e4senet saivat Lahdenper\u00e4lt\u00e4 Alexander-tekniikan ohjausta, ja t\u00e4m\u00e4 vaikutti minuun muusikkona suuresti. Alexander-tekniikan avulla opin tuntemaan ja hallitsemaan fyysist\u00e4 olemustani paremmin, ja el\u00e4m\u00e4\u00e4n j\u00e4i ajatus nimenomaan muusikkouteni fyysisen puolen ja liikkumisen edelleen kehitt\u00e4misest\u00e4.<\/p>\n<p>T\u00e4rke\u00e4 kokemus teoksessa oli nykytanssin abstraktin liikeilmaisun ja musiikin v\u00e4lisen suhteen ymm\u00e4rt\u00e4minen. Musiikilla ja liikkeell\u00e4 rakennettiin moniselitteisi\u00e4 hetki\u00e4, jotka jokainen katsoja kokee eri tavalla oman kokemusmaailmansa pohjalta. Lis\u00e4ksi pohdin projektin kuluessa pitk\u00e4j\u00e4nnitteisen projektity\u00f6skentelyn ja p\u00e4tkitt\u00e4isen free lance -muusikkouden v\u00e4lisi\u00e4 eroja.<\/p>\n<h2>Sis\u00e4llysluettelo<\/h2>\n<ol>\n<li>Taustaa<\/li>\n<li>Harjoittelu, henkinen anti ja raha<\/li>\n<li>Mit\u00e4 koreografi haluaa musiikilta?<\/li>\n<li>Miten musiikkia todellisuudessa tehtiin; osa I<\/li>\n<li>Miten musiikkia todellisuudessa tehtiin; osa II<\/li>\n<li>Erilaisia ihmisi\u00e4 &#8211; ammattilaisia?<\/li>\n<li>Yksi yhteen &#8211; vastaan<\/li>\n<li>Muusikot lavalla ja liikkeess\u00e4<\/li>\n<li>Tekniikka jyll\u00e4\u00e4<\/li>\n<li>Tehd\u00e4\u00e4np\u00e4 samantien levy<\/li>\n<li>Pieni levynteon filosofia<\/li>\n<li>Pieni levynteon pikakurssi<\/li>\n<li>Esityksist\u00e4<\/li>\n<li>Mit\u00e4 t\u00e4st\u00e4 opimme?<\/li>\n<li>Liitteet<\/li>\n<\/ol>","protected":false},"excerpt":{"rendered":"<p>Projektity\u00f6<br \/>\nTaideyliopiston Sibelius-Akatemia<br \/>\nKansanmusiikin aineryhm\u00e4<br \/>\n1999<\/p>","protected":false},"featured_media":0,"comment_status":"closed","ping_status":"closed","template":"","meta":{"_acf_changed":false},"product_brand":[],"product_cat":[81,76],"product_tag":[],"class_list":{"0":"post-2442","1":"product","2":"type-product","3":"status-publish","5":"product_cat-maisteriopinnot","6":"product_cat-opinnaytteet","8":"first","9":"instock","10":"shipping-taxable","11":"product-type-simple"},"acf":[],"_links":{"self":[{"href":"https:\/\/etno.net\/en\/wp-json\/wp\/v2\/product\/2442","targetHints":{"allow":["GET"]}}],"collection":[{"href":"https:\/\/etno.net\/en\/wp-json\/wp\/v2\/product"}],"about":[{"href":"https:\/\/etno.net\/en\/wp-json\/wp\/v2\/types\/product"}],"replies":[{"embeddable":true,"href":"https:\/\/etno.net\/en\/wp-json\/wp\/v2\/comments?post=2442"}],"wp:attachment":[{"href":"https:\/\/etno.net\/en\/wp-json\/wp\/v2\/media?parent=2442"}],"wp:term":[{"taxonomy":"product_brand","embeddable":true,"href":"https:\/\/etno.net\/en\/wp-json\/wp\/v2\/product_brand?post=2442"},{"taxonomy":"product_cat","embeddable":true,"href":"https:\/\/etno.net\/en\/wp-json\/wp\/v2\/product_cat?post=2442"},{"taxonomy":"product_tag","embeddable":true,"href":"https:\/\/etno.net\/en\/wp-json\/wp\/v2\/product_tag?post=2442"}],"curies":[{"name":"wp","href":"https:\/\/api.w.org\/{rel}","templated":true}]}}