{"id":2443,"date":"2021-03-03T12:04:53","date_gmt":"2021-03-03T10:04:53","guid":{"rendered":"https:\/\/etno.net\/?post_type=product&#038;p=2443"},"modified":"2021-03-03T12:04:53","modified_gmt":"2021-03-03T10:04:53","slug":"viileri-aanilevy-multimedia","status":"publish","type":"product","link":"https:\/\/etno.net\/en\/julkaisu\/opinnaytteet\/maisteriopinnot\/viileri-aanilevy-multimedia","title":{"rendered":"Viileri &#8211; \u00e4\u00e4nilevy-multimedia"},"content":{"rendered":"<h2>Tiivistelm\u00e4<\/h2>\n<p>Projektini taiteellinen ty\u00f6 on multimediaosuuden sis\u00e4lt\u00e4v\u00e4 Viileri cd-levy. T\u00e4ss\u00e4 kirjallisessa ty\u00f6ss\u00e4 pohdin \u00e4\u00e4nitteen oheen liitetyn multimedian mahdollisuuksia ja antia muusikon kannalta. K\u00e4yn lyhyesti l\u00e4pi kokemuksiani multimedian ja \u00e4\u00e4nitteen tekemiseen liittyvist\u00e4 ty\u00f6vaiheista.<\/p>\n<p>Mielest\u00e4ni multimedia tarjoaa hyv\u00e4t mahdollisuudet liitt\u00e4\u00e4 cd-levyn oheen esittelytekstej\u00e4, edustuskuvia ja laajojakin taustatietoja. Multimediaesitys on kuitenkin j\u00e4rkev\u00e4\u00e4 rajata k\u00e4ytett\u00e4viss\u00e4 olevan ajan, ammattitaidon ja taloudellisten resurssien mukaan.<\/p>\n<h2>Sis\u00e4llysluettelo<\/h2>\n<dl>\n<dt><strong>1. L\u00e4ht\u00f6kohta &#8211; multimedia projektina<\/strong><\/dt>\n<\/dl>\n<p>&nbsp;<\/p>\n<dl>\n<dt><strong>2. Multimedian ty\u00f6vaiheita<\/strong><\/dt>\n<dt>2.1 Teksti<\/dt>\n<dt>2.2 Multimediaosuuden rakenteen ja sis\u00e4ll\u00f6n valinta<\/dt>\n<dt>2.3 Tietojen ker\u00e4\u00e4minen<\/dt>\n<dt>2.4 Tietojen ja kielen tarkistaminen<\/dt>\n<dt>2.5 K\u00e4\u00e4nn\u00f6kset<\/dt>\n<dt>2.6 Kirjasimet<\/dt>\n<dt>2.7 Oikoluku<\/dt>\n<dt>2.8 K\u00e4sikirjoitus ja rakenne<\/dt>\n<dt>2.9 Visuaalinen asu<\/dt>\n<dt>2.10 Ohjelmointi<\/dt>\n<dt>2.11 Windows 95 -k\u00e4\u00e4nn\u00f6s<\/dt>\n<dt>2.12 Testaus<\/dt>\n<dt>2.13 Ohjetekstien kirjoittaminen<\/dt>\n<\/dl>\n<p>&nbsp;<\/p>\n<dl>\n<dt><strong>3. Ohjelmat<\/strong><\/dt>\n<dt>3.1 Philip Donnerin ohjelma<\/dt>\n<dt>3.2 Hyper Studio<\/dt>\n<dt>3.3 Director 6.02<\/dt>\n<dd>3.3.1 Perustaso<\/dd>\n<dd>3.3.2 Lingo<\/dd>\n<dd>3.3.3 Lis\u00e4osat (ekstra tai &#8221;plug-in&#8221;)<\/dd>\n<\/dl>\n<p>&nbsp;<\/p>\n<dl>\n<dt><strong>4. \u00c4\u00e4nilevyn ty\u00f6vaiheita<\/strong><\/dt>\n<dt>4.1 Kappaleiden valinta<\/dt>\n<dt>4.2 Sointien haku<\/dt>\n<dt>4.3 \u00c4\u00e4nitys<\/dt>\n<dt>4.4 Leikkaus<\/dt>\n<dt>4.5 Miksaus<\/dt>\n<dt>4.6 Ruokailu<\/dt>\n<dt>4.7 Kappalej\u00e4rjestys<\/dt>\n<dt>4.8 Masterointi<\/dt>\n<dt>4.9 Kansitekstit<\/dt>\n<dt>4.10 Valokuvat kantta varten<\/dt>\n<\/dl>\n<p>&nbsp;<\/p>\n<dl>\n<dt><strong>5. Yhteydet levy-yhti\u00f6\u00f6n<\/strong><\/dt>\n<dt>5.1 Mipu<\/dt>\n<dt>5.2 Finlandia<\/dt>\n<\/dl>\n<p>&nbsp;<\/p>\n<dl>\n<dt><strong>6. Apurahat<\/strong><\/dt>\n<dt>6.1 ESEK<\/dt>\n<dt>6.2 Kalevala Korun Kulttuuris\u00e4\u00e4ti\u00f6<\/dt>\n<dt>6.3 Kanteleprojekti<\/dt>\n<\/dl>\n<p>&nbsp;<\/p>\n<dl>\n<dt><strong>7. Multimedia-\u00e4\u00e4nilevy muusikon kannalta<\/strong><\/dt>\n<\/dl>","protected":false},"excerpt":{"rendered":"<p>Tiivistelm\u00e4 Projektini taiteellinen ty\u00f6 on multimediaosuuden sis\u00e4lt\u00e4v\u00e4 Viileri cd-levy. T\u00e4ss\u00e4 kirjallisessa ty\u00f6ss\u00e4 pohdin \u00e4\u00e4nitteen oheen liitetyn multimedian mahdollisuuksia ja antia muusikon kannalta. K\u00e4yn lyhyesti l\u00e4pi kokemuksiani multimedian ja \u00e4\u00e4nitteen tekemiseen liittyvist\u00e4 ty\u00f6vaiheista. Mielest\u00e4ni multimedia tarjoaa hyv\u00e4t mahdollisuudet liitt\u00e4\u00e4 cd-levyn oheen esittelytekstej\u00e4, edustuskuvia ja laajojakin taustatietoja. Multimediaesitys on kuitenkin j\u00e4rkev\u00e4\u00e4 rajata k\u00e4ytett\u00e4viss\u00e4 olevan ajan, ammattitaidon ja [&hellip;]<\/p>\n","protected":false},"featured_media":0,"comment_status":"closed","ping_status":"closed","template":"","meta":{"_acf_changed":false},"product_brand":[],"product_cat":[81,76],"product_tag":[],"class_list":{"0":"post-2443","1":"product","2":"type-product","3":"status-publish","5":"product_cat-maisteriopinnot","6":"product_cat-opinnaytteet","8":"first","9":"instock","10":"shipping-taxable","11":"product-type-simple"},"acf":[],"_links":{"self":[{"href":"https:\/\/etno.net\/en\/wp-json\/wp\/v2\/product\/2443","targetHints":{"allow":["GET"]}}],"collection":[{"href":"https:\/\/etno.net\/en\/wp-json\/wp\/v2\/product"}],"about":[{"href":"https:\/\/etno.net\/en\/wp-json\/wp\/v2\/types\/product"}],"replies":[{"embeddable":true,"href":"https:\/\/etno.net\/en\/wp-json\/wp\/v2\/comments?post=2443"}],"wp:attachment":[{"href":"https:\/\/etno.net\/en\/wp-json\/wp\/v2\/media?parent=2443"}],"wp:term":[{"taxonomy":"product_brand","embeddable":true,"href":"https:\/\/etno.net\/en\/wp-json\/wp\/v2\/product_brand?post=2443"},{"taxonomy":"product_cat","embeddable":true,"href":"https:\/\/etno.net\/en\/wp-json\/wp\/v2\/product_cat?post=2443"},{"taxonomy":"product_tag","embeddable":true,"href":"https:\/\/etno.net\/en\/wp-json\/wp\/v2\/product_tag?post=2443"}],"curies":[{"name":"wp","href":"https:\/\/api.w.org\/{rel}","templated":true}]}}