{"id":2445,"date":"2021-03-03T12:06:58","date_gmt":"2021-03-03T10:06:58","guid":{"rendered":"https:\/\/etno.net\/?post_type=product&#038;p=2445"},"modified":"2021-03-03T12:06:59","modified_gmt":"2021-03-03T10:06:59","slug":"tuli-menneisyyden-takaa-nykytanssiteoksen-musiikkimaailman-luominen","status":"publish","type":"product","link":"https:\/\/etno.net\/en\/julkaisu\/opinnaytteet\/maisteriopinnot\/tuli-menneisyyden-takaa-nykytanssiteoksen-musiikkimaailman-luominen","title":{"rendered":"Tuli Menneisyyden Takaa &#8211; nykytanssiteoksen musiikkimaailman luominen"},"content":{"rendered":"<h2>Tiivistelm\u00e4<\/h2>\n<p>Projektity\u00f6ni oli musiikin s\u00e4velt\u00e4minen Suomen Nuorisoseurojen Liiton (SNL) ja Pispalan Sottiisin tilaamaan Kansanmusiikin ja -tanssin vuoden produktioon Tuli Menneisyyden Takaa. Teos esitettiin 6.7.1996 keskiy\u00f6ll\u00e4 Pispalan Sottiisissa Tampereella Ratinan stadionin puistoalueella. Esiintyjin\u00e4 oli noin 200 tanssijaa ja 50 soittajaa, p\u00e4\u00e4asiassa SNL:n kansantanssiryhmist\u00e4. Koreografioiden tekij\u00f6in\u00e4 olivat Petri Hoppu, Petri Kauppinen, Pirjetta Mulari, Antti Savilampi sek\u00e4 Marjo Kuusela, joka toimi my\u00f6s teoksen taiteellisena johtajana. Projektia johti Aimo Hentinen SNL:sta.<\/p>\n<p>Teoksen taiteellisena ideana oli luoda subjektiivinen tulevaisuudenkuva maailmasta, jossa kehitys on pys\u00e4htynyt tai muuttanut suuntaa niin, ett\u00e4 tuloksena on toisaalta rappio, toisaalta kukoistus, toisaalta paluu menneisyyteen, toisaalta askel tulevaisuuteen. Esityksen inspiraatiot tulivat eri aikojen ja aikakausien kohtaamisista kaupungissa, kansantanssissa ja -musiikissa, mytologiassa, luonnossa, ihmisen omassa kehityksess\u00e4 jne. Esitys pyrki tarkastelemaan ihmisen ja luonnon suhdetta, mihin Ratinan stadion soveltuikin hyvin, siell\u00e4 on l\u00e4sn\u00e4 sek\u00e4 luonto ett\u00e4 kaupunki.<\/p>\n<p>Musiikkia suunnitellessani l\u00e4hdin liikkeelle taiteellisen perusajatuksen mukaisesti siit\u00e4, ett\u00e4 luomme musiikkimaailman, jossa yhdistyy nykyisyys ja menneisyys. Yritin kuvitella, mink\u00e4laista musiikkia t\u00e4ss\u00e4 uudessa maailmassa soitetaan. Tavoitteena oli luoda uudenlainen, erikoinen, monipuolinen, mutta silti tyylillisesti hyvin yhdenmukainen teos. Esityspaikan ymp\u00e4rist\u00f6, &#8221;kirkkoholvina&#8221; toimiva sillanalusta, kukkaniitty jne. sek\u00e4 esityksen ajankohta, kes\u00e4y\u00f6, inspiroivat ja ohjasivat s\u00e4vellysty\u00f6t\u00e4. Musiikin esitt\u00e4jien, kansanmusiikin harrastajien vaihteleva taso oli my\u00f6s otettava huomioon.<\/p>\n<p>Esityksen oli m\u00e4\u00e4r\u00e4 tapahtua siten, ett\u00e4 eri kohteissa on samanaikaisesti k\u00e4ynniss\u00e4 esitys. Jokaisella ryhm\u00e4ll\u00e4 on oma koreografiansa ja el\u00e4v\u00e4 musiikkinsa. Lopuksi kaikki ryhm\u00e4t esitt\u00e4v\u00e4t finaalin &#8221;luonnonauditoriossa&#8221;.<\/p>\n<p>Esitys toteutui lopulta radikaalisti erilaisena, kuin oli suunniteltu, esitysiltana nimitt\u00e4in satoi runsaasti. Eri kohteissa tapahtuvasta yht\u00e4aikaisesta esityksest\u00e4 oli luovuttava ja osuudet siirrettiin sateensuojaan sillan yhden osuuden esityspaikan alle. Tapahtumasta muodostui t\u00e4st\u00e4kin syyst\u00e4 ainutlaatuinen.<\/p>\n<p>T\u00e4ss\u00e4 kirjallisessa ty\u00f6ss\u00e4 kuvaan s\u00e4vellysty\u00f6n suunnittelua ja toteutusta sek\u00e4 projektin kulkua ensimm\u00e4isist\u00e4 ideoista valmiiseen esitykseen asti. Mukana on my\u00f6s musiikin analyysi ja liitteen\u00e4 nuotit.<\/p>\n<h2>Sis\u00e4llysluettelo<\/h2>\n<dl>\n<dt>1 Johdanto<\/dt>\n<dt>2 Projektin vaiheet<\/dt>\n<dd>Kev\u00e4t-kes\u00e4 1995<\/dd>\n<dd>Syksy 1995<\/dd>\n<dd>Talvi-kev\u00e4t 1996<\/dd>\n<dd>Kes\u00e4 1996<\/dd>\n<dt>3 Teoksen suunnittelu ja s\u00e4velt\u00e4minen<\/dt>\n<dd>L\u00e4ht\u00f6kohtia<\/dd>\n<dd>Esityskohteiden ominaispiirteet<\/dd>\n<dd>S\u00e4vellysty\u00f6n alkuvaiheet<\/dd>\n<dd>Ydinoivallus, yhteys taiteelliseen ideaan<\/dd>\n<dd>Musiikin m\u00e4\u00e4ritelm\u00e4<\/dd>\n<dd>Cantus firmukset, figuroinnit, materiaalin rakentaminen<\/dd>\n<dd>Demokappaleet<\/dd>\n<dd>Kappaleiden viimeistely<\/dd>\n<dd>Taustanauhojen teko<\/dd>\n<dd>S\u00e4vellysty\u00f6n tekniset apuv\u00e4lineet<\/dd>\n<dt>4 Esitys<\/dt>\n<dt>5 Analyysi<\/dt>\n<dd>Kuusela\/Kulkurit<\/dd>\n<dd>Mulari\/Asfaltti<\/dd>\n<dd>Kauppinen\/Siltaholvi<\/dd>\n<dd>Hoppu\/Kukkaniitty<\/dd>\n<dd>Savilampi\/Amfiteatteri<\/dd>\n<dd>Yhteenveto FG-osista<\/dd>\n<dt>6 Lopuksi<\/dt>\n<dt>Liitteet<\/dt>\n<dd>Ote lehdist\u00f6tiedotteesta<\/dd>\n<dd>Nuotit<\/dd>\n<\/dl>","protected":false},"excerpt":{"rendered":"<p>Projektity\u00f6<br \/>\nTaideyliopiston Sibelius-Akatemia<br \/>\nKansanmusiikin aineryhm\u00e4<br \/>\n1999<\/p>","protected":false},"featured_media":0,"comment_status":"closed","ping_status":"closed","template":"","meta":{"_acf_changed":false},"product_brand":[],"product_cat":[81,76],"product_tag":[],"class_list":{"0":"post-2445","1":"product","2":"type-product","3":"status-publish","5":"product_cat-maisteriopinnot","6":"product_cat-opinnaytteet","8":"first","9":"instock","10":"shipping-taxable","11":"product-type-simple"},"acf":[],"_links":{"self":[{"href":"https:\/\/etno.net\/en\/wp-json\/wp\/v2\/product\/2445","targetHints":{"allow":["GET"]}}],"collection":[{"href":"https:\/\/etno.net\/en\/wp-json\/wp\/v2\/product"}],"about":[{"href":"https:\/\/etno.net\/en\/wp-json\/wp\/v2\/types\/product"}],"replies":[{"embeddable":true,"href":"https:\/\/etno.net\/en\/wp-json\/wp\/v2\/comments?post=2445"}],"wp:attachment":[{"href":"https:\/\/etno.net\/en\/wp-json\/wp\/v2\/media?parent=2445"}],"wp:term":[{"taxonomy":"product_brand","embeddable":true,"href":"https:\/\/etno.net\/en\/wp-json\/wp\/v2\/product_brand?post=2445"},{"taxonomy":"product_cat","embeddable":true,"href":"https:\/\/etno.net\/en\/wp-json\/wp\/v2\/product_cat?post=2445"},{"taxonomy":"product_tag","embeddable":true,"href":"https:\/\/etno.net\/en\/wp-json\/wp\/v2\/product_tag?post=2445"}],"curies":[{"name":"wp","href":"https:\/\/api.w.org\/{rel}","templated":true}]}}