{"id":2446,"date":"2021-03-03T12:08:33","date_gmt":"2021-03-03T10:08:33","guid":{"rendered":"https:\/\/etno.net\/?post_type=product&#038;p=2446"},"modified":"2021-03-03T12:08:34","modified_gmt":"2021-03-03T10:08:34","slug":"hilipatiaa-kansanmusiikkiohjelmat-radio-ylen-ykkosella-vv-1996-2000","status":"publish","type":"product","link":"https:\/\/etno.net\/en\/julkaisu\/opinnaytteet\/maisteriopinnot\/hilipatiaa-kansanmusiikkiohjelmat-radio-ylen-ykkosella-vv-1996-2000","title":{"rendered":"HILIPATIAA-kansanmusiikkiohjelmat radio Ylen Ykk\u00f6sell\u00e4 vv. 1996-2000"},"content":{"rendered":"<h2>Tiivistelm\u00e4<\/h2>\n<p>Projektini koostuu HILIPATIAA-kansanmusiikkiohjelmasarjasta, jota toimitin radio Ylen Ykk\u00f6selle vv. 1996-2000. Sarja k\u00e4sitt\u00e4\u00e4 38 noin puolen tunnin mittaista radio-ohjelmaa, joissa soitettu musiikki on etup\u00e4\u00e4ss\u00e4 kansanmusiikkia. Ohjelma l\u00e4hetettiin kerran kuussa syksyst\u00e4 kev\u00e4\u00e4seen 2000, pikauusinta oli yleens\u00e4 l\u00e4hetyst\u00e4 seuraavana p\u00e4iv\u00e4n\u00e4. Kohderyhm\u00e4ksi m\u00e4\u00e4riteltiin etup\u00e4\u00e4ss\u00e4 nuori radioyleis\u00f6; ennen HILIPATIAA ohjelman nimen\u00e4 oli ollut Etnosoikoon: Nuorten etnoikkuna Suomeen, Pohjoismaihin ja muualle maailmaan.<\/p>\n<p>Projektin kirjallinen osuus sis\u00e4lt\u00e4\u00e4 analyysit kuudesta esimerkkiohjelmasta, niiden k\u00e4sikirjoitukset, luettelon soitetusta musiikista johtop\u00e4\u00e4t\u00f6ksineen ja yhteenvetona HILIPATIAA-ohjelman luonnehdinnan radion nykyisen musiikkipolitiikan osana.<\/p>\n<p>Sovellan projektissa muusikon ty\u00f6kokemustani toimittajan ty\u00f6ss\u00e4. Tekemieni ohjelmien tarkastelu selvensi k\u00e4sityst\u00e4ni HILIPATIAA-ohjelman vaihtoehtoisluonteesta. Musiikkivalintojen vaihtelevuus selittyy ainakin osin monipuolisella muusikon ty\u00f6kokemuksellani.<\/p>\n<p>Ohjelmat vuodesta 1989 alkaen l\u00f6ytyv\u00e4t Yleisradion nauhastosta CDR-kopioina, sit\u00e4 varhaisemmat analoginauhat on jo tuhottu. T\u00e4h\u00e4n projektiin liitty \u00e4\u00e4nite kuudesta eri aikakauteen sijoittuvasta ohjelmasta, joista osa on s\u00e4ilynyt omina radionauhoituksinani.<\/p>\n<h2>Sis\u00e4llysluettelo<\/h2>\n<dl>\n<dt>1 Johdanto<\/dt>\n<dt>2 Projektin toteutus<\/dt>\n<dd>2.1 Taustaa<\/dd>\n<dd>2.2 Ohjelman nimi<\/dd>\n<dd>2.3 Ohjelman koostumus ja luonne<\/dd>\n<dd>2.4 K\u00e4sikirjoitus<\/dd>\n<dd>2.5 Studiot ja studioajat<\/dd>\n<dd>2.6 Tunnari<\/dd>\n<dd>2.7 Musaraportit<\/dd>\n<dd>2.8 L\u00e4hetysajat<\/dd>\n<dt>3 HILIPATIAA-ohjelmien aiheet vv. 1996-2000<\/dt>\n<dt>4 HILIPATIAA-ohjelmissa soitettu musiikki vv. 1996-2000<\/dt>\n<dt>5 Esimerkkiohjelmat k\u00e4sikirjoituksineen<\/dt>\n<dd>5.1 HILIPATIAA 5\/97: Vappuhilipatiaa<\/dd>\n<dd>5.2 HILIPATIAA 4\/98: Maakuntateema<\/dd>\n<dd>5.3 HILIPATIAA 11\/98: Vakava puhemusiikkiohjelma<\/dd>\n<dd>5.4 HILIPATIAA 2\/99: Kalevala 150 vuotta<\/dd>\n<dd>5.5 HILIPATIAA 11\/99: Kantaaottava puhemusiikkiohjelma<\/dd>\n<dd>5.6 HILIPATIAA 1\/2000: Folklandia 2000<\/dd>\n<dt>6 Lopuksi<\/dt>\n<dt>Liite 1<\/dt>\n<dd>Musiikkiotannasta poisj\u00e4tetyt kappaleet<\/dd>\n<dt>Liite 2<\/dt>\n<dd>Kaikkien HILIPATIAA-ohjelmien aiheet ja soitetut musiikit<\/dd>\n<\/dl>","protected":false},"excerpt":{"rendered":"<p>Projektity\u00f6<br \/>\nTaideyliopiston Sibelius-Akatemia<br \/>\nKansanmusiikin aineryhm\u00e4<br \/>\n2000<\/p>","protected":false},"featured_media":0,"comment_status":"closed","ping_status":"closed","template":"","meta":{"_acf_changed":false},"product_brand":[],"product_cat":[81,76],"product_tag":[],"class_list":{"0":"post-2446","1":"product","2":"type-product","3":"status-publish","5":"product_cat-maisteriopinnot","6":"product_cat-opinnaytteet","8":"first","9":"instock","10":"shipping-taxable","11":"product-type-simple"},"acf":[],"_links":{"self":[{"href":"https:\/\/etno.net\/en\/wp-json\/wp\/v2\/product\/2446","targetHints":{"allow":["GET"]}}],"collection":[{"href":"https:\/\/etno.net\/en\/wp-json\/wp\/v2\/product"}],"about":[{"href":"https:\/\/etno.net\/en\/wp-json\/wp\/v2\/types\/product"}],"replies":[{"embeddable":true,"href":"https:\/\/etno.net\/en\/wp-json\/wp\/v2\/comments?post=2446"}],"wp:attachment":[{"href":"https:\/\/etno.net\/en\/wp-json\/wp\/v2\/media?parent=2446"}],"wp:term":[{"taxonomy":"product_brand","embeddable":true,"href":"https:\/\/etno.net\/en\/wp-json\/wp\/v2\/product_brand?post=2446"},{"taxonomy":"product_cat","embeddable":true,"href":"https:\/\/etno.net\/en\/wp-json\/wp\/v2\/product_cat?post=2446"},{"taxonomy":"product_tag","embeddable":true,"href":"https:\/\/etno.net\/en\/wp-json\/wp\/v2\/product_tag?post=2446"}],"curies":[{"name":"wp","href":"https:\/\/api.w.org\/{rel}","templated":true}]}}