{"id":2447,"date":"2021-03-03T12:09:58","date_gmt":"2021-03-03T10:09:58","guid":{"rendered":"https:\/\/etno.net\/?post_type=product&#038;p=2447"},"modified":"2021-03-03T12:09:58","modified_gmt":"2021-03-03T10:09:58","slug":"puhuva-kantele-ja-aanen-sisainen-aani","status":"publish","type":"product","link":"https:\/\/etno.net\/en\/julkaisu\/opinnaytteet\/maisteriopinnot\/puhuva-kantele-ja-aanen-sisainen-aani","title":{"rendered":"Puhuva kantele ja \u00c4\u00e4nen sis\u00e4inen \u00e4\u00e4ni"},"content":{"rendered":"<h2>Tiivistelm\u00e4<\/h2>\n<p>Projektity\u00f6ni on kuvaus poikkitaiteilija Sirkka Knuuttilan kuva- ja \u00e4\u00e4ni-installaation Kolmas kosketus yhteydess\u00e4 pidetyist\u00e4 kahdesta improvisaatioesityksest\u00e4. Kolmas kosketus -n\u00e4yttely oli avoinna Joensuussa, taidekeskus Ahjossa 4.11.-29.11.1998.<\/p>\n<p>N\u00e4yttelyn yhteydess\u00e4 oli nelj\u00e4n\u00e4 viikonloppuna iltatilaisuuksia, joista kahdessa olin mukana muusikkona. Puhuva kantele- esityksen tein nelj\u00e4n puheimprovisoijan kanssa ja \u00c4\u00e4nen sis\u00e4inen \u00e4\u00e4ni -esitykseen improvisoimme musiikin ja \u00e4\u00e4net taiteilijaprofessori Heikki Laitisen kanssa.<\/p>\n<p>Improvisaatioesitykset olivat hyvin erityyliset. Ensimm\u00e4isess\u00e4 esityksess\u00e4 olin ainoa muusikko puhujien joukossa, kun taas toisen esityksen tein jo entuudestaan tutun muusikon kanssa. Esityksist\u00e4 ensimm\u00e4inen meni suunnitelmien mukaan, kun taas j\u00e4lkimm\u00e4isest\u00e4 esityksest\u00e4 minulle j\u00e4i tunne, etten saanut itse\u00e4ni k\u00e4yntiin juuri lainkaan. Yll\u00e4tt\u00e4v\u00e4\u00e4 oli oma suhtautumiseni ja sit\u00e4 kautta tulleet keskittymisvaikeudet improvisaatiota tehdess\u00e4.<\/p>\n<p>Projekti her\u00e4tti kysymyksi\u00e4 psyykkisen valmistautumisen ja keskittymisen osuudesta esityksiin. Miten improvisaatioon voi valmistautua, kun esityst\u00e4 on tekem\u00e4ss\u00e4 useampi henkil\u00f6? Mit\u00e4 min\u00e4 opin itsest\u00e4ni ja suhteestani improvisointiin?<\/p>\n<h2>Sis\u00e4llysluettelo<\/h2>\n<dl>\n<dt>Johdanto<\/dt>\n<dt>Oma tausta improvisaatioon<\/dt>\n<dt>Sliipi<\/dt>\n<dt>Kolmas kosketus, kuva- ja \u00e4\u00e4ni-installaatio<\/dt>\n<dd>Sliipin valmistautuminen<\/dd>\n<dd>Puhuva kantele -esityksen suunnittelu ja harjoittelu<\/dd>\n<dd>Oma valmistautumiseni<\/dd>\n<dd>Itse n\u00e4yttely<\/dd>\n<dt>Esitykset<\/dt>\n<dd>Puhuva kantele, 1. improvisaatio 8.11.1998<\/dd>\n<dd>\u00c4\u00e4nen sis\u00e4inen \u00e4\u00e4ni, 2. improvisaatio 15.11.1998<\/dd>\n<dt>Esitysten vertailu<\/dt>\n<dt>Yhteenveto<\/dt>\n<dt>Liitteen\u00e4 ohjelmalehtinen<\/dt>\n<\/dl>\n<p>&nbsp;<\/p>\n<p><em>Ty\u00f6h\u00f6n liittyv\u00e4 videotaltiointi kansanmusiikin aineryhm\u00e4n arkistoissa<\/em><\/p>","protected":false},"excerpt":{"rendered":"<p>Projektity\u00f6<br \/>\nTaideyliopiston Sibelius-Akatemia<br \/>\nKansanmusiikin aineryhm\u00e4<br \/>\n2000<\/p>","protected":false},"featured_media":0,"comment_status":"closed","ping_status":"closed","template":"","meta":{"_acf_changed":false},"product_brand":[],"product_cat":[81,76],"product_tag":[],"class_list":{"0":"post-2447","1":"product","2":"type-product","3":"status-publish","5":"product_cat-maisteriopinnot","6":"product_cat-opinnaytteet","8":"first","9":"instock","10":"shipping-taxable","11":"product-type-simple"},"acf":[],"_links":{"self":[{"href":"https:\/\/etno.net\/en\/wp-json\/wp\/v2\/product\/2447","targetHints":{"allow":["GET"]}}],"collection":[{"href":"https:\/\/etno.net\/en\/wp-json\/wp\/v2\/product"}],"about":[{"href":"https:\/\/etno.net\/en\/wp-json\/wp\/v2\/types\/product"}],"replies":[{"embeddable":true,"href":"https:\/\/etno.net\/en\/wp-json\/wp\/v2\/comments?post=2447"}],"wp:attachment":[{"href":"https:\/\/etno.net\/en\/wp-json\/wp\/v2\/media?parent=2447"}],"wp:term":[{"taxonomy":"product_brand","embeddable":true,"href":"https:\/\/etno.net\/en\/wp-json\/wp\/v2\/product_brand?post=2447"},{"taxonomy":"product_cat","embeddable":true,"href":"https:\/\/etno.net\/en\/wp-json\/wp\/v2\/product_cat?post=2447"},{"taxonomy":"product_tag","embeddable":true,"href":"https:\/\/etno.net\/en\/wp-json\/wp\/v2\/product_tag?post=2447"}],"curies":[{"name":"wp","href":"https:\/\/api.w.org\/{rel}","templated":true}]}}