{"id":2448,"date":"2021-03-03T12:10:43","date_gmt":"2021-03-03T10:10:43","guid":{"rendered":"https:\/\/etno.net\/?post_type=product&#038;p=2448"},"modified":"2021-03-03T12:10:44","modified_gmt":"2021-03-03T10:10:44","slug":"seitseman-selvaa-savelta-saveltamisesta-perhonjokilaakson-kanteleelle","status":"publish","type":"product","link":"https:\/\/etno.net\/en\/julkaisu\/opinnaytteet\/maisteriopinnot\/seitseman-selvaa-savelta-saveltamisesta-perhonjokilaakson-kanteleelle","title":{"rendered":"Seitsem\u00e4n selv\u00e4\u00e4 s\u00e4velt\u00e4 \u2013 s\u00e4velt\u00e4misest\u00e4 Perhonjokilaakson kanteleelle"},"content":{"rendered":"<h2>Tiivistelm\u00e4<\/h2>\n<p>Projektity\u00f6ni taiteellisena osana ovat vuosina 1997 ja 1998 s\u00e4velt\u00e4m\u00e4ni viisi kappaletta Perhonjokilaakson kanteleelle. Olen soittanut s\u00e4vellykset kirjallisen ty\u00f6n liitteen\u00e4 olevalle, marraskuussa 1999 \u00e4\u00e4nitetylle CD-levylle.<\/p>\n<p>Pohdin kirjallisessa osuudessa s\u00e4velt\u00e4mist\u00e4 yleens\u00e4, motivaatioitani s\u00e4velt\u00e4miseen sek\u00e4 k\u00e4ytt\u00e4mi\u00e4ni s\u00e4vellystapoja. Esittelen ty\u00f6tapojani s\u00e4vellysp\u00e4iv\u00e4kirjan avulla. Pohdin, mit\u00e4 keinoja voin k\u00e4ytt\u00e4\u00e4, kun haluan s\u00e4velt\u00e4\u00e4 Perhonjokilaakson kanteleelle mahdollisimman monipuolista ja vaihtelevaa musiikkia soittimen diatonisuudesta huolimatta. Tuon ty\u00f6ss\u00e4ni esiin my\u00f6s vanhempien kantelepelimannien ajatuksia kanteleelle s\u00e4velt\u00e4misest\u00e4.<\/p>\n<p>Vaikka Perhonjokilaakson kantele miellet\u00e4\u00e4n yleens\u00e4 perinteisen pelimannimusiikin soittimeksi, olen itse tottunut k\u00e4ytt\u00e4m\u00e4\u00e4n sit\u00e4 oman musiikkini s\u00e4velt\u00e4misen v\u00e4lineen\u00e4 jo nuoruudesta asti. Aloitin kanteleensoiton Perhonjokilaakson kanteleella, ja opettajani kannusti minua s\u00e4velt\u00e4m\u00e4\u00e4n. Nykyisin, pelk\u00e4n s\u00e4velt\u00e4misen ilon lis\u00e4ksi, haluan etsi\u00e4 ja rikkoa sek\u00e4 omia ett\u00e4 soittimeni rajoja. Kirjallisen ty\u00f6n lopussa olevasta nuottiliitteest\u00e4 ja oheis\u00e4\u00e4nitteest\u00e4 voi todeta, miten olen ty\u00f6ss\u00e4ni onnistunut.<\/p>\n<h2>Sis\u00e4llysluettelo<\/h2>\n<p><strong>1. JOHDANTO 1<\/p>\n<p>2. PERHONJOKILAAKSON KANTELEENSOITTOTYYLIST\u00c4 2 <\/strong><\/p>\n<p>2.1 PERHONJOKILAAKSON KANTELEENSOITTOTYYLIEN VAIHEITA 2<br \/>\n2.2 YLEISIMMIN K\u00c4YTETYT SORMIJ\u00c4RJESTYKSET JA SOITETTU MUSIIKKI 3<br \/>\n2.3 NELJ\u00c4N KANTELEPELIMANNIN MIETTEIT\u00c4 S\u00c4VELT\u00c4MISEST\u00c4 4<\/p>\n<p><strong>3. KOHTAAMINEN KANTELEEN KANSSA JA VARHAISET VAIKUTTIMET S\u00c4VELT\u00c4MISEST\u00c4 6<\/p>\n<p>4. S\u00c4VELLYSOPISSA 8 <\/strong><\/p>\n<p>4.1 TUNTEMUKSIA PELIMANNIMUSIIKISTA .8<br \/>\n4.2 MARTTI POKELA VAIKUTTAJANA 8<br \/>\n4.3 PEKKA JALKASEN OPISSA 11<br \/>\n4.4 VIISI KAPPALElTA PERHONJOKILAAKSON KANTELEELLE 13<br \/>\n<em>4.4.1 Syv\u00e4t Mets\u00e4t 14<\/em><br \/>\n4.4.1.1.Otteita s\u00e4vellysp\u00e4iv\u00e4kirjasta miten Syv\u00e4t Mets\u00e4t -kappale syntyi 15<br \/>\n<em>4.4.2 Okrankeltainen Kuu 15<br \/>\n4.4.3 Kajo 16<br \/>\n4.4.4 Mixo 17<br \/>\n4.4.5 Kev\u00e4\u00e4n Muuttajat 17 <\/em><\/p>\n<p><strong><em>5. S\u00c4VELT\u00c4MISEN INNOSTA 18<\/p>\n<p>6. DIATONISEN KANTELEEN RAJOITUKSET JA MAHDOLLISUUDET S\u00c4VELT\u00c4MISESS\u00c4 19 <\/em><\/strong><\/p>\n<p>6.1 DIATONISEN KANTELEEN RAJOITUKSET S\u00c4VELLYKSESS\u00c4 .19<br \/>\n6.2 DIATONISEN KANTELEEN MAHDOLLISUUDET S\u00c4VELLETT\u00c4ESS\u00c4 19<br \/>\n<em>6.2.1 Muutamien eri viritysmahdollisuuksien k\u00e4ytt\u00f6 s\u00e4vellett\u00e4ess\u00e4 19<\/em><br \/>\n6.2.2 <em>Kirkkos\u00e4vellajien eli moodien k\u00e4ytt\u00f6 s\u00e4vellyksess\u00e4 20<br \/>\n6.2.3 Pentatoniikan k\u00e4ytt\u00f6 s\u00e4velt\u00e4misess\u00e4 .21<br \/>\n6.2.4 Huilu\u00e4\u00e4net 21<\/em><br \/>\n6.2.5 <em>Matta\u00e4\u00e4net 22<br \/>\n6.2.6 Muut tehokeinot 22<\/em><br \/>\n6.3 ERI SOITTOTEKNIIKOITA JA S\u00c4VYJA, JOITA S\u00c4VELT\u00c4ESSA VOI K\u00c4YTT\u00c4\u00c4 23<br \/>\n<em>6.3.1 Soittotekniikat 23<br \/>\n6.3.Z Sointiv\u00e4rien k\u00e4ytt\u00f6 s\u00e4velt\u00e4misess\u00e4 23 <\/em><\/p>\n<p><strong>7. ERI S\u00c4VELLYSTAPOJA 24<\/p>\n<p>8. LOPUKSI 26<\/p>\n<p>9. L\u00c4HTEET 29<\/p>\n<p>10. LIITTEET 30<\/strong><\/p>","protected":false},"excerpt":{"rendered":"<p>Projektity\u00f6<br \/>\nTaideyliopiston Sibelius-Akatemia<br \/>\nKansanmusiikin aineryhm\u00e4<br \/>\n2000<\/p>","protected":false},"featured_media":0,"comment_status":"closed","ping_status":"closed","template":"","meta":{"_acf_changed":false},"product_brand":[],"product_cat":[81,76],"product_tag":[],"class_list":{"0":"post-2448","1":"product","2":"type-product","3":"status-publish","5":"product_cat-maisteriopinnot","6":"product_cat-opinnaytteet","8":"first","9":"instock","10":"shipping-taxable","11":"product-type-simple"},"acf":[],"_links":{"self":[{"href":"https:\/\/etno.net\/en\/wp-json\/wp\/v2\/product\/2448","targetHints":{"allow":["GET"]}}],"collection":[{"href":"https:\/\/etno.net\/en\/wp-json\/wp\/v2\/product"}],"about":[{"href":"https:\/\/etno.net\/en\/wp-json\/wp\/v2\/types\/product"}],"replies":[{"embeddable":true,"href":"https:\/\/etno.net\/en\/wp-json\/wp\/v2\/comments?post=2448"}],"wp:attachment":[{"href":"https:\/\/etno.net\/en\/wp-json\/wp\/v2\/media?parent=2448"}],"wp:term":[{"taxonomy":"product_brand","embeddable":true,"href":"https:\/\/etno.net\/en\/wp-json\/wp\/v2\/product_brand?post=2448"},{"taxonomy":"product_cat","embeddable":true,"href":"https:\/\/etno.net\/en\/wp-json\/wp\/v2\/product_cat?post=2448"},{"taxonomy":"product_tag","embeddable":true,"href":"https:\/\/etno.net\/en\/wp-json\/wp\/v2\/product_tag?post=2448"}],"curies":[{"name":"wp","href":"https:\/\/api.w.org\/{rel}","templated":true}]}}