{"id":2450,"date":"2021-03-03T12:17:36","date_gmt":"2021-03-03T10:17:36","guid":{"rendered":"https:\/\/etno.net\/?post_type=product&#038;p=2450"},"modified":"2021-03-03T12:17:37","modified_gmt":"2021-03-03T10:17:37","slug":"sormireiaton-pilli-nakemyksia-ja-kokemuksia-pitkahuiluista","status":"publish","type":"product","link":"https:\/\/etno.net\/en\/julkaisu\/opinnaytteet\/maisteriopinnot\/sormireiaton-pilli-nakemyksia-ja-kokemuksia-pitkahuiluista","title":{"rendered":"Sormirei\u00e4t\u00f6n pilli &#8211; n\u00e4kemyksi\u00e4 ja kokemuksia pitk\u00e4huiluista"},"content":{"rendered":"<h2>Tiivistelm\u00e4<\/h2>\n<p>Tutkielmani sis\u00e4lt\u00e4\u00e4 kaksi kirjallista artikkelia: <strong>Pitk\u00e4huilu<\/strong> and <strong>Multimedian teko<\/strong>. Kolmantena on cd-rom-muotoinen soitto-opas <strong>Pitk\u00e4huilu<\/strong>. Materiaalin olen koonnut opiskeluvuosien 1988-1999 aikana suorittaessani eri opintojaksoja. Tutkielman teon yhteydess\u00e4 olen my\u00f6s haastatellut pitk\u00e4huilun rakentajia ja pitk\u00e4huilun soittoa opettavia ja opiskelevia henkil\u00f6it\u00e4.<\/p>\n<p>Ensimm\u00e4isess\u00e4 artikkelissa esittelen pitk\u00e4huiluun liittyv\u00e4\u00e4 tietoa. Tavoitteenani on ollut v\u00e4h\u00e4isen ja hajanaisen tiedon kokoaminen muotoon, jota muusikkojen ja opettajien olisi helppo hy\u00f6dynt\u00e4\u00e4 ty\u00f6ss\u00e4\u00e4n. Artikkelin sis\u00e4lt\u00f6 keskittyy pitk\u00e4huilun rakenteen esittelyyn, pitk\u00e4huilun varhaishistoriaan Suomessa ja nimitysten moninaisuuden pohtimiseen. Nimitysten sekavuus, joka vaikeuttaa instrumenttia koskevien tietojen etsint\u00e4\u00e4, n\u00e4ytt\u00e4\u00e4 v\u00e4henev\u00e4n, sill\u00e4 soittimen nimeksi on ainakin muusikoiden keskuudessa vakiintumassa pitk\u00e4huilu.<\/p>\n<p>Toisessa artikkelissa kerron Pitk\u00e4huilu-nimisen cd-romin tekovaiheista. Teksti perustuu suurimmalta osin p\u00e4iv\u00e4kirjaan, jota pidin cd-romia tehdess\u00e4ni. Tekem\u00e4ll\u00e4 soitto-oppaan cd-rom -muotoisena halusin tarkastella tietokoneavusteisen soitonopiskelun mahdollisuuksia ja pohdiskella cd-romin teon mielekkyytt\u00e4 muusikon ja opettajan kannalta.<\/p>\n<p>Kolmas osio, Pitk\u00e4huilu-cd-rom, sis\u00e4lt\u00e4\u00e4 teksti\u00e4, kaavioita, valokuvia, nuotteja, soivaa \u00e4\u00e4nt\u00e4 (harjoituksia ja yhden kappaleen) ja pienen animaation. Tarkoitukseni oli luoda cd-romista pedagogisen soitto-oppaan lis\u00e4ksi &#8221;taideteos&#8221;, jossa multimedian ulkon\u00e4k\u00f6 ja sis\u00e4lt\u00f6 loisivat yhten\u00e4isen ja miellytt\u00e4v\u00e4n &#8221;pitk\u00e4huilumaisen&#8221; tunnelman. Jouduin tekem\u00e4\u00e4n soitto-oppaaseen sek\u00e4 sis\u00e4ll\u00f6llisi\u00e4 ett\u00e4 teknisi\u00e4 kompromisseja, joita tulisi harkita, mik\u00e4li cd-romista teht\u00e4isiin kaupallinen versio. Kokemukseni perusteella voin todeta, ett\u00e4 cd-rom on esitt\u00e4misen muoto, joka soveltuu eritt\u00e4in hyvin soitto-oppaisiin.<\/p>\n<h2>Sis\u00e4llysluettelo<\/h2>\n<dl>\n<dt><strong>Alkusanat<\/strong><\/dt>\n<\/dl>\n<p>&nbsp;<\/p>\n<dl>\n<dt><strong>I <em>Soitin nimelt\u00e4 pitk\u00e4huilu<\/em><\/strong><\/dt>\n<dt><strong>1 Johdanto<\/strong><\/dt>\n<dt><strong>2 Pitk\u00e4huilu<\/strong><\/dt>\n<dt>2.1 Huilun rakenne<\/dt>\n<dt>2.2 Putken pituus<\/dt>\n<dt>2.3 Putken materiaali<\/dt>\n<dt>2.4 Rakentaminen<\/dt>\n<dt>2.5 Soivat s\u00e4velet<\/dt>\n<dd>2.5.1 Miten \u00e4\u00e4ni syntyy?<\/dd>\n<dd>2.5.2 Yl\u00e4s\u00e4velsarja<\/dd>\n<dd>2.5.3 Asteikko<\/dd>\n<dt><strong>3 Pitk\u00e4huilun varhaishistoriaa Suomessa <\/strong><\/dt>\n<dt><strong>4 Soittimen nimi <\/strong><\/dt>\n<dt><strong>5 Tieteelliset luokitusj\u00e4rjestelm\u00e4t <\/strong><\/dt>\n<dt>5.1 Raaka-aine luokituksen l\u00e4ht\u00f6kohtana<\/dt>\n<dt>5.2 K\u00e4ytt\u00f6yhteys luokituksen l\u00e4ht\u00f6kohtana<\/dt>\n<dt>5.3 Leisi\u00f6n luokitusj\u00e4rjestelm\u00e4<\/dt>\n<dd>5.3.1 L\u00f6tk\u00f6, laji 1<\/dd>\n<dd>5.3.2 Siirotulppainen luonnons\u00e4velhuilu, laji 26<\/dd>\n<dd>5.3.3 Pitk\u00e4huilu, laji 31<\/dd>\n<dt><strong>6 Pitk\u00e4huilujen sukulaisista lyhyesti <\/strong><\/dt>\n<dt><strong>7 P\u00e4\u00e4telmi\u00e4 <\/strong><\/dt>\n<\/dl>\n<p>&nbsp;<\/p>\n<dl>\n<dt><strong>II <em>Multimedian teko<\/em><\/strong><\/dt>\n<dt><strong>1 Johdanto <\/strong><\/dt>\n<dt><strong>2 Alkuajatuksia <\/strong><\/dt>\n<dt>2.1 Suunnitelmat<\/dt>\n<dt>2.2 Tekninen ty\u00f6ymp\u00e4rist\u00f6<\/dt>\n<dt><strong>3 Teksti <\/strong><\/dt>\n<dt><strong>4 Musiikki <\/strong><\/dt>\n<dt>4.1 Ensimm\u00e4inen \u00e4\u00e4nitys ja ongelma<\/dt>\n<dt>4.2 Ty\u00f6 jatkuu<\/dt>\n<dt>4.3 Toinen \u00e4\u00e4nitys<\/dt>\n<dt><strong>5 Kuvat<\/strong><\/dt>\n<dt>5.1 Valokuvat<\/dt>\n<dt>5.2 Kaavio<\/dt>\n<dt>5.3 Animaatiot<\/dt>\n<dt><strong>6 K\u00e4ytt\u00f6liittym\u00e4 <\/strong><\/dt>\n<dt><strong>7 Ajatuksia ty\u00f6skentelyst\u00e4ni <\/strong><\/dt>\n<dt>7.1 Multimedian ty\u00f6nteon roolit<\/dt>\n<dt>7.2 Taiteen ja tekniikan kohtaaminen<\/dt>\n<dt><strong>8 Visioita tulevaisuuteen <\/strong><\/dt>\n<dt>8.1 Tilailluusio tietokoneessa<\/dt>\n<dt>8.2 Nuotintamisohjelma multimediateoksessa<\/dt>\n<dt>8.3 \u00c4\u00e4nen ohjelmointi CD-romin k\u00e4ytt\u00f6\u00f6nottovaiheessa<\/dt>\n<\/dl>\n<p>&nbsp;<\/p>\n<dl>\n<dt><strong>Loppusanat<\/strong><\/dt>\n<\/dl>\n<p>&nbsp;<\/p>\n<dl>\n<dt>L\u00e4hteet<\/dt>\n<\/dl>\n<p>&nbsp;<\/p>\n<dl>\n<dt>Liitteet<\/dt>\n<dd>1 CD-rom oppaan tekstit<\/dd>\n<\/dl>\n<p>&nbsp;<\/p>\n<p><em>Ty\u00f6h\u00f6n liittyv\u00e4 CD-rom kansanmusiikin aineryhm\u00e4n arkistoissa<\/em><\/p>","protected":false},"excerpt":{"rendered":"<p>Projektity\u00f6<br \/>\nTaideyliopiston Sibelius-Akatemia<br \/>\nKansanmusiikin aineryhm\u00e4<br \/>\nKev\u00e4t 2000<\/p>","protected":false},"featured_media":0,"comment_status":"closed","ping_status":"closed","template":"","meta":{"_acf_changed":false},"product_brand":[],"product_cat":[81,76],"product_tag":[],"class_list":{"0":"post-2450","1":"product","2":"type-product","3":"status-publish","5":"product_cat-maisteriopinnot","6":"product_cat-opinnaytteet","8":"first","9":"instock","10":"shipping-taxable","11":"product-type-simple"},"acf":[],"_links":{"self":[{"href":"https:\/\/etno.net\/en\/wp-json\/wp\/v2\/product\/2450","targetHints":{"allow":["GET"]}}],"collection":[{"href":"https:\/\/etno.net\/en\/wp-json\/wp\/v2\/product"}],"about":[{"href":"https:\/\/etno.net\/en\/wp-json\/wp\/v2\/types\/product"}],"replies":[{"embeddable":true,"href":"https:\/\/etno.net\/en\/wp-json\/wp\/v2\/comments?post=2450"}],"wp:attachment":[{"href":"https:\/\/etno.net\/en\/wp-json\/wp\/v2\/media?parent=2450"}],"wp:term":[{"taxonomy":"product_brand","embeddable":true,"href":"https:\/\/etno.net\/en\/wp-json\/wp\/v2\/product_brand?post=2450"},{"taxonomy":"product_cat","embeddable":true,"href":"https:\/\/etno.net\/en\/wp-json\/wp\/v2\/product_cat?post=2450"},{"taxonomy":"product_tag","embeddable":true,"href":"https:\/\/etno.net\/en\/wp-json\/wp\/v2\/product_tag?post=2450"}],"curies":[{"name":"wp","href":"https:\/\/api.w.org\/{rel}","templated":true}]}}