{"id":2451,"date":"2021-03-03T12:19:17","date_gmt":"2021-03-03T10:19:17","guid":{"rendered":"https:\/\/etno.net\/?post_type=product&#038;p=2451"},"modified":"2021-03-03T12:53:13","modified_gmt":"2021-03-03T10:53:13","slug":"laulaja-loi-laulun-laulaessaan-runolaulun-ihmeellinen-maailma","status":"publish","type":"product","link":"https:\/\/etno.net\/en\/julkaisu\/opinnaytteet\/maisteriopinnot\/laulaja-loi-laulun-laulaessaan-runolaulun-ihmeellinen-maailma","title":{"rendered":"Laulaja loi laulun laulaessaan &#8211; Runolaulun ihmeellinen maailma"},"content":{"rendered":"<h2>Tiivistelm\u00e4<\/h2>\n<p>Syvennyn projektissani runolaulun tuottamisen ja esitt\u00e4misen haasteisiin. Taiteellisen projektini huipennus oli 14 erilaista Iki-Turso &#8211; runolaulun j\u00e4ljill\u00e4 -nimist\u00e4 konserttia, jotka j\u00e4rjestettiin Kansallisteatterin Omapohjassa Kalevalan juhlavuoden syksyll\u00e4 1999. T\u00e4ss\u00e4 Heikki Laitisen suunnittelemassa ja ohjaamassa konserttisarjassa oli lis\u00e4kseni mukana Taito Hoffr\u00e9n, Maari Kallberg, Ilona Korhonen, Anna-Kaisa Liedes, Outi Pulkkinen ja Juha Valkeap\u00e4\u00e4.<\/p>\n<p>Kirjallisessa osuudessa kuvailen runolaulutaustaani. Pyrin pohtimaan konserttisarjan ja sit\u00e4 edelt\u00e4neiden mestarikurssien antia suhteessa aikaisempiin kokemuksiini ja asenteisiin runolaulamisesta ja esitt\u00e4misest\u00e4 yleens\u00e4. Iki-Turso -ryhm\u00e4n erilaisista tavoitteista ja niiden toteuttamiskeinoista kerron mestarikurssien, konsertteihin valmistautumisien ja esityksien kautta.<\/p>\n<p>Paneudun konsertteihin opettelemieni pitkien kertovien runojen ty\u00f6st\u00e4misvaiheeseen ja omiin mietteisiini niiden esityksist\u00e4. Pohdin, auttoiko eri kertomusten juonenkulkujen sekoitteleminen runolaulua s\u00e4ilym\u00e4\u00e4n elinvoimaisena. Etsin my\u00f6s vastausta kysymykseen, millainen esitt\u00e4j\u00e4 muinainen runolaulaja oli.<\/p>\n<p>Projekti syvensi n\u00e4kemyst\u00e4ni runolaulusta, tutustutti monipuolisesti kalevalamittaiseen runomaailmaan, kehitti omia runolaulutaitojani ja antoi uudenlaista esiintymiskokemusta.<\/p>\n<h2>Sis\u00e4llys<\/h2>\n<dl>\n<dt><strong>1 Johdanto <\/strong><\/dt>\n<\/dl>\n<p>&nbsp;<\/p>\n<dl>\n<dt><strong>2 Runolaulu<\/strong><\/dt>\n<dt>Runolaulutaustaani<\/dt>\n<dt>Tekstin taika<\/dt>\n<dt>Rytmin rytin\u00e4 ja s\u00e4velmien s\u00e4pin\u00e4<\/dt>\n<\/dl>\n<p>&nbsp;<\/p>\n<dl>\n<dt><strong>3 Iki-Turson synty<\/strong><\/dt>\n<dt>Tavoitteet<\/dt>\n<dt>Mestarikurssit<\/dt>\n<dt>Konsertteihin valmistautuminen<\/dt>\n<dt>Konserttien ohjelmarunko<\/dt>\n<dt>Kertovat runot<\/dt>\n<dd>Lemmink\u00e4inen<\/dd>\n<dd>Mataleena<\/dd>\n<dd>V\u00e4in\u00e4m\u00f6isen soitto<\/dd>\n<dd>Sampo, nelj\u00e4 muunnelmaa<\/dd>\n<dt>Konsertit<\/dt>\n<\/dl>\n<p>&nbsp;<\/p>\n<dl>\n<dt><strong>4 Iki-Turson anti<\/strong><\/dt>\n<\/dl>\n<p>&nbsp;<\/p>\n<dl>\n<dt><strong>5 Yhteenveto<\/strong><\/dt>\n<\/dl>\n<p>&nbsp;<\/p>\n<dl>\n<dt>L\u00e4hteet<\/dt>\n<dt>Liitteiden sis\u00e4llysluettelo<\/dt>\n<\/dl>","protected":false},"excerpt":{"rendered":"<p>Projektity\u00f6<br \/>\nTaideyliopiston Sibelius-Akatemia<br \/>\nKansanmusiikin aineryhm\u00e4<br \/>\n2000<\/p>","protected":false},"featured_media":0,"comment_status":"closed","ping_status":"closed","template":"","meta":{"_acf_changed":false},"product_brand":[],"product_cat":[81,76],"product_tag":[],"class_list":{"0":"post-2451","1":"product","2":"type-product","3":"status-publish","5":"product_cat-maisteriopinnot","6":"product_cat-opinnaytteet","8":"first","9":"instock","10":"shipping-taxable","11":"product-type-simple"},"acf":[],"_links":{"self":[{"href":"https:\/\/etno.net\/en\/wp-json\/wp\/v2\/product\/2451","targetHints":{"allow":["GET"]}}],"collection":[{"href":"https:\/\/etno.net\/en\/wp-json\/wp\/v2\/product"}],"about":[{"href":"https:\/\/etno.net\/en\/wp-json\/wp\/v2\/types\/product"}],"replies":[{"embeddable":true,"href":"https:\/\/etno.net\/en\/wp-json\/wp\/v2\/comments?post=2451"}],"wp:attachment":[{"href":"https:\/\/etno.net\/en\/wp-json\/wp\/v2\/media?parent=2451"}],"wp:term":[{"taxonomy":"product_brand","embeddable":true,"href":"https:\/\/etno.net\/en\/wp-json\/wp\/v2\/product_brand?post=2451"},{"taxonomy":"product_cat","embeddable":true,"href":"https:\/\/etno.net\/en\/wp-json\/wp\/v2\/product_cat?post=2451"},{"taxonomy":"product_tag","embeddable":true,"href":"https:\/\/etno.net\/en\/wp-json\/wp\/v2\/product_tag?post=2451"}],"curies":[{"name":"wp","href":"https:\/\/api.w.org\/{rel}","templated":true}]}}