{"id":2453,"date":"2021-03-03T12:21:43","date_gmt":"2021-03-03T10:21:43","guid":{"rendered":"https:\/\/etno.net\/?post_type=product&#038;p=2453"},"modified":"2021-03-03T12:21:43","modified_gmt":"2021-03-03T10:21:43","slug":"impressioista-vaitosten-kautta-hitteihin-taiteilijana-monitaiteisissa-produktioissa","status":"publish","type":"product","link":"https:\/\/etno.net\/en\/julkaisu\/opinnaytteet\/maisteriopinnot\/impressioista-vaitosten-kautta-hitteihin-taiteilijana-monitaiteisissa-produktioissa","title":{"rendered":"&#8221;Impressioista V\u00e4it\u00f6sten kautta Hitteihin&#8221; &#8211; taiteilijana monitaiteisissa produktioissa"},"content":{"rendered":"<h2>Tiivistelm\u00e4<\/h2>\n<p>Projektin kirjallisessa osuudessa k\u00e4sitell\u00e4\u00e4n kolmea monitaiteista produktiota, miss\u00e4 olen ollut mukana. Taiteellisen osuuden suoritin muusikkona Tampereen Yliopiston n\u00e4yttelij\u00e4nty\u00f6nlaitoksen ensimm\u00e4isess\u00e4 v\u00e4it\u00f6stilaisuudessa, Ilari Nummen tehd\u00e4\u00e4s v\u00e4it\u00f6stilaisuutensa teatteriesityksen muodossa.<\/p>\n<p>Kaikki produktioita on yhdist\u00e4nyt monitaiteisuus, kansanmusiikin ja kantelemusiikin uusien esitt\u00e4mistapojen etsiminen, tutkinen ja esitt\u00e4minen sek\u00e4 improvisatorinen l\u00e4hestymistapa teosten harjoitusvaiheessa.<\/p>\n<p>Kirjallisessa ty\u00f6ss\u00e4 pohdiskellaan teosten harjoitusten kulku, omaa osuuttani produktiossa sek\u00e4 kehittymist\u00e4ni esiintyj\u00e4n\u00e4.<\/p>\n<h2>Sis\u00e4llysluettelo<\/h2>\n<dl>\n<dt><strong>I Taustaa<\/strong><\/dt>\n<dt><strong>II Impressioita Vienasta<\/strong><\/dt>\n<dd>Impressioita Vienasta harjoitukset<\/dd>\n<dt><strong>III V\u00e4it\u00f6stilaisuus<\/strong><\/dt>\n<dd>V\u00e4it\u00f6stilaisuuden harjoitukset<\/dd>\n<dd>V\u00e4it\u00f6stilaisuuden esitykset sek\u00e4 oma osuuteni esityksiss\u00e4<\/dd>\n<dt><strong>IV Hittej\u00e4 1000 vuotta sitten<\/strong><\/dt>\n<dt><strong>V Videokameran k\u00e4yt\u00f6st\u00e4 muusikon apuv\u00e4lineen\u00e4 <\/strong><\/dt>\n<dt><strong>VI Hahmonrakennus <\/strong><\/dt>\n<dt><strong>VII Musiikkivideo <\/strong><\/dt>\n<dt><strong>VIII Keskener\u00e4isyys <\/strong><\/dt>\n<dt><strong>IX Saamastani palautteesta <\/strong><\/dt>\n<dt><strong>X Mietteit\u00e4 prosessin j\u00e4lkeen<\/strong><\/dt>\n<\/dl>\n<p><strong>Liitteet<\/strong><br \/>\nVideomateriaalia:<br \/>\nImpressioita Vienasta produktion videotallenne<br \/>\nV\u00e4it\u00f6stilaisuus-esityksen videotallenne<br \/>\nHittej\u00e4 1000 vuotta sitten videotallenne<br \/>\nKohtausluettelo Impressioita Vienasta-produktiosta<br \/>\nK\u00e4sikirjoitus V\u00e4it\u00f6stilaisuus-produktiosta<br \/>\nLehtileikkeit\u00e4 produktioista<\/p>","protected":false},"excerpt":{"rendered":"<p>Projektity\u00f6<br \/>\nTaideyliopiston Sibelius-Akatemia<br \/>\nKansanmusiikin aineryhm\u00e4<br \/>\n2001<\/p>","protected":false},"featured_media":0,"comment_status":"closed","ping_status":"closed","template":"","meta":{"_acf_changed":false},"product_brand":[],"product_cat":[81,76],"product_tag":[],"class_list":{"0":"post-2453","1":"product","2":"type-product","3":"status-publish","5":"product_cat-maisteriopinnot","6":"product_cat-opinnaytteet","8":"first","9":"instock","10":"shipping-taxable","11":"product-type-simple"},"acf":[],"_links":{"self":[{"href":"https:\/\/etno.net\/en\/wp-json\/wp\/v2\/product\/2453","targetHints":{"allow":["GET"]}}],"collection":[{"href":"https:\/\/etno.net\/en\/wp-json\/wp\/v2\/product"}],"about":[{"href":"https:\/\/etno.net\/en\/wp-json\/wp\/v2\/types\/product"}],"replies":[{"embeddable":true,"href":"https:\/\/etno.net\/en\/wp-json\/wp\/v2\/comments?post=2453"}],"wp:attachment":[{"href":"https:\/\/etno.net\/en\/wp-json\/wp\/v2\/media?parent=2453"}],"wp:term":[{"taxonomy":"product_brand","embeddable":true,"href":"https:\/\/etno.net\/en\/wp-json\/wp\/v2\/product_brand?post=2453"},{"taxonomy":"product_cat","embeddable":true,"href":"https:\/\/etno.net\/en\/wp-json\/wp\/v2\/product_cat?post=2453"},{"taxonomy":"product_tag","embeddable":true,"href":"https:\/\/etno.net\/en\/wp-json\/wp\/v2\/product_tag?post=2453"}],"curies":[{"name":"wp","href":"https:\/\/api.w.org\/{rel}","templated":true}]}}