{"id":2454,"date":"2021-03-03T12:23:01","date_gmt":"2021-03-03T10:23:01","guid":{"rendered":"https:\/\/etno.net\/?post_type=product&#038;p=2454"},"modified":"2021-03-03T12:23:01","modified_gmt":"2021-03-03T10:23:01","slug":"mestari-ja-kisallit-toivo-alaspaan-opissa","status":"publish","type":"product","link":"https:\/\/etno.net\/en\/julkaisu\/opinnaytteet\/maisteriopinnot\/mestari-ja-kisallit-toivo-alaspaan-opissa","title":{"rendered":"Mestari ja kis\u00e4llit &#8211; Toivo Alasp\u00e4\u00e4n opissa"},"content":{"rendered":"<h2>Tiivistelm\u00e4<\/h2>\n<p>Kaikki projektini osa-alueet henkil\u00f6ityiv\u00e4t kanteleensoittaja, mestaripelimanni Toivo Alasp\u00e4\u00e4h\u00e4n. Laajimman kokonaisuuden muodostaa toimittamani nuottikirja h\u00e4nen ohjelmistostaan. Kirjan ja siihen liittyv\u00e4n oheis-CD:n &#8221;Pollari, Pakkala, Alap\u00e4\u00e4 ja Kainu&#8230;Toivo Alasp\u00e4\u00e4n ohjelmistoa&#8221; julkaisi Sibelius-Akatemian kansanmusiikin osasto kes\u00e4ll\u00e4 2000. Nuottikirjaa ty\u00f6st\u00e4ess\u00e4ni ker\u00e4sin \u00e4\u00e4nitteit\u00e4 Alasp\u00e4\u00e4n soitosta h\u00e4nen oppilailtaan ja eri arkistoista. N\u00e4iden nauhojen s\u00e4ilytyspaikaksi tulee kansanmusiikin osaston kirjasto. Kev\u00e4\u00e4ll\u00e4 2000 olin mukana j\u00e4rjest\u00e4m\u00e4ss\u00e4 Toivo Alasp\u00e4\u00e4n juhlakonserttia ja kes\u00e4ll\u00e4 2000 Kansanmusiikki-instituutti julkaisi toimittamani Alasp\u00e4\u00e4n soolo-CD:n &#8221;Mestari ja Kis\u00e4llit&#8221;.<\/p>\n<p>Projektini kirjallisessa osiossa kerron tarkemmin n\u00e4ist\u00e4 eri osa-alueista sek\u00e4 niiden ty\u00f6st\u00e4misest\u00e4. Pohdin my\u00f6s opettamiseen ja oppimiseen liittyvi\u00e4 kysymyksi\u00e4 k\u00e4ytt\u00e4m\u00e4ll\u00e4 esimerkkin\u00e4 omia tuntejani Alasp\u00e4\u00e4n johdolla. Olen ollut Toivo Alasp\u00e4\u00e4n oppilaana siit\u00e4 l\u00e4htien, kun aloitin opiskelun Sibelius-Akatemiassa vuonna 1991. Olen itse toiminut opettajana jo useita vuosia eri musiikkioppilaitoksissa ja kursseilla. T\u00e4ss\u00e4 ty\u00f6ss\u00e4 kuvailen opetustilanteita, joissa olen oppilaana Alasp\u00e4\u00e4n soittotunneilla ja vertailen niit\u00e4 tunteihin, joita itse pid\u00e4n omille oppilailleni.<\/p>\n<h2>Sis\u00e4llysluettelo<\/h2>\n<dl>\n<dt>1 Johdanto<\/dt>\n<dt>2 Mestaripelimannin el\u00e4m\u00e4nty\u00f6t\u00e4 eri muodoissa<\/dt>\n<dd>&#8221;Pollari, Pakkala, Alap\u00e4\u00e4 ja Kainu&#8230;&#8221;<\/dd>\n<dd>Toivo Alasp\u00e4\u00e4n juhlakonsertti<\/dd>\n<dd>Tallenteet<\/dd>\n<dd>&#8221;Mestari ja kis\u00e4llit&#8221;<\/dd>\n<dt>3 Tyylin hallintaa<\/dt>\n<dt>4 Oppilaan ja opettajan roolit<\/dt>\n<dt>5 Loppusanat<\/dt>\n<\/dl>\n<p>&nbsp;<\/p>\n<dl>\n<dt>Liitteet:<\/dt>\n<dd>16 sivua julkaisusta Pollari, Pakkala, Alap\u00e4\u00e4 ja Kainu, Toivo Alasp\u00e4\u00e4n ohjelmistoa, toim. Sanna Huntus (Sibelius-Akatemia 2000)<\/dd>\n<\/dl>","protected":false},"excerpt":{"rendered":"<p>Projektity\u00f6<br \/>\nTaideyliopiston Sibelius-Akatemia<br \/>\nKansanmusiikin aineryhm\u00e4<br \/>\n2001<\/p>","protected":false},"featured_media":0,"comment_status":"closed","ping_status":"closed","template":"","meta":{"_acf_changed":false},"product_brand":[],"product_cat":[81,76],"product_tag":[],"class_list":{"0":"post-2454","1":"product","2":"type-product","3":"status-publish","5":"product_cat-maisteriopinnot","6":"product_cat-opinnaytteet","8":"first","9":"instock","10":"shipping-taxable","11":"product-type-simple"},"acf":[],"_links":{"self":[{"href":"https:\/\/etno.net\/en\/wp-json\/wp\/v2\/product\/2454","targetHints":{"allow":["GET"]}}],"collection":[{"href":"https:\/\/etno.net\/en\/wp-json\/wp\/v2\/product"}],"about":[{"href":"https:\/\/etno.net\/en\/wp-json\/wp\/v2\/types\/product"}],"replies":[{"embeddable":true,"href":"https:\/\/etno.net\/en\/wp-json\/wp\/v2\/comments?post=2454"}],"wp:attachment":[{"href":"https:\/\/etno.net\/en\/wp-json\/wp\/v2\/media?parent=2454"}],"wp:term":[{"taxonomy":"product_brand","embeddable":true,"href":"https:\/\/etno.net\/en\/wp-json\/wp\/v2\/product_brand?post=2454"},{"taxonomy":"product_cat","embeddable":true,"href":"https:\/\/etno.net\/en\/wp-json\/wp\/v2\/product_cat?post=2454"},{"taxonomy":"product_tag","embeddable":true,"href":"https:\/\/etno.net\/en\/wp-json\/wp\/v2\/product_tag?post=2454"}],"curies":[{"name":"wp","href":"https:\/\/api.w.org\/{rel}","templated":true}]}}