{"id":2455,"date":"2021-03-03T12:24:07","date_gmt":"2021-03-03T10:24:07","guid":{"rendered":"https:\/\/etno.net\/?post_type=product&#038;p=2455"},"modified":"2021-03-03T12:24:07","modified_gmt":"2021-03-03T10:24:07","slug":"kymenlaakson-ruusu-eraan-laulajan-kokemuksia-esiintymisesta","status":"publish","type":"product","link":"https:\/\/etno.net\/en\/julkaisu\/opinnaytteet\/maisteriopinnot\/kymenlaakson-ruusu-eraan-laulajan-kokemuksia-esiintymisesta","title":{"rendered":"Kymenlaakson Ruusu &#8211; er\u00e4\u00e4n laulajan kokemuksia esiintymisest\u00e4"},"content":{"rendered":"<h2>Tiivistelm\u00e4<\/h2>\n<p>Projektini taiteellinen osuus oli 2-osainen konsertti, joka pidettiin 17.9.2001 Sibelius-Akatemian kamarimusiikkisalissa. Konsertin musiikin olen s\u00e4velt\u00e4nyt ja sovittanut yhdess\u00e4 Bj\u00f6rn Tollinin kanssa, joka my\u00f6s toimi muusikkona l\u00e4pi koko esityksen. Muita avustajia olivat Timo V\u00e4\u00e4n\u00e4nen ja Leena Joutsenlahti, joka my\u00f6s ohjasi konsertin ensimm\u00e4isen puoliskon. Valot esitykseen rakensi Johanna Salomaa ja \u00e4\u00e4nentoistosta huolehti Teemu Korpip\u00e4\u00e4.<\/p>\n<p>Konsertti oli jaettu kahteen osaan. Ensimm\u00e4inen puolisko oli tarkoitus tehd\u00e4 ilman kontaktia yleis\u00f6\u00f6n. Minulla oli ajatus, ett\u00e4 yleis\u00f6 seuraisi t\u00e4t\u00e4 osiota kuin elokuvaa; ulkopuolelta, ilman v\u00e4litt\u00f6m\u00e4n kontaktin suomaa vuorovaikutusmahdollisuutta. Toinen osio oli tarkoitus olla kontaktissa yleis\u00f6n kanssa. Musiikki oli sama molemmissa osioissa.<\/p>\n<p>Kirjallisessa ty\u00f6ss\u00e4ni kerron esityksen valmistelusta ja musiikista. Kuvailen tuntemuksiani esityksen aikana ja vertaan n\u00e4it\u00e4 kahta esitystapaa esitt\u00e4j\u00e4n n\u00e4k\u00f6kulmasta. Mik\u00e4 oli vaikeaa? Oliko toinen tapa esitt\u00e4\u00e4 helpompi? Miksi? Mik\u00e4 oli yleis\u00f6n merkitys t\u00e4ss\u00e4 kokeilussa? Onnistuiko yleis\u00f6n sulkeminen ulkopuolelle tunnetasolla?<\/p>\n<p>T\u00e4m\u00e4n lis\u00e4ksi kerron omasta esiintyj\u00e4taustastani ja pohdiskelen esiintymiseen liittyvi\u00e4 ongelmiani.<\/p>\n<h2>Sis\u00e4llysluettelo<\/h2>\n<dl>\n<dt><strong>1 Johdanto<\/strong><\/dt>\n<dt>1.1 Esiintyj\u00e4taustaani<\/dt>\n<dt>1.2 Oman esiintymisen kannalta t\u00e4rkeit\u00e4 yhtyeit\u00e4 ja tilanteita<\/dt>\n<\/dl>\n<p>&nbsp;<\/p>\n<dl>\n<dt><strong>2 Keskeisi\u00e4 ongelmia<\/strong><\/dt>\n<dt>2.1 Ankara itsekritiikki &#8211; huono itsetunto<\/dt>\n<dt>2.2 Tietoisuus omista kyvyist\u00e4 &#8211; mutta kuinka saada ne k\u00e4ytt\u00f6\u00f6n?<\/dt>\n<dt>2.3 Yleis\u00f6n kanssa jutustelu, APUA!!<\/dt>\n<dt>2.4 Itsens\u00e4 paljastaminen<\/dt>\n<\/dl>\n<p>&nbsp;<\/p>\n<dl>\n<dt><strong>3 Projektikonsertti<\/strong><\/dt>\n<dt>3.1 Tavoite<\/dt>\n<dt>3.2 Musiikki<\/dt>\n<dd>3.2.1 Kappalekohtaiset kuvaukset<\/dd>\n<dt>3.3 Avustavat henkil\u00f6t<\/dt>\n<dt>3.4 N\u00e4ytt\u00e4m\u00f6llepano<\/dt>\n<\/dl>\n<p>&nbsp;<\/p>\n<dl>\n<dt><strong>4 Konserttianalyysi<\/strong><\/dt>\n<dt>4.1 Yleis\u00f6n &#8221;laadun&#8221; merkitys<\/dt>\n<\/dl>\n<p>&nbsp;<\/p>\n<dl>\n<dt><strong>5 P\u00e4\u00e4t\u00f6ssanat<\/strong><\/dt>\n<\/dl>\n<p>&nbsp;<\/p>\n<dl>\n<dt>Liitteet<\/dt>\n<dd>1 Konserttiohjelma<\/dd>\n<dd>2 Lehtikirjoitus<\/dd>\n<dd>3 Kuvak\u00e4sikirjoitus<\/dd>\n<\/dl>\n<p>&nbsp;<\/p>\n<p><em>Ty\u00f6h\u00f6n liittyv\u00e4 videotallenne kansanmusiikin aineryhm\u00e4n arkistoissa.<\/em><\/p>","protected":false},"excerpt":{"rendered":"<p>Projektity\u00f6<br \/>\nTaideyliopiston Sibelius-Akatemia<br \/>\nKansanmusiikin aineryhm\u00e4<br \/>\n2002<\/p>","protected":false},"featured_media":0,"comment_status":"closed","ping_status":"closed","template":"","meta":{"_acf_changed":false},"product_brand":[],"product_cat":[81,76],"product_tag":[],"class_list":{"0":"post-2455","1":"product","2":"type-product","3":"status-publish","5":"product_cat-maisteriopinnot","6":"product_cat-opinnaytteet","8":"first","9":"instock","10":"shipping-taxable","11":"product-type-simple"},"acf":[],"_links":{"self":[{"href":"https:\/\/etno.net\/en\/wp-json\/wp\/v2\/product\/2455","targetHints":{"allow":["GET"]}}],"collection":[{"href":"https:\/\/etno.net\/en\/wp-json\/wp\/v2\/product"}],"about":[{"href":"https:\/\/etno.net\/en\/wp-json\/wp\/v2\/types\/product"}],"replies":[{"embeddable":true,"href":"https:\/\/etno.net\/en\/wp-json\/wp\/v2\/comments?post=2455"}],"wp:attachment":[{"href":"https:\/\/etno.net\/en\/wp-json\/wp\/v2\/media?parent=2455"}],"wp:term":[{"taxonomy":"product_brand","embeddable":true,"href":"https:\/\/etno.net\/en\/wp-json\/wp\/v2\/product_brand?post=2455"},{"taxonomy":"product_cat","embeddable":true,"href":"https:\/\/etno.net\/en\/wp-json\/wp\/v2\/product_cat?post=2455"},{"taxonomy":"product_tag","embeddable":true,"href":"https:\/\/etno.net\/en\/wp-json\/wp\/v2\/product_tag?post=2455"}],"curies":[{"name":"wp","href":"https:\/\/api.w.org\/{rel}","templated":true}]}}