{"id":2456,"date":"2021-03-03T12:24:39","date_gmt":"2021-03-03T10:24:39","guid":{"rendered":"https:\/\/etno.net\/?post_type=product&#038;p=2456"},"modified":"2021-03-03T12:24:39","modified_gmt":"2021-03-03T10:24:39","slug":"stemmasoittoa-viululla-oppaan-pedagogiset-tavoitteet-ja-niiden-toteutuminen","status":"publish","type":"product","link":"https:\/\/etno.net\/en\/julkaisu\/opinnaytteet\/maisteriopinnot\/stemmasoittoa-viululla-oppaan-pedagogiset-tavoitteet-ja-niiden-toteutuminen","title":{"rendered":"Stemmasoittoa viululla -oppaan pedagogiset tavoitteet ja niiden toteutuminen"},"content":{"rendered":"<h2>Tiivistelm\u00e4<\/h2>\n<p>Projektini aihe on viulun stemmasoitto. Projektin taiteellinen osa on tekem\u00e4ni opas Stemmasoittoa viululla, jonka Sibelius-Akatemian kansanmusiikin osasto julkaisi oppimateriaalijulkaisusarjassaan helmikuussa 2001. Oppaassa on tekem\u00e4ni 2-3-\u00e4\u00e4niset viulusovitukset kuudesta pelimannis\u00e4velm\u00e4st\u00e4, sek\u00e4 samat sovitukset sis\u00e4lt\u00e4v\u00e4 oheis-cd. Levyll\u00e4 on sek\u00e4 hitaasti soitettuja raitoja korvakuulo-opetteluun ett\u00e4 erilaisia stemmayhdistelmi\u00e4; oppaan k\u00e4ytt\u00e4j\u00e4 voi valita mit\u00e4 stemmoja levylt\u00e4 kuuluu ja soittaa mukana. Olen soittanut itse kaikki levyn viuluosuudet.<\/p>\n<p>Projektin kirjallisessa ty\u00f6ss\u00e4 kuvaan oppaan tekoprosessia ja kerron aiheen rajauksen eri vaiheita. Ennen muuta k\u00e4yn l\u00e4pi oppaalle asettamiani pedagogisia tavoitteita ja tekemi\u00e4ni ratkaisuja: k\u00e4yn l\u00e4pi melodioiden, stemmojen pari\u00e4\u00e4nien, jousituksien, harmonioiden ja oheis-cd:n pedagogisia taustoja. Lopuksi arvioin itse onnistumista pedagogisissa ja taiteellisissa tavoitteissa ja pohdin millaisia voisivat olla tulevat soitto-oppaat.<\/p>\n<p>Haastattelin kirjalliseen osuuteen muusikko Timo Alakotilaa. H\u00e4n antaa palautetta eritysti sovitusten taiteellisesta puolesta, sek\u00e4 kertoo yleisemminkin n\u00e4kemyksi\u00e4\u00e4n ja kokemuksiaan sovittamisesta.<\/p>\n<h2>Sis\u00e4llys<\/h2>\n<dl>\n<dt><strong>1 Johdanto eli idea viulun stemmasoitto-oppaasta<\/strong><\/dt>\n<\/dl>\n<p>&nbsp;<\/p>\n<dl>\n<dt><strong>2 Yhteisty\u00f6t\u00e4 &#8211; ideasta valmiiksi oppaaksi<\/strong><\/dt>\n<\/dl>\n<p>&nbsp;<\/p>\n<dl>\n<dt><strong>3 Pedagogisia tavoitteita<\/strong><\/dt>\n<dt>3.1 Tutustumista pari\u00e4\u00e4nien soittoon<\/dt>\n<dt>3.2 Erilaisia jousitusvaihtoehtoja<\/dt>\n<dt>3.3 Selke\u00e4t harmoniat ja sointumerkit<\/dt>\n<dt>3.4 Korvakuulo-opettelua oheis-cd:n avulla<\/dt>\n<\/dl>\n<p>&nbsp;<\/p>\n<dl>\n<dt><strong>4 Johtop\u00e4\u00e4t\u00f6kset eli oppaan pedagoginen anti<\/strong><\/dt>\n<dt>4.1 Kappalekohtainen arviointi<\/dt>\n<dt>4.2 Palautteen antajana Timo Alakotila<\/dt>\n<dd>4.2.1 Keskustelua yleisesti oppaasta<\/dd>\n<dd>4.2.2 Keskustelua kappale kappaleelta<\/dd>\n<\/dl>\n<p>&nbsp;<\/p>\n<dl>\n<dt><strong>5 Mit\u00e4 oppaasta oppii<\/strong><\/dt>\n<\/dl>\n<p>&nbsp;<\/p>\n<dl>\n<dt>Liite 1 (s. 1-40) Stemmasoittoa viululla<\/dt>\n<dt>Liite 2 Esimerkkej\u00e4 suomalaisista stemmasoittonuottijulkaisuista<\/dt>\n<\/dl>","protected":false},"excerpt":{"rendered":"<p>Tiivistelm\u00e4 Projektini aihe on viulun stemmasoitto. Projektin taiteellinen osa on tekem\u00e4ni opas Stemmasoittoa viululla, jonka Sibelius-Akatemian kansanmusiikin osasto julkaisi oppimateriaalijulkaisusarjassaan helmikuussa 2001. Oppaassa on tekem\u00e4ni 2-3-\u00e4\u00e4niset viulusovitukset kuudesta pelimannis\u00e4velm\u00e4st\u00e4, sek\u00e4 samat sovitukset sis\u00e4lt\u00e4v\u00e4 oheis-cd. Levyll\u00e4 on sek\u00e4 hitaasti soitettuja raitoja korvakuulo-opetteluun ett\u00e4 erilaisia stemmayhdistelmi\u00e4; oppaan k\u00e4ytt\u00e4j\u00e4 voi valita mit\u00e4 stemmoja levylt\u00e4 kuuluu ja soittaa mukana. [&hellip;]<\/p>\n","protected":false},"featured_media":0,"comment_status":"closed","ping_status":"closed","template":"","meta":{"_acf_changed":false},"product_brand":[],"product_cat":[81,76],"product_tag":[],"class_list":{"0":"post-2456","1":"product","2":"type-product","3":"status-publish","5":"product_cat-maisteriopinnot","6":"product_cat-opinnaytteet","8":"first","9":"instock","10":"shipping-taxable","11":"product-type-simple"},"acf":[],"_links":{"self":[{"href":"https:\/\/etno.net\/en\/wp-json\/wp\/v2\/product\/2456","targetHints":{"allow":["GET"]}}],"collection":[{"href":"https:\/\/etno.net\/en\/wp-json\/wp\/v2\/product"}],"about":[{"href":"https:\/\/etno.net\/en\/wp-json\/wp\/v2\/types\/product"}],"replies":[{"embeddable":true,"href":"https:\/\/etno.net\/en\/wp-json\/wp\/v2\/comments?post=2456"}],"wp:attachment":[{"href":"https:\/\/etno.net\/en\/wp-json\/wp\/v2\/media?parent=2456"}],"wp:term":[{"taxonomy":"product_brand","embeddable":true,"href":"https:\/\/etno.net\/en\/wp-json\/wp\/v2\/product_brand?post=2456"},{"taxonomy":"product_cat","embeddable":true,"href":"https:\/\/etno.net\/en\/wp-json\/wp\/v2\/product_cat?post=2456"},{"taxonomy":"product_tag","embeddable":true,"href":"https:\/\/etno.net\/en\/wp-json\/wp\/v2\/product_tag?post=2456"}],"curies":[{"name":"wp","href":"https:\/\/api.w.org\/{rel}","templated":true}]}}