{"id":2458,"date":"2021-03-03T12:34:34","date_gmt":"2021-03-03T10:34:34","guid":{"rendered":"https:\/\/etno.net\/?post_type=product&#038;p=2458"},"modified":"2021-03-03T12:34:34","modified_gmt":"2021-03-03T10:34:34","slug":"kohti-kokonaisvaltaisempaa-soitonopetusta","status":"publish","type":"product","link":"https:\/\/etno.net\/en\/julkaisu\/opinnaytteet\/maisteriopinnot\/kohti-kokonaisvaltaisempaa-soitonopetusta","title":{"rendered":"Kohti kokonaisvaltaisempaa soitonopetusta"},"content":{"rendered":"<h2>Tiivistelm\u00e4<\/h2>\n<p>Projektini oli er\u00e4\u00e4nlainen opetuskokeilu Raahen musiikkiopistossa lukuvuonna 2001-2002. Toimin ko. opiston kanteleensoiton p\u00e4\u00e4toimisena opettajana. Halusin lis\u00e4t\u00e4 opetukseeni elementtej\u00e4, jotka eiv\u00e4t varsinaisesti ole soitonopetusta, mutta joista jokaisen soittajan olisi hyv\u00e4 olla tietoinen. Pedagogisessa projektissani k\u00e4sittelemi\u00e4ni aiheita olivat: hengitysharjoitukset, rentoutusharjoitukset, lihasten l\u00e4mmittely ja venyttely, soittoergonomia, esiintymisharjoitukset, esiintymistilanteeseen kuuluvat asiat ja esiintymisj\u00e4nnitys.<\/p>\n<p>Toteutin projektini omien oppilaitteni kanssa, normaalin opetuksen yhteydess\u00e4. Vapaaehtoisista oppilaista muodostin kaksi ryhm\u00e4\u00e4: 8-13 -vuotiaat ja 16-19 -vuotiaat. Nuorempien ryhm\u00e4ss\u00e4 oli 7 tytt\u00f6\u00e4 ja vanhempien 4 tytt\u00f6\u00e4. Projektitunnit olivat 60 minuutin mittaisia ja niit\u00e4 pidettiin noin kymmenen kertaa.<\/p>\n<p>Projektini kirjallisessa osuudessa perustelen, miksi haluan sis\u00e4llytt\u00e4\u00e4 omaan opetukseeni edell\u00e4 mainittuja harjoituksia ja aiheita. Kerron my\u00f6s, kuinka toteutin projektitunnit, mit\u00e4 muutoksia projektin aikana tapahtui ja kuinka oppilaani suhtautuivat projektitunteihin ja niill\u00e4 k\u00e4siteltyihin aiheisiin. Opetuskokeilun avulla yritin selvitt\u00e4\u00e4 itselleni, mik\u00e4 olisi toimiva tapa k\u00e4ytt\u00e4\u00e4 n\u00e4it\u00e4 harjoituksia opetuksen yhteydess\u00e4. My\u00f6s oppilaiden suhtautumisella oli merkityst\u00e4 eli haluavatko he vastaanottaa t\u00e4llaista opetusta. Projektin tulos oli kannustava, innostava ja uusia ajatuksia her\u00e4tt\u00e4v\u00e4.<\/p>\n<h2>Sis\u00e4llysluettelo<\/h2>\n<dl>\n<dt><strong>1. Johdanto<\/strong><\/dt>\n<\/dl>\n<p>&nbsp;<\/p>\n<dl>\n<dt><strong>2. Taustatekij\u00e4t<\/strong><\/dt>\n<dt>2.1 Otteita omasta soittohistoriasta<\/dt>\n<dt>2.2 Opetusty\u00f6ss\u00e4 esiin tulleita ongelmia<\/dt>\n<dt>2.3 Huoli liikunnan v\u00e4hyydest\u00e4<\/dt>\n<dt>2.4 Oman opetuksen p\u00e4\u00e4tavoitteet<\/dt>\n<\/dl>\n<p>&nbsp;<\/p>\n<dl>\n<dt><strong>3 Projekti Raahen musiikkiopistossa<\/strong><\/dt>\n<dt>3.1 Projektituntien asiasis\u00e4ll\u00f6t ja niiden toteutus<\/dt>\n<dd>3.1.1 Hengitysharjoitukset<\/dd>\n<dd>3.1.2 Lihasten l\u00e4mmittely ja venyttely<\/dd>\n<dd>3.1.3 Rentoutusharjoitukset<\/dd>\n<dd>3.1.4 Soittoergonomia<\/dd>\n<dd>3.1.5 Esiintymisharjoitukset<\/dd>\n<dd>3.1.6 Keskustelut: esiintymisj\u00e4nnitys ja esiintymisen ulkomusiikilliset tekij\u00e4t<\/dd>\n<dt>3.2 Projektiin liittyvi\u00e4 huomioita, muutoksia ja ongelmia<\/dt>\n<dt>3.3 Projektin p\u00e4\u00e4t\u00f6s ja oppilaiden palaute<\/dt>\n<\/dl>\n<p>&nbsp;<\/p>\n<dl>\n<dt><strong>4. Omat p\u00e4\u00e4telm\u00e4t<\/strong><\/dt>\n<\/dl>\n<p>&nbsp;<\/p>\n<dl>\n<dt>L\u00e4hteet<\/dt>\n<dt>Kirjallisuutta<\/dt>\n<dt>Liitteet 1-6<\/dt>\n<\/dl>","protected":false},"excerpt":{"rendered":"<p>Projektity\u00f6<br \/>\nTaideyliopiston Sibelius-Akatemia<br \/>\nKansanmusiikin aineryhm\u00e4<br \/>\n2002<\/p>","protected":false},"featured_media":0,"comment_status":"closed","ping_status":"closed","template":"","meta":{"_acf_changed":false},"product_brand":[],"product_cat":[81,76],"product_tag":[],"class_list":{"0":"post-2458","1":"product","2":"type-product","3":"status-publish","5":"product_cat-maisteriopinnot","6":"product_cat-opinnaytteet","8":"first","9":"instock","10":"shipping-taxable","11":"product-type-simple"},"acf":[],"_links":{"self":[{"href":"https:\/\/etno.net\/en\/wp-json\/wp\/v2\/product\/2458","targetHints":{"allow":["GET"]}}],"collection":[{"href":"https:\/\/etno.net\/en\/wp-json\/wp\/v2\/product"}],"about":[{"href":"https:\/\/etno.net\/en\/wp-json\/wp\/v2\/types\/product"}],"replies":[{"embeddable":true,"href":"https:\/\/etno.net\/en\/wp-json\/wp\/v2\/comments?post=2458"}],"wp:attachment":[{"href":"https:\/\/etno.net\/en\/wp-json\/wp\/v2\/media?parent=2458"}],"wp:term":[{"taxonomy":"product_brand","embeddable":true,"href":"https:\/\/etno.net\/en\/wp-json\/wp\/v2\/product_brand?post=2458"},{"taxonomy":"product_cat","embeddable":true,"href":"https:\/\/etno.net\/en\/wp-json\/wp\/v2\/product_cat?post=2458"},{"taxonomy":"product_tag","embeddable":true,"href":"https:\/\/etno.net\/en\/wp-json\/wp\/v2\/product_tag?post=2458"}],"curies":[{"name":"wp","href":"https:\/\/api.w.org\/{rel}","templated":true}]}}