{"id":2459,"date":"2021-03-03T12:35:29","date_gmt":"2021-03-03T10:35:29","guid":{"rendered":"https:\/\/etno.net\/?post_type=product&#038;p=2459"},"modified":"2021-03-03T12:35:29","modified_gmt":"2021-03-03T10:35:29","slug":"lauluni-kirjoituksia-musiikin-kokemisesta","status":"publish","type":"product","link":"https:\/\/etno.net\/en\/julkaisu\/opinnaytteet\/maisteriopinnot\/lauluni-kirjoituksia-musiikin-kokemisesta","title":{"rendered":"Lauluni &#8211; Kirjoituksia musiikin kokemisesta"},"content":{"rendered":"<h2>Tiivistelm\u00e4<\/h2>\n<p>Projektini kirjallisessa osassa k\u00e4sittelen musiikin omakohtaista kokemista sek\u00e4 muusikkona ett\u00e4 kuulijana. Tarkoituksenani oli selvitt\u00e4\u00e4 ajatuksiani siit\u00e4, mik\u00e4 minulle on musiikissa t\u00e4rke\u00e4\u00e4 juuri nyt.<\/p>\n<p>Olen huomannut, ett\u00e4 huomioni kiinnittyy usein musiikin kannalta toisarvoisiin asioihin, sek\u00e4 laulaessa ett\u00e4 musiikkia kuunnellessa. Suurimmaksi osaksi lasken sen johtuvan siit\u00e4, ett\u00e4 tied\u00e4n liikaa, jolloin musiikin v\u00e4lit\u00f6n kokeminen tulee vaikeaksi. Tieto on muuri ihmisen ja musiikin v\u00e4liss\u00e4, jollei siit\u00e4 osaa ja uskalla v\u00e4lill\u00e4 p\u00e4\u00e4st\u00e4\u00e4 irti. Haluaisin p\u00e4\u00e4st\u00e4 l\u00e4hemm\u00e4s musiikkia, riisua turhuudet sen ymp\u00e4rilt\u00e4, sek\u00e4 ilmaista itse\u00e4ni niin rehellisesti ja yksinkertaisesti kuin mahdollista.<\/p>\n<p>Ty\u00f6ss\u00e4ni k\u00e4sittelen musiikkia yleens\u00e4, en erityisesti esimerkiksi kansanmusiikkia, sill\u00e4 mielest\u00e4ni, kaikki musiikki on lopulta samaa. Musiikin lajittelu johtaa ajatukset harhateille, pois asian ytimest\u00e4.<\/p>\n<p>Kirjoitusprosessi oli minulle eritt\u00e4in hy\u00f6dyllinen ja mieluinen. Asiat, jotka ovat py\u00f6rineet p\u00e4\u00e4ss\u00e4ni pitk\u00e4\u00e4n, selventyiv\u00e4t huomattavasti. Tied\u00e4n nyt paremmin, millainen muusikko ja ihminen olen, n\u00e4en selvemmin, mit\u00e4 haluan tehd\u00e4 jatkossa.<\/p>\n<p>Projektin taiteellinen osuus on levy, joka sis\u00e4lt\u00e4\u00e4 sek\u00e4 sovitettuja kansans\u00e4velmi\u00e4 ett\u00e4 improvisaatiota. Levyll\u00e4 soittavat Tuomas Airola, Iro Haala ja ja Jorma Tapio, itseni Toimiessa laulusolistina. \u00c4\u00e4nitys on tehty Kallio-Kuninkalan studiossa syyskuussa 2002.<\/p>\n<h2>Sis\u00e4llys<\/h2>\n<dl>\n<dt>Johdanto<\/dt>\n<dt>Hengitys<\/dt>\n<dt>&#8221;Min\u00e4&#8221;<\/dt>\n<dt>Kuulija<\/dt>\n<dt>Maria<\/dt>\n<dt>Hiljaisuus<\/dt>\n<dt>Humaltuminen<\/dt>\n<dt>&#8221;Ei mit\u00e4\u00e4n&#8221;<\/dt>\n<dt>Ilmaisu<\/dt>\n<dt>Billie<\/dt>\n<dt>Laulava ihminen<\/dt>\n<dt>Bj\u00f6rk<\/dt>\n<dt>Oma kieli<\/dt>\n<dt>Totuus<\/dt>\n<dt>Lopuksi<\/dt>\n<\/dl>\n<p>&nbsp;<\/p>\n<dl>\n<dt>L\u00e4hteet<\/dt>\n<\/dl>","protected":false},"excerpt":{"rendered":"<p>Projektity\u00f6<br \/>\nTaideyliopiston Sibelius-Akatemia<br \/>\nKansanmusiikin aineryhm\u00e4<br \/>\n2002<\/p>","protected":false},"featured_media":0,"comment_status":"closed","ping_status":"closed","template":"","meta":{"_acf_changed":false},"product_brand":[],"product_cat":[81,76],"product_tag":[],"class_list":{"0":"post-2459","1":"product","2":"type-product","3":"status-publish","5":"product_cat-maisteriopinnot","6":"product_cat-opinnaytteet","8":"first","9":"instock","10":"shipping-taxable","11":"product-type-simple"},"acf":[],"_links":{"self":[{"href":"https:\/\/etno.net\/en\/wp-json\/wp\/v2\/product\/2459","targetHints":{"allow":["GET"]}}],"collection":[{"href":"https:\/\/etno.net\/en\/wp-json\/wp\/v2\/product"}],"about":[{"href":"https:\/\/etno.net\/en\/wp-json\/wp\/v2\/types\/product"}],"replies":[{"embeddable":true,"href":"https:\/\/etno.net\/en\/wp-json\/wp\/v2\/comments?post=2459"}],"wp:attachment":[{"href":"https:\/\/etno.net\/en\/wp-json\/wp\/v2\/media?parent=2459"}],"wp:term":[{"taxonomy":"product_brand","embeddable":true,"href":"https:\/\/etno.net\/en\/wp-json\/wp\/v2\/product_brand?post=2459"},{"taxonomy":"product_cat","embeddable":true,"href":"https:\/\/etno.net\/en\/wp-json\/wp\/v2\/product_cat?post=2459"},{"taxonomy":"product_tag","embeddable":true,"href":"https:\/\/etno.net\/en\/wp-json\/wp\/v2\/product_tag?post=2459"}],"curies":[{"name":"wp","href":"https:\/\/api.w.org\/{rel}","templated":true}]}}