{"id":2461,"date":"2021-03-03T12:37:28","date_gmt":"2021-03-03T10:37:28","guid":{"rendered":"https:\/\/etno.net\/?post_type=product&#038;p=2461"},"modified":"2021-03-03T12:37:28","modified_gmt":"2021-03-03T10:37:28","slug":"moni-moitti-muotoani-piirrosanimaation-musiikin-muotoutuminen-ensimmaisesta-puhelusta-valmiiseen-tyohon","status":"publish","type":"product","link":"https:\/\/etno.net\/en\/julkaisu\/opinnaytteet\/maisteriopinnot\/moni-moitti-muotoani-piirrosanimaation-musiikin-muotoutuminen-ensimmaisesta-puhelusta-valmiiseen-tyohon","title":{"rendered":"Moni moitti muotoani &#8211; Piirrosanimaation musiikin muotoutuminen ensimm\u00e4isest\u00e4 puhelusta valmiiseen ty\u00f6h\u00f6n"},"content":{"rendered":"<h2>Tiivistelm\u00e4<\/h2>\n<p>Ty\u00f6ni aihe on piirrosanimaation musiikin ja \u00e4\u00e4nimaiseman s\u00e4velt\u00e4miseen ja valmistamiseen liittyv\u00e4 prosessi alkuyhteydenotoista valmiin ty\u00f6n tarkasteluun. Ty\u00f6ss\u00e4ni tarkastelen minulle uuden musiikillisen ilmaisun, kuvalle alisteisen musiikin estetiikkaa ja vaatimuksia. Taiteellinen ty\u00f6ni on musiikki Leena J\u00e4\u00e4skel\u00e4isen ohjaamaan &#8221;Moni moitti muotoani&#8221;-piirrosanimaatioon. Sen tuottajana toimi Kinoproduction Oy. Musiikin tuotannosta vastasi Musicmakers Oy. \u00c4\u00e4nitt\u00e4j\u00e4n\u00e4 toimi Musicmakers Oy:n ty\u00f6ntekij\u00e4 Lauri J\u00e4rvilehto.<\/p>\n<p>Kirjallisessa osuudessa kerron ty\u00f6n etenemisen vaihe vaiheelta. K\u00e4sittelen k\u00e4yt\u00e4nn\u00f6n asioita kuten ty\u00f6n mahdollistavia henkil\u00f6j\u00e4rjestelyit\u00e4 ja produktioissa mukana olleiden rooleja sek\u00e4 omia tavoitteitani ty\u00f6n suhteen. Kuvailen my\u00f6s taiteellista n\u00e4k\u00f6kulmaani ja sen muotoutumista. Paneudun toteutukseen ja ty\u00f6n etenemiseen sek\u00e4 kommentoin valmista ty\u00f6t\u00e4.<\/p>\n<p>Projekti avasi silmi\u00e4ni ja korviani tajuamaan kuvan ja musiikin v\u00e4list\u00e4 vuorovaikutusta elokuvissa ja televisiosarjoissa. Kirjallisessa osiossa jouduin pohtimaan my\u00f6s taiteellisen prosessin selvitt\u00e4mist\u00e4 ja selitt\u00e4mist\u00e4 sanallisesti jotakuinkin muiden ymm\u00e4rrett\u00e4v\u00e4ll\u00e4 tavalla. T\u00e4m\u00e4 tuntui suurelta haasteelta, koska olen aina aiemmin pyrkinyt v\u00e4ltt\u00e4m\u00e4\u00e4n t\u00f6iden selittely\u00e4. Tunsin oppivani kirjallisen osion tekemisest\u00e4 kuitenkin paljon.<\/p>\n<h2>Tiivistelm\u00e4<\/h2>\n<dl>\n<dt>1. Johdanto<\/dt>\n<dt>2. K\u00e4yt\u00e4nn\u00f6n asiat<\/dt>\n<dd>2.1 Yhteydenotot<\/dd>\n<dd>2.2 Aikataulusta<\/dd>\n<dd>2.3 Omat tavoitteet<\/dd>\n<dt>3. Taiteellinen n\u00e4k\u00f6kulma ja sen muotoutuminen<\/dt>\n<dd>3.1 Otteita k\u00e4sikirjoituksesta ja runo kokonaisuudessaan<\/dd>\n<dd>3.2 Ohjaaja Leena J\u00e4\u00e4skel\u00e4isen ajatuksia ja toiveita<\/dd>\n<dd>3.3 Oman ajatuksen kulku<\/dd>\n<dt>4. Toteutus ja ty\u00f6n eteneminen<\/dt>\n<dd>4.1 Studiossa<\/dd>\n<dd>4.2 Lauri ty\u00f6kumppanina<\/dd>\n<dd>4.3 Tekniset murheet<\/dd>\n<dd>4.4 Miksaus<\/dd>\n<dd>4.5 Tuottajien roolit<\/dd>\n<dt>5. Valmista animaatiota kommentoiva osa<\/dt>\n<dd>5.1 Musiikin kulku lopullisessa animaatiossa<\/dd>\n<dd>5.2 Omat huomiot valmista animaatiota katsoessa<\/dd>\n<dd>5.3 Ohjaajan ja tuottajan mielipiteet valmiista ty\u00f6st\u00e4<\/dd>\n<dt>6. Yhteenveto<\/dt>\n<\/dl>\n<p>&nbsp;<\/p>\n<dl>\n<dt>Liitteet<\/dt>\n<dd>1. runo suomeksi ja ruotsiksi<\/dd>\n<dd>2. lopullinen k\u00e4sikirjoitus<\/dd>\n<dd>3. kuva-ajastus<\/dd>\n<dd>4. Korkean Veisun kohdat suomeksi ja ruotsiksi<\/dd>\n<dd>5. valmis animaatio videoformaattina<\/dd>\n<\/dl>\n<p>&nbsp;<\/p>\n<p><em>Ty\u00f6n videoliite kansanmusiikin aineryhm\u00e4n arkistoissa.<\/em><\/p>","protected":false},"excerpt":{"rendered":"<p>Projektity\u00f6<br \/>\nTaideyliopiston Sibelius-Akatemia<br \/>\nKansanmusiikin aineryhm\u00e4<br \/>\n2002<\/p>","protected":false},"featured_media":0,"comment_status":"closed","ping_status":"closed","template":"","meta":{"_acf_changed":false},"product_brand":[],"product_cat":[81,76],"product_tag":[],"class_list":{"0":"post-2461","1":"product","2":"type-product","3":"status-publish","5":"product_cat-maisteriopinnot","6":"product_cat-opinnaytteet","8":"first","9":"instock","10":"shipping-taxable","11":"product-type-simple"},"acf":[],"_links":{"self":[{"href":"https:\/\/etno.net\/en\/wp-json\/wp\/v2\/product\/2461","targetHints":{"allow":["GET"]}}],"collection":[{"href":"https:\/\/etno.net\/en\/wp-json\/wp\/v2\/product"}],"about":[{"href":"https:\/\/etno.net\/en\/wp-json\/wp\/v2\/types\/product"}],"replies":[{"embeddable":true,"href":"https:\/\/etno.net\/en\/wp-json\/wp\/v2\/comments?post=2461"}],"wp:attachment":[{"href":"https:\/\/etno.net\/en\/wp-json\/wp\/v2\/media?parent=2461"}],"wp:term":[{"taxonomy":"product_brand","embeddable":true,"href":"https:\/\/etno.net\/en\/wp-json\/wp\/v2\/product_brand?post=2461"},{"taxonomy":"product_cat","embeddable":true,"href":"https:\/\/etno.net\/en\/wp-json\/wp\/v2\/product_cat?post=2461"},{"taxonomy":"product_tag","embeddable":true,"href":"https:\/\/etno.net\/en\/wp-json\/wp\/v2\/product_tag?post=2461"}],"curies":[{"name":"wp","href":"https:\/\/api.w.org\/{rel}","templated":true}]}}