{"id":2462,"date":"2021-03-03T12:45:30","date_gmt":"2021-03-03T10:45:30","guid":{"rendered":"https:\/\/etno.net\/?post_type=product&#038;p=2462"},"modified":"2021-03-03T12:45:31","modified_gmt":"2021-03-03T10:45:31","slug":"vuosien-varrelta-merkittavimmat-savellykseni-ja-oma-tyylini","status":"publish","type":"product","link":"https:\/\/etno.net\/en\/julkaisu\/opinnaytteet\/maisteriopinnot\/vuosien-varrelta-merkittavimmat-savellykseni-ja-oma-tyylini","title":{"rendered":"Vuosien varrelta &#8211; merkitt\u00e4vimm\u00e4t s\u00e4vellykseni ja oma tyylini"},"content":{"rendered":"<h2>Tiivistelm\u00e4<\/h2>\n<p>Projektity\u00f6ni taiteellisena osuutena ovat minulle merkitt\u00e4vimm\u00e4t s\u00e4vellykseni, Jotka olen s\u00e4velt\u00e4nyt 1994\u20132000 v\u00e4lisen\u00e4 aikana. S\u00e4vellyksi\u00e4 on yhteens\u00e4 kuusi, ja ne on \u00e4\u00e4nitetty kirjallisen ty\u00f6n liitteen\u00e4 olevalle CD-levylle.<\/p>\n<p>Kerron kappalekohtaisesti miten s\u00e4vellykseni ovat syntyneet ja mit\u00e4 s\u00e4vellys- ja sovitustyylej\u00e4 olen niiss\u00e4 k\u00e4ytt\u00e4nyt. Vertailen kappaleita kesken\u00e4\u00e4n ja tutkin onko niill\u00e4 yhteisi\u00e4 ominaisuuksia, jotka muodostavat oman tyylini. Pohdin, miten s\u00e4vellystyyli\u00e4ni voisi tulevaisuudessa kehitt\u00e4\u00e4. Havainnoin kappaleiden muuttumista \u00e4\u00e4nityksess\u00e4.<\/p>\n<p>Tarkasteluni tuotti hyv\u00e4n lopputuloksen, L\u00f6ysin oman s\u00e4vellystyylini ja parannettavaakin l\u00f6ytyi. S\u00e4vellykseni ovat kuitenkin riitt\u00e4v\u00e4n monipuolisia sellaisenaankin. Itseluottamukseni kohosi. Ilman t\u00e4t\u00e4 tutkimusta olisin ep\u00e4tietoinen s\u00e4vellysteni yht\u00e4l\u00e4isyyksist\u00e4 ja omasta tyylist\u00e4ni. Kirjallisen ty\u00f6n lopussa on liitteen\u00e4 nuotit s\u00e4vellyksist\u00e4ni, joita t\u00e4ss\u00e4 ty\u00f6ss\u00e4 tarkastelen.<\/p>\n<h2>Sis\u00e4llysluettelo<\/h2>\n<p>1. Johdanto<\/p>\n<p>2. S\u00e4vellysten l\u00e4ht\u00f6kohdat<\/p>\n<ul>\n<li>2.1. Kirppu navassa<\/li>\n<li>2.2. Itku<\/li>\n<li>2.3. Bulga<\/li>\n<li>2.4. Triolipolska<\/li>\n<li>2.5. Julian sottiisi<\/li>\n<li>2.6. Mets\u00e4<\/li>\n<\/ul>\n<p>3. S\u00e4vellysten toteutus<\/p>\n<ul>\n<li>3.1. Kirppu navassa<\/li>\n<li>3.2. Itku<\/li>\n<li>3.3. Bulga<\/li>\n<li>3.4. Triolipolska<\/li>\n<li>3.5. Julian sottiisi<\/li>\n<li>3.6. Mets\u00e4<\/li>\n<\/ul>\n<p>4. S\u00e4vellysten yht\u00e4l\u00e4isyydet<\/p>\n<ul>\n<li>4.1. Tahtilajit s\u00e4vellajit ja muodot<\/li>\n<li>4.2. Soitinnus sovitus ja soinnutus<\/li>\n<li>4.3. Rytmiikka<\/li>\n<li>4.4. Kestot ja tempot<\/li>\n<li>4.5. Muita yleisi\u00e4 huomioita<\/li>\n<\/ul>\n<p>5. Taiteellisen osuuden toteutus<\/p>\n<ul>\n<li>5.1. Havainnot s\u00e4vellysten muuttumisesta<\/li>\n<\/ul>\n<p>6. Johtop\u00e4\u00e4t\u00f6kset<\/p>\n<p>Liitteet<br \/>\nNuotit ty\u00f6n liitteen\u00e4 \u00e4\u00e4nite Sibelius-Akatemian kansanmusiikin osaston kirjastossa.<\/p>","protected":false},"excerpt":{"rendered":"<p>Projektity\u00f6<br \/>\nTaideyliopiston Sibelius-Akatemia<br \/>\nKansanmusiikin aineryhm\u00e4<br \/>\n2002<\/p>","protected":false},"featured_media":0,"comment_status":"closed","ping_status":"closed","template":"","meta":{"_acf_changed":false},"product_brand":[],"product_cat":[81,76],"product_tag":[],"class_list":{"0":"post-2462","1":"product","2":"type-product","3":"status-publish","5":"product_cat-maisteriopinnot","6":"product_cat-opinnaytteet","8":"first","9":"instock","10":"shipping-taxable","11":"product-type-simple"},"acf":[],"_links":{"self":[{"href":"https:\/\/etno.net\/en\/wp-json\/wp\/v2\/product\/2462","targetHints":{"allow":["GET"]}}],"collection":[{"href":"https:\/\/etno.net\/en\/wp-json\/wp\/v2\/product"}],"about":[{"href":"https:\/\/etno.net\/en\/wp-json\/wp\/v2\/types\/product"}],"replies":[{"embeddable":true,"href":"https:\/\/etno.net\/en\/wp-json\/wp\/v2\/comments?post=2462"}],"wp:attachment":[{"href":"https:\/\/etno.net\/en\/wp-json\/wp\/v2\/media?parent=2462"}],"wp:term":[{"taxonomy":"product_brand","embeddable":true,"href":"https:\/\/etno.net\/en\/wp-json\/wp\/v2\/product_brand?post=2462"},{"taxonomy":"product_cat","embeddable":true,"href":"https:\/\/etno.net\/en\/wp-json\/wp\/v2\/product_cat?post=2462"},{"taxonomy":"product_tag","embeddable":true,"href":"https:\/\/etno.net\/en\/wp-json\/wp\/v2\/product_tag?post=2462"}],"curies":[{"name":"wp","href":"https:\/\/api.w.org\/{rel}","templated":true}]}}