{"id":2463,"date":"2021-03-03T12:46:53","date_gmt":"2021-03-03T10:46:53","guid":{"rendered":"https:\/\/etno.net\/?post_type=product&#038;p=2463"},"modified":"2021-03-03T12:46:53","modified_gmt":"2021-03-03T10:46:53","slug":"vienan-karjalan-joiku-vei-mukanaan-kokemuksia-uuden-laulutyylin-oppimisesta","status":"publish","type":"product","link":"https:\/\/etno.net\/en\/julkaisu\/opinnaytteet\/maisteriopinnot\/vienan-karjalan-joiku-vei-mukanaan-kokemuksia-uuden-laulutyylin-oppimisesta","title":{"rendered":"Vienan Karjalan joiku vei mukanaan &#8211; Kokemuksia uuden laulutyylin oppimisesta"},"content":{"rendered":"<h2>Tiivistelm\u00e4<\/h2>\n<p>Projektity\u00f6ni k\u00e4sittelee jo hiipuneen perinteen, vienankarjalaisen joiun oppimisprosessia ja sit\u00e4 miten k\u00e4yt\u00e4nn\u00f6n musisointi on vaikuttanut kansanmusiikin tieteelliseen puoleeni. L\u00e4ht\u00f6kohtana oli oppia kirjallisuuden kautta tuntemani tyyli henkil\u00f6kohtaisesti laulamalla. Kirjojen ja tutkimusten vajavaiset tiedot Vienan karjalan joiun \u00e4\u00e4nenk\u00e4yt\u00f6st\u00e4 ja laulutavasta innostivat ker\u00e4\u00e4m\u00e4\u00e4n uutta tietoa subjektiivisesta n\u00e4k\u00f6kulmasta. Projektity\u00f6n kirjallinen osuus kuvaa laulutunneilla tehtyj\u00e4 harjoituksia, oppimisprosessia ja niiden mukanaan tuomia tunteita.<\/p>\n<p>Vienan Karjalan joikua on esiintynyt Vienan luoteisosissa, P\u00e4\u00e4- ja Tuoppaj\u00e4rven seuduilla, minne mm. A. O. V\u00e4is\u00e4nen teki keruumatkoja vuosina 1915 ja 1918. Tuolloin laulutyyli oli viel\u00e4 el\u00e4v\u00e4\u00e4 perinnett\u00e4, mutta t\u00e4n\u00e4 p\u00e4iv\u00e4n\u00e4 se on jo l\u00e4hestulkoon kadonnut. Kauaskantoisen, poikamiehist\u00e4 kertovan satiirisen joikulaulun tunnuspiirteit\u00e4 on viel\u00e4 osittain selvitt\u00e4m\u00e4tt\u00e4, kuten esimerkiksi musiikillinen kerto eli refrengi. Refrengi on joiun itsen\u00e4inen osa, jossa melodisesti kuvaillaan joiuttavaa poikaa. Kerrossa k\u00e4ytet\u00e4\u00e4n tekstuurin sijasta refrengitavuja esim. joo-ho-hoo. Vienankarjalaiset joikujat k\u00e4yttiv\u00e4t refrengist\u00e4 nimityst\u00e4 hehetys.<\/p>\n<p>Projektin kautta olen ymm\u00e4rt\u00e4nyt ett\u00e4 arkistomusiikin tuomien kysymysten ratkaisemiseen tarvitaan sek\u00e4 teoreettista ett\u00e4 k\u00e4yt\u00e4nn\u00f6n musisointia.<\/p>\n<p>Vienankarjalaisen joikulaulutyylin alkuaskeleiden oppiminen onnistui, mik\u00e4 avarsi ja auttoi selvent\u00e4m\u00e4\u00e4n teoreettista tietopohjaa. oppimisprosessini tuloksena oli my\u00f6s vahvempi ote laulamiseen sek\u00e4 v\u00e4\u00e4rin tekemisen pelon v\u00e4heneminen. T\u00e4m\u00e4 oli t\u00e4rkeimpi\u00e4 oppeja itsetuntoni vahvistumisessa laulajana.<\/p>\n<h2>Sis\u00e4llysluettelo<\/h2>\n<dl>\n<dt><strong>1. Johdanto<\/strong><\/dt>\n<\/dl>\n<p>&nbsp;<\/p>\n<dl>\n<dt><strong>2. Vienan Karjalan joiku<\/strong><\/dt>\n<\/dl>\n<p>&nbsp;<\/p>\n<dl>\n<dt><strong>3. Joiku ja etnomusikologian opinnot<\/strong><\/dt>\n<dt>3.1 Miten l\u00e4hdin liikkeelle<\/dt>\n<dt>3.2 Pro gradu -tutkielma<\/dt>\n<\/dl>\n<p>&nbsp;<\/p>\n<dl>\n<dt><strong>4. Min\u00e4 joikujana<\/strong><\/dt>\n<dt>4.1 Tausta<\/dt>\n<dt>4.2 Vienan Karjalan joikutunnit<\/dt>\n<dt>4.3 Harjoitteluprosessit<\/dt>\n<dt>4.4 \u00c4\u00e4nenk\u00e4yt\u00f6lliset huomiot<\/dt>\n<dt>4.5 Tarinankertojan roolissa<\/dt>\n<\/dl>\n<p>&nbsp;<\/p>\n<dl>\n<dt><strong>5. Muusikkouden vaikutus tieteelliseen kirjoittamiseen<\/strong><\/dt>\n<dt>5.1 Tiedon lis\u00e4\u00e4ntyminen<\/dt>\n<dt>5.2 Ajattelutavan muuttuminen<\/dt>\n<dt>5.3 Transkriptiomenetelm\u00e4t<\/dt>\n<dd>5.3.1 Tekstianalyysi<\/dd>\n<dd>5.3.2 Merkityksett\u00f6m\u00e4t tavut<\/dd>\n<\/dl>\n<p>&nbsp;<\/p>\n<dl>\n<dt><strong>6. Johtop\u00e4\u00e4t\u00f6kset<\/strong><\/dt>\n<\/dl>\n<p>&nbsp;<\/p>\n<dl>\n<dt><strong>L\u00e4hteet<\/strong><\/dt>\n<dt><strong>Liitteet<\/strong><\/dt>\n<\/dl>","protected":false},"excerpt":{"rendered":"<p>Projektity\u00f6<br \/>\nTaideyliopiston Sibelius-Akatemia<br \/>\nKansanmusiikin aineryhm\u00e4<br \/>\n2002<\/p>","protected":false},"featured_media":0,"comment_status":"closed","ping_status":"closed","template":"","meta":{"_acf_changed":false},"product_brand":[],"product_cat":[81,76],"product_tag":[],"class_list":{"0":"post-2463","1":"product","2":"type-product","3":"status-publish","5":"product_cat-maisteriopinnot","6":"product_cat-opinnaytteet","8":"first","9":"instock","10":"shipping-taxable","11":"product-type-simple"},"acf":[],"_links":{"self":[{"href":"https:\/\/etno.net\/en\/wp-json\/wp\/v2\/product\/2463","targetHints":{"allow":["GET"]}}],"collection":[{"href":"https:\/\/etno.net\/en\/wp-json\/wp\/v2\/product"}],"about":[{"href":"https:\/\/etno.net\/en\/wp-json\/wp\/v2\/types\/product"}],"replies":[{"embeddable":true,"href":"https:\/\/etno.net\/en\/wp-json\/wp\/v2\/comments?post=2463"}],"wp:attachment":[{"href":"https:\/\/etno.net\/en\/wp-json\/wp\/v2\/media?parent=2463"}],"wp:term":[{"taxonomy":"product_brand","embeddable":true,"href":"https:\/\/etno.net\/en\/wp-json\/wp\/v2\/product_brand?post=2463"},{"taxonomy":"product_cat","embeddable":true,"href":"https:\/\/etno.net\/en\/wp-json\/wp\/v2\/product_cat?post=2463"},{"taxonomy":"product_tag","embeddable":true,"href":"https:\/\/etno.net\/en\/wp-json\/wp\/v2\/product_tag?post=2463"}],"curies":[{"name":"wp","href":"https:\/\/api.w.org\/{rel}","templated":true}]}}