{"id":2464,"date":"2021-03-03T12:49:20","date_gmt":"2021-03-03T10:49:20","guid":{"rendered":"https:\/\/etno.net\/?post_type=product&#038;p=2464"},"modified":"2021-03-03T12:49:20","modified_gmt":"2021-03-03T10:49:20","slug":"katrilleja-ja-kirkonkelloja-kokemuksia-nakemyksia-ja-tuntemuksia-improvisaatiosta","status":"publish","type":"product","link":"https:\/\/etno.net\/en\/julkaisu\/opinnaytteet\/maisteriopinnot\/katrilleja-ja-kirkonkelloja-kokemuksia-nakemyksia-ja-tuntemuksia-improvisaatiosta","title":{"rendered":"Katrilleja ja kirkonkelloja &#8211; kokemuksia, n\u00e4kemyksi\u00e4 ja tuntemuksia improvisaatiosta"},"content":{"rendered":"<h2>Tiivistelm\u00e4<\/h2>\n<p>Projektini tarkastelee kansanmusiikki-improvisaatio sek\u00e4 omien improvisaatioideni kautta ett\u00e4 n\u00e4kemyksi\u00e4 kansanmusiikki-improvisaatiosta yleisesti. Halusin projektini kirjallisessa osassa laajentaa aihetta oman soittoni subjektiivisesta tarkastelusta kohti yleisempi\u00e4 kysymyksi\u00e4 ja pohtia, mit\u00e4 kansanmusiikki-improvisaatio on. Jo k\u00e4site kansanmusiikki-improvisaatio osoittautui sit\u00e4 mietiskelless\u00e4ni hyvin monimutkaiseksi ja vaikeaksi asiaksi. Mihink\u00e4\u00e4n tieteelliseen lopputulokseen en ole projektissani pyrkinyt, vaan esit\u00e4n l\u00e4hinn\u00e4 omien ajatuksiani kansanmusiikki-improvisaatiosta iaheesta jo kirjoitettujen muutamien tutkimusten ja artikkeleiden pohjalta. Lis\u00e4ksi haastattelin professori Heikki Laitista ja muusikko-s\u00e4velt\u00e4j\u00e4 Timo Alakotilaa.<\/p>\n<p>Kirjallisessa osiossa tarkastelen omia improvisaatioitani vuosilta 1999-2002. Projektissa tarkasteltavat imrpovisaatiot ovat kappaleita <em>Katrilli<\/em>-levylt\u00e4ni ja p\u00e4\u00e4instrumentti 2 -tutkinnostani. Tarkastelun l\u00e4ht\u00f6kohdaksi valitsin nauhoitukset, joita olen tehnyt eri paikoissa l\u00e4hinn\u00e4 vajaan vuoden mittaisella jaksolla kes\u00e4st\u00e4 2001 kev\u00e4\u00e4seen 2002. Nuotinnoksia en ole improvisaatiostani tehnyt. Kirjallisen ty\u00f6n liitteen\u00e4 on nelj\u00e4 CD-levy\u00e4, joihin olen koostanut \u00e4\u00e4nityksi\u00e4ni.<\/p>\n<p>Projektini taiteellinen osa on <em>Katrilli<\/em>-levy, jossa on 11 s\u00e4vellyst\u00e4ni, sek\u00e4 yksi yhteiss\u00e4vellys Peter Lerchen kanssa. Se on teemalevy perinteisiin ja uusiin karjalaisiin tansseihin tekemist\u00e4ni s\u00e4vellyksist\u00e4. Osa levyn kappaleista \u00e4\u00e4nitettiin New Delhiss\u00e4, Intiassa tammikuussa 2002.<\/p>\n<p>Koko projektini, sek\u00e4 levyn tekeminen ett\u00e4 kirjallinen osio, on ollut minulle eritt\u00e4in mielenkiintoinen ja hy\u00f6dyllinen kokemus. Moni kysymys kansanmusiikki-improvisaatiosta j\u00e4i avoimeksi, ja toivoisinkin, ett\u00e4 tulevaisuudessa joku tarttuisi aiheeseen perusteellisemmin.<\/p>\n<h2>Sis\u00e4llysluettelo<\/h2>\n<dl>\n<dt>1 Johdanto<\/dt>\n<dt>2 N\u00e4kemyksi\u00e4 kansanmusiikki-improvisaatiosta<\/dt>\n<dt>3 Oma improvisaatiotaustani<\/dt>\n<dt>4 Projektissa tarkasteltavat improvisaatiot<\/dt>\n<dd>4.1 Kirkonkellojen soiton tekniset perusteet harmonikalla<\/dd>\n<dd>4.2 Kadonneet kirkonkellot<\/dd>\n<dd>4.3 Lanssi<\/dd>\n<dd>4.4 Cm\/gm-Bulkkuimpro\/Laksmi<\/dd>\n<dd>4.5 Katrilli Kintaan kyl\u00e4st\u00e4<\/dd>\n<dt>5 Improvisointi harmonikalla ja kanteleella<\/dt>\n<dt>6 Improvisointi monikulttuurisessa ymp\u00e4rist\u00f6ss\u00e4<\/dt>\n<dt>7 Yhteenveto<\/dt>\n<dt>8 L\u00e4hteet<\/dt>\n<dt>9 Liitteet<\/dt>\n<\/dl>","protected":false},"excerpt":{"rendered":"<p>Projektity\u00f6<br \/>\nTaideyliopistion Sibelius-Akatemia<br \/>\nKansanmusiikin aineryhm\u00e4<br \/>\n2002<\/p>","protected":false},"featured_media":0,"comment_status":"closed","ping_status":"closed","template":"","meta":{"_acf_changed":false},"product_brand":[],"product_cat":[81,76],"product_tag":[],"class_list":{"0":"post-2464","1":"product","2":"type-product","3":"status-publish","5":"product_cat-maisteriopinnot","6":"product_cat-opinnaytteet","8":"first","9":"instock","10":"shipping-taxable","11":"product-type-simple"},"acf":[],"_links":{"self":[{"href":"https:\/\/etno.net\/en\/wp-json\/wp\/v2\/product\/2464","targetHints":{"allow":["GET"]}}],"collection":[{"href":"https:\/\/etno.net\/en\/wp-json\/wp\/v2\/product"}],"about":[{"href":"https:\/\/etno.net\/en\/wp-json\/wp\/v2\/types\/product"}],"replies":[{"embeddable":true,"href":"https:\/\/etno.net\/en\/wp-json\/wp\/v2\/comments?post=2464"}],"wp:attachment":[{"href":"https:\/\/etno.net\/en\/wp-json\/wp\/v2\/media?parent=2464"}],"wp:term":[{"taxonomy":"product_brand","embeddable":true,"href":"https:\/\/etno.net\/en\/wp-json\/wp\/v2\/product_brand?post=2464"},{"taxonomy":"product_cat","embeddable":true,"href":"https:\/\/etno.net\/en\/wp-json\/wp\/v2\/product_cat?post=2464"},{"taxonomy":"product_tag","embeddable":true,"href":"https:\/\/etno.net\/en\/wp-json\/wp\/v2\/product_tag?post=2464"}],"curies":[{"name":"wp","href":"https:\/\/api.w.org\/{rel}","templated":true}]}}