{"id":2465,"date":"2021-03-03T12:50:15","date_gmt":"2021-03-03T10:50:15","guid":{"rendered":"https:\/\/etno.net\/?post_type=product&#038;p=2465"},"modified":"2021-03-03T12:50:15","modified_gmt":"2021-03-03T10:50:15","slug":"ulappa-tuottajana-sovittajana-ja-muusikkona-aanilevylla","status":"publish","type":"product","link":"https:\/\/etno.net\/en\/julkaisu\/opinnaytteet\/maisteriopinnot\/ulappa-tuottajana-sovittajana-ja-muusikkona-aanilevylla","title":{"rendered":"Ulappa &#8211; Tuottajana, sovittajana ja muusikkona \u00e4\u00e4nilevyll\u00e4"},"content":{"rendered":"<h2>Tiivistelm\u00e4<\/h2>\n<p>Toimin tuottajana, sovittajana ja muusikkona Iso Karhun levyll\u00e4 &#8221;Ulappa&#8221;, joka julkaistiin syksyll\u00e4 2002. Levyn laulut on s\u00e4velt\u00e4nyt Hannu Virtanen, jonka kanssa olen ollut aiemminkin yhteisty\u00f6ss\u00e4. T\u00e4ll\u00e4 levyll\u00e4 vastuualueeni on kuitenkin aiempaa suurempi.<\/p>\n<p>Ty\u00f6ni kirjallisessa osassa pyrin antamaan kokonaiskuvan levynteon prosessista demovaiheesta levyn julkaisuun. Kirjallinen ty\u00f6 sis\u00e4lt\u00e4\u00e4 j\u00e4rjestelyiden kuvausta, aikataulun erittelyn sek\u00e4 kappalekohtaista toteutuksen analysointia. Pohdin rooliani sovittajana, tuottajana ja muusikkona.<\/p>\n<p>Liitteen\u00e4 on projektin taiteellinen osuus cd-levy. Laaja vastuualue levyn teossa oli haaste toteuttaa ideoitaan ja my\u00f6s kehitty\u00e4. Kirjoittaminen j\u00e4sensi kuvaani prosessista ja roolista siin\u00e4.<\/p>\n<h2>Sis\u00e4llysluettelo<\/h2>\n<dl>\n<dt><strong>1 Alkuasetelma<\/strong><\/dt>\n<dt><strong>2 Tavoite<\/strong><\/dt>\n<dt><strong>3 Projektin toteutus<\/strong><\/dt>\n<dt>3.1 \u00c4\u00e4nitys- ja muut j\u00e4rjestelyt<\/dt>\n<dt>3.2 Aikatauluista<\/dt>\n<dt>3.3 Oma osuus<\/dt>\n<dd>3.3.1 Muusikkous<\/dd>\n<dd>3.3.2 Tuottaminen<\/dd>\n<dd>3.3.3 Sovittaminen<\/dd>\n<dt>3.4 Kappalekohtainen analyysi<\/dt>\n<dd>3.4.1 Miehen teht\u00e4v\u00e4<\/dd>\n<dd>3.4.2 Setsuanissa<\/dd>\n<dd>3.4.3 P\u00e4iv\u00e4n ohjelma<\/dd>\n<dd>3.4.4 Maja vuorella<\/dd>\n<dd>3.4.5 El\u00e4inkunta<\/dd>\n<dd>3.4.6 Y\u00f6 (Intro)<\/dd>\n<dd>3.4.7 Aamun tullen<\/dd>\n<dd>3.4.8 Hiiteen rakkaus<\/dd>\n<dd>3.4.9 J\u00e4lkeenp\u00e4in<\/dd>\n<dd>3.4.10 Voi aurinko, voi kuu<\/dd>\n<dd>3.4.11 Lumi<\/dd>\n<dd>3.4.12 Onko muita jotka k\u00e4rsiv\u00e4t<\/dd>\n<dd>3.4.13 Kuulen laulettavan<\/dd>\n<dt><strong>4 Johtop\u00e4\u00e4t\u00f6kset<\/strong><\/dt>\n<dt><strong>Liitteet<\/strong><\/dt>\n<\/dl>","protected":false},"excerpt":{"rendered":"<p>Tiivistelm\u00e4 Toimin tuottajana, sovittajana ja muusikkona Iso Karhun levyll\u00e4 &#8221;Ulappa&#8221;, joka julkaistiin syksyll\u00e4 2002. Levyn laulut on s\u00e4velt\u00e4nyt Hannu Virtanen, jonka kanssa olen ollut aiemminkin yhteisty\u00f6ss\u00e4. T\u00e4ll\u00e4 levyll\u00e4 vastuualueeni on kuitenkin aiempaa suurempi. Ty\u00f6ni kirjallisessa osassa pyrin antamaan kokonaiskuvan levynteon prosessista demovaiheesta levyn julkaisuun. Kirjallinen ty\u00f6 sis\u00e4lt\u00e4\u00e4 j\u00e4rjestelyiden kuvausta, aikataulun erittelyn sek\u00e4 kappalekohtaista toteutuksen analysointia. [&hellip;]<\/p>\n","protected":false},"featured_media":0,"comment_status":"closed","ping_status":"closed","template":"","meta":{"_acf_changed":false},"product_brand":[],"product_cat":[81,76],"product_tag":[],"class_list":{"0":"post-2465","1":"product","2":"type-product","3":"status-publish","5":"product_cat-maisteriopinnot","6":"product_cat-opinnaytteet","8":"first","9":"instock","10":"shipping-taxable","11":"product-type-simple"},"acf":[],"_links":{"self":[{"href":"https:\/\/etno.net\/en\/wp-json\/wp\/v2\/product\/2465","targetHints":{"allow":["GET"]}}],"collection":[{"href":"https:\/\/etno.net\/en\/wp-json\/wp\/v2\/product"}],"about":[{"href":"https:\/\/etno.net\/en\/wp-json\/wp\/v2\/types\/product"}],"replies":[{"embeddable":true,"href":"https:\/\/etno.net\/en\/wp-json\/wp\/v2\/comments?post=2465"}],"wp:attachment":[{"href":"https:\/\/etno.net\/en\/wp-json\/wp\/v2\/media?parent=2465"}],"wp:term":[{"taxonomy":"product_brand","embeddable":true,"href":"https:\/\/etno.net\/en\/wp-json\/wp\/v2\/product_brand?post=2465"},{"taxonomy":"product_cat","embeddable":true,"href":"https:\/\/etno.net\/en\/wp-json\/wp\/v2\/product_cat?post=2465"},{"taxonomy":"product_tag","embeddable":true,"href":"https:\/\/etno.net\/en\/wp-json\/wp\/v2\/product_tag?post=2465"}],"curies":[{"name":"wp","href":"https:\/\/api.w.org\/{rel}","templated":true}]}}