{"id":2466,"date":"2021-03-03T12:51:02","date_gmt":"2021-03-03T10:51:02","guid":{"rendered":"https:\/\/etno.net\/?post_type=product&#038;p=2466"},"modified":"2021-03-03T12:51:03","modified_gmt":"2021-03-03T10:51:03","slug":"metsassa-pienoisnaytelma-yhdelle-nayttelijalle-ja-yhdelle-muusikolle","status":"publish","type":"product","link":"https:\/\/etno.net\/en\/julkaisu\/opinnaytteet\/maisteriopinnot\/metsassa-pienoisnaytelma-yhdelle-nayttelijalle-ja-yhdelle-muusikolle","title":{"rendered":"Mets\u00e4ss\u00e4 &#8211; pienoisn\u00e4ytelm\u00e4 yhdelle n\u00e4yttelij\u00e4lle ja yhdelle muusikolle"},"content":{"rendered":"<h2>Tiivistelm\u00e4<\/h2>\n<p>Projektini taiteellinen osuus oli kaksivaiheinen. Ensimm\u00e4isess\u00e4 vaiheessa sulkeuduin syyskuun alusta 2002 yksin kuukaudeksi m\u00f6kille. Mukaani otin tarvittavat v\u00e4lineet musiikin tekemist\u00e4 ja kirjoittamista varten. M\u00f6kki sijaitsi Tuuloksessa Pyh\u00e4j\u00e4rven rannalla ja ty\u00f6skentelin siell\u00e4 2.9.-1.10.2002 v\u00e4lisen ajan. Taiteellisen ty\u00f6n toisen vaiheen muodosti esitys, jonka sis\u00e4lt\u00f6 koostui tuon kuukauden aikana kirjoittamastani n\u00e4ytelm\u00e4st\u00e4 ja musiikista siihen. Pienoisn\u00e4ytelm\u00e4 Mets\u00e4ss\u00e4 esitettiin Sibelius-Akatemian kamarimusiikkisalissa 4.10.2002. N\u00e4yttelij\u00e4n\u00e4 toimi Pasi Kuivalainen, min\u00e4 vastasin musiikista ja Hannu Oskala huolehti \u00e4\u00e4nentoistosta ja valoista.<\/p>\n<p>Projektin kirjallinen osuus on kuvaus tuosta yksin viett\u00e4m\u00e4st\u00e4ni kuukaudesta, valmistautumisesta siihen ja kirjoittamisen ja musiikin tekemisen prosessista. Lis\u00e4ksi kirjallinen ty\u00f6 k\u00e4sitt\u00e4\u00e4 mietteit\u00e4 suhteestani yksin\u00e4isyyteen olotilana ja voimavarana taiteellisessa toiminnassa ja analyysin itse projektikonsertista.<\/p>\n<p>Kirjallisen ty\u00f6n liitteen\u00e4 on kirjoittamani n\u00e4ytelm\u00e4n k\u00e4sikirjoitus:<br \/>\nMets\u00e4ss\u00e4, pienoisn\u00e4ytelm\u00e4 yhdelle n\u00e4yttelij\u00e4lle ja yhdelle muusikolle.<br \/>\nToisena liitteen\u00e4 on video itse projektikonsertista.<\/p>\n<h2>Sis\u00e4llysluettelo<\/h2>\n<dl>\n<dt>1 Johdanto<\/dt>\n<dt>2 Ennen mets\u00e4\u00e4<\/dt>\n<dt>3 Mets\u00e4ss\u00e4 2.9.-1.10.2002<\/dt>\n<dt>4 Kirjoittamisesta<\/dt>\n<dt>5 Musiikista<\/dt>\n<dt>6 Projektikonsertti<\/dt>\n<dt>7 Lopuksi<\/dt>\n<\/dl>\n<p>&nbsp;<\/p>\n<dl>\n<dt>Liitteet<\/dt>\n<dd>1 Mets\u00e4ss\u00e4, pienoisn\u00e4ytelm\u00e4 yhdelle n\u00e4yttelij\u00e4lle ja yhdelle muusikolle<\/dd>\n<dd>2 Videotaltiointi projektikonsertista<\/dd>\n<\/dl>","protected":false},"excerpt":{"rendered":"<p>Projektity\u00f6<br \/>\nTaideyliopiston Sibelius-Akatemia<br \/>\nKansanmusiikin aineryhm\u00e4<br \/>\n2003<\/p>","protected":false},"featured_media":0,"comment_status":"closed","ping_status":"closed","template":"","meta":{"_acf_changed":false},"product_brand":[],"product_cat":[81,76],"product_tag":[],"class_list":{"0":"post-2466","1":"product","2":"type-product","3":"status-publish","5":"product_cat-maisteriopinnot","6":"product_cat-opinnaytteet","8":"first","9":"instock","10":"shipping-taxable","11":"product-type-simple"},"acf":[],"_links":{"self":[{"href":"https:\/\/etno.net\/en\/wp-json\/wp\/v2\/product\/2466","targetHints":{"allow":["GET"]}}],"collection":[{"href":"https:\/\/etno.net\/en\/wp-json\/wp\/v2\/product"}],"about":[{"href":"https:\/\/etno.net\/en\/wp-json\/wp\/v2\/types\/product"}],"replies":[{"embeddable":true,"href":"https:\/\/etno.net\/en\/wp-json\/wp\/v2\/comments?post=2466"}],"wp:attachment":[{"href":"https:\/\/etno.net\/en\/wp-json\/wp\/v2\/media?parent=2466"}],"wp:term":[{"taxonomy":"product_brand","embeddable":true,"href":"https:\/\/etno.net\/en\/wp-json\/wp\/v2\/product_brand?post=2466"},{"taxonomy":"product_cat","embeddable":true,"href":"https:\/\/etno.net\/en\/wp-json\/wp\/v2\/product_cat?post=2466"},{"taxonomy":"product_tag","embeddable":true,"href":"https:\/\/etno.net\/en\/wp-json\/wp\/v2\/product_tag?post=2466"}],"curies":[{"name":"wp","href":"https:\/\/api.w.org\/{rel}","templated":true}]}}