{"id":2528,"date":"2021-03-08T10:12:38","date_gmt":"2021-03-08T08:12:38","guid":{"rendered":"https:\/\/etno.net\/?post_type=product&#038;p=2528"},"modified":"2021-03-08T10:12:38","modified_gmt":"2021-03-08T08:12:38","slug":"projektina-harjoittelu","status":"publish","type":"product","link":"https:\/\/etno.net\/en\/julkaisu\/opinnaytteet\/maisteriopinnot\/projektina-harjoittelu","title":{"rendered":"Projektina harjoittelu"},"content":{"rendered":"<h2>Tiivistelm\u00e4<\/h2>\n<p>Tein projektini harjoittelemisesta. Koin harjoittelun vaikeaksi &#8211; vastentahtoiseksi ja p\u00e4\u00e4m\u00e4\u00e4r\u00e4tt\u00f6m\u00e4ksi, ja halusin oppia paremmaksi ty\u00f6skentelij\u00e4ksi. Harjoittelun kohteeksi otin itselleni uusien taitojen opettelua kuten kanteleen soittoa laulun s\u00e4estyksen\u00e4, huiluun laulamista soittaessa, joikua, kehorytmej\u00e4 ja tanssahtelua laulun kanssa sek\u00e4 improvisaatiota.<\/p>\n<p>Harjoittelun seuraamiseksi ja ennen kaikkea tiedostamisen lis\u00e4\u00e4miseksi pidin harjoitusp\u00e4iv\u00e4kirjaa. Muina motivaatiokeinoinani olivat my\u00f6s mm. kappaleiden \u00e4\u00e4nitt\u00e4minen, harjoitusesiintymiset kavereille, tarkistuspisteiksi kutsumani tunnit opettajien kanssa, muutama julkinen esiintyminen, my\u00f6nteinen ajattelu ja itsekannustus, esimerkilliset ja kiritt\u00e4v\u00e4t opiskelukaverit ja tietenkin projektikonsertti.<\/p>\n<p>K\u00e4sittelen kirjoituksessani my\u00f6s harjoittelutilanteen aikataulutusta, harjoitteluvireen l\u00f6yt\u00e4mist\u00e4 ja sit\u00e4, mist\u00e4 kannattaa aloittaa. Pohdin my\u00f6s mm. paikan ja tilan vaikutusta keskittymiseen, liikuskelua laulaessa ja tauottamista.<\/p>\n<p>Luvussa 3 pohdin omaa harjoitteluani est\u00e4vi\u00e4 tekij\u00f6it\u00e4, jotka voi summata sanoilla itseluottamuksen ja uskon puute.<\/p>\n<p>Taiteellisena osiona pidin soolokonsertin toukokuussa 2002, jossa esitin harjoittelemiani asioita ja uutta musiikkiani. Esitys oli minulle pettymys, ja kirjoitin lyhk\u00e4isesti syist\u00e4 jotka vaikuttivat ep\u00e4onnistumiseen. Projektini oli kuitenkin kokonaisuutena eritt\u00e4in antoisa, ja varsinkin t\u00e4m\u00e4n kirjallisen ty\u00f6n my\u00f6t\u00e4 olen pukenut sanoiksi paljon niin itselleni kuin muillekin taidetta ammatikseen halajaville merkityksellisi\u00e4 asioita. Kahdessa viimeisess\u00e4 luvussa pohdinkin produktioiden t\u00e4rkeytt\u00e4, itsen\u00e4istymist\u00e4 ja taiteilijuutta.<\/p>\n<p>Kirjoitukseni loppuun olen koonnut liitteeksi teesej\u00e4, joista voi saada itselleen uutta puhtia tai neuvoja harjoitteluun ja taiteiluun.<\/p>\n<h2>Sis\u00e4llysluettelo<\/h2>\n<dl>\n<dt>Harjoittelemisen vaikeus<\/dt>\n<\/dl>\n<p>&nbsp;<\/p>\n<dl>\n<dt>1 Taustaa<\/dt>\n<dd>Min\u00e4kuva: opettaja vai taiteilija<\/dd>\n<dd>T\u00e4ht\u00e4imen puute<\/dd>\n<dd>Uudet kiinnostukset harjoitteluprojektin kohteena<\/dd>\n<\/dl>\n<p>&nbsp;<\/p>\n<dl>\n<dt>2 Harjoittelu<\/dt>\n<dd>Mik\u00e4 harjoittelussa ahdistaa?<\/dd>\n<\/dl>\n<p>&nbsp;<\/p>\n<dl>\n<dt>2.1 Motivaatiokeinoja<\/dt>\n<dd>Opettajat<\/dd>\n<dd>Tunnit tarkistuspistein\u00e4<\/dd>\n<dd>Itsekannustus<\/dd>\n<dd>Opiskelukaverit kiritt\u00e4jin\u00e4 ja hyvin\u00e4 esimerkkein\u00e4<\/dd>\n<dd>Treenip\u00e4iv\u00e4kirja<\/dd>\n<dd>Taltiointi<\/dd>\n<dd>Harjoitusesitt\u00e4minen<\/dd>\n<dd>Julkiset esitykset<\/dd>\n<\/dl>\n<p>&nbsp;<\/p>\n<dl>\n<dt>2.2Harjoittelusta k\u00e4yt\u00e4nn\u00f6ss\u00e4<\/dt>\n<dd>Aikataulutuksen filosofiaa<\/dd>\n<dd>Paikka<\/dd>\n<dd>Harjoitteluun laskeutuminen<\/dd>\n<dd>Aloita hankalimmasta tai helpoimmasta<\/dd>\n<dd>Mustaa valkoisella<\/dd>\n<dd>Paikalla vai liikkuen<\/dd>\n<dd>Tauottaminen<\/dd>\n<\/dl>\n<p>&nbsp;<\/p>\n<dl>\n<dt>3 Peikot ja ep\u00e4varmuus<\/dt>\n<dd>Ket\u00e4\u00e4n ei kiinnosta<\/dd>\n<dd>Ei onnistumiskokemuksia improvisaatiosta<\/dd>\n<dd>Ep\u00e4onnistunut improvisaatioesitys<\/dd>\n<dd>Ei arvostusta kollegoilta<\/dd>\n<dd>Ei pelkk\u00e4\u00e4 angstia<\/dd>\n<dd>Auttoiko harjoittelu n\u00e4ihin peikkoihin?<\/dd>\n<\/dl>\n<p>&nbsp;<\/p>\n<dl>\n<dt>4 Projektikonsertti<\/dt>\n<dd>Ensimm\u00e4inen l\u00e4pimeno<\/dd>\n<dd>Toinen l\u00e4pimeno<\/dd>\n<dd>Konsertti<\/dd>\n<dd>Palaute<\/dd>\n<dd>Video<\/dd>\n<dd>Viikon p\u00e4\u00e4st\u00e4<\/dd>\n<dd>Miten esitys vaikutti peikkoihin?<\/dd>\n<\/dl>\n<p>&nbsp;<\/p>\n<dl>\n<dt>5 Miten onnistuin harjoittelun opiskelussa<\/dt>\n<dd>Projektikohde<\/dd>\n<dd>Itsen\u00e4isen ty\u00f6skentelyn muita muotoja<\/dd>\n<dd>Itsen\u00e4isyys<\/dd>\n<\/dl>\n<p>&nbsp;<\/p>\n<dl>\n<dt>6 Vuosi projektin j\u00e4lkeen<\/dt>\n<dd>Harjoittelu helpottunut<\/dd>\n<\/dl>\n<p>&nbsp;<\/p>\n<dl>\n<dt>Liite 1 Psyykkausteesej\u00e4 harjoitteluun<\/dt>\n<dt>Liite 2 Mukaan tulleita muita t\u00e4rkeit\u00e4 teesej\u00e4<\/dt>\n<dt>Liite 3 Kolumni Suunnittele pelisi hyvin, Jaakko M\u00e4ki-Pet\u00e4j\u00e4 (Metro 2.4.2003)<\/dt>\n<\/dl>","protected":false},"excerpt":{"rendered":"<p>Projektity\u00f6<br \/>\nTaideyliopiston Sibelius-Akatemia<br \/>\nKansanmusiikin aineryhm\u00e4<br \/>\n2003<\/p>","protected":false},"featured_media":0,"comment_status":"closed","ping_status":"closed","template":"","meta":{"_acf_changed":false},"product_brand":[],"product_cat":[81,76],"product_tag":[],"class_list":{"0":"post-2528","1":"product","2":"type-product","3":"status-publish","5":"product_cat-maisteriopinnot","6":"product_cat-opinnaytteet","8":"first","9":"instock","10":"shipping-taxable","11":"product-type-simple"},"acf":[],"_links":{"self":[{"href":"https:\/\/etno.net\/en\/wp-json\/wp\/v2\/product\/2528","targetHints":{"allow":["GET"]}}],"collection":[{"href":"https:\/\/etno.net\/en\/wp-json\/wp\/v2\/product"}],"about":[{"href":"https:\/\/etno.net\/en\/wp-json\/wp\/v2\/types\/product"}],"replies":[{"embeddable":true,"href":"https:\/\/etno.net\/en\/wp-json\/wp\/v2\/comments?post=2528"}],"wp:attachment":[{"href":"https:\/\/etno.net\/en\/wp-json\/wp\/v2\/media?parent=2528"}],"wp:term":[{"taxonomy":"product_brand","embeddable":true,"href":"https:\/\/etno.net\/en\/wp-json\/wp\/v2\/product_brand?post=2528"},{"taxonomy":"product_cat","embeddable":true,"href":"https:\/\/etno.net\/en\/wp-json\/wp\/v2\/product_cat?post=2528"},{"taxonomy":"product_tag","embeddable":true,"href":"https:\/\/etno.net\/en\/wp-json\/wp\/v2\/product_tag?post=2528"}],"curies":[{"name":"wp","href":"https:\/\/api.w.org\/{rel}","templated":true}]}}