{"id":2529,"date":"2021-03-08T10:13:41","date_gmt":"2021-03-08T08:13:41","guid":{"rendered":"https:\/\/etno.net\/?post_type=product&#038;p=2529"},"modified":"2021-03-08T10:13:41","modified_gmt":"2021-03-08T08:13:41","slug":"soittoni-savyt-analyysi-neljasta-kappaleesta","status":"publish","type":"product","link":"https:\/\/etno.net\/en\/julkaisu\/opinnaytteet\/maisteriopinnot\/soittoni-savyt-analyysi-neljasta-kappaleesta","title":{"rendered":"Soittoni s\u00e4vyt &#8211; Analyysi nelj\u00e4st\u00e4 kappaleesta"},"content":{"rendered":"<h2>Tiivistelm\u00e4<\/h2>\n<p>Projektin kirjallinen osuus k\u00e4sittelee projektin taiteellisena osuutena tekem\u00e4\u00e4ni nelj\u00e4n kappaleen \u00e4\u00e4nitett\u00e4. Omaa tuotantoani olevat kappaleet; Alku, Samu, Nusrat ja Rinkifunkt \u00e4\u00e4nitettiin Sibelius-Akatemian perustamaa kansanmusiikkiin keskittyv\u00e4\u00e4 etno.net-sivustoa varten joulukuussa 2002. Kirjallisessa ty\u00f6ss\u00e4ni olen analysoinut kappaleita tekemieni nuotinnosten sek\u00e4 kuulonvaraisen analyysin avulla. Erityisesti olen keskittynyt analysoimaan kappaleiden s\u00e4vyj\u00e4 sek\u00e4 tulkintaa. Jokaisesta kappaleesta on l\u00f6ytynyt sille ominainen peruss\u00e4vy, lis\u00e4ksi olen erotellut soitostani erilaisia k\u00e4ytt\u00e4mi\u00e4ni \u00e4\u00e4nenv\u00e4rej\u00e4 sek\u00e4 efektisaundeja. T\u00e4m\u00e4n lis\u00e4ksi tarkoituksenani oli analysoida my\u00f6s omaa soittotyyli\u00e4ni, mutta nelj\u00e4n kappaleen otos osoittautui liian suppeaksi t\u00e4t\u00e4 tarkoitusta varten.<\/p>\n<p>Analyysini tuloksena l\u00f6ysin soitostani perus\u00e4\u00e4nenv\u00e4rin jota esiintyi kaikissa esimerkkikappaleissa. T\u00e4m\u00e4 instrumenttini puhtaaseen perussaundiin perustuva ter\u00e4v\u00e4hk\u00f6 ja hiukan nasaali \u00e4\u00e4nenv\u00e4ri jakaantuu k\u00e4yt\u00f6ss\u00e4ni kahteen hiukan erilaiseen saundiin. Ensimm\u00e4isess\u00e4 pyrin saamaan aikaan kevyell\u00e4 jousenk\u00e4yt\u00f6ll\u00e4 mahdollisimman kuulaan ja laulavan saundin. Toisessa saundissa k\u00e4yt\u00e4n raskasta jousta saavuttaakseni kiinte\u00e4n ja mehukkaan soinnin. T\u00e4m\u00e4n lis\u00e4ksi k\u00e4yt\u00f6ss\u00e4ni on muita, tiettyihin kappaleisiin sopivia \u00e4\u00e4nenv\u00e4rej\u00e4. Yksi k\u00e4ytt\u00e4mist\u00e4ni monista efektisaundeista, alasp\u00e4in suuntautuva glissando esiintyy my\u00f6s jokaisessa analysoimassani kappaleessa. Muita k\u00e4ytt\u00e4mi\u00e4ni efektisaundeja ovat mm. vibrato, huilu\u00e4\u00e4net ja vapaan kielen tuplaaminen 4. sormella. Totesin analyysiss\u00e4ni jousenk\u00e4yt\u00f6n vaikuttavan suuresti siihen milt\u00e4 soittoni kuulostaa. Muuntelen kappaleiden \u00e4\u00e4nenv\u00e4rej\u00e4 erityisesti jousella toteutettavien keinojen; dynamiikan, tempon ja artikulaation muutoksien avulla.<\/p>\n<h2>Sis\u00e4llysluettelo<\/h2>\n<dl>\n<dt>1 Johdanto<\/dt>\n<dt>2 Etno.net-kappaleet<\/dt>\n<dt>3 Nuotinnokset<\/dt>\n<dt>4 Analyysi<\/dt>\n<dd>4.1 Alku<\/dd>\n<dd>4.2 Samu<\/dd>\n<dd>4.3 Nusrat<\/dd>\n<dd>4.4 Rinkifunk<\/dd>\n<dt>5 Johtop\u00e4\u00e4t\u00f6ksi\u00e4<\/dt>\n<dt>L\u00e4hteet<\/dt>\n<\/dl>\n<p>&nbsp;<\/p>\n<dl>\n<dt>Liitteet<\/dt>\n<dt>1 Selvitys nuotinnusmerkinn\u00f6ist\u00e4<\/dt>\n<dt>2 Kaavio analyysissa k\u00e4ytetyist\u00e4 k\u00e4sitteist\u00e4<\/dt>\n<dt>3 Nuotinnokset<\/dt>\n<dd>3.1 Alku<\/dd>\n<dd>3.2 Samu<\/dd>\n<dd>3.3 Nusrat<\/dd>\n<dd>3.4 Rinkifunk<\/dd>\n<\/dl>","protected":false},"excerpt":{"rendered":"<p>Projektity\u00f6<br \/>\nTaideyliopiston Sibelius-Akatemia<br \/>\nKansanmusiikin aineryhm\u00e4<br \/>\n2003<\/p>","protected":false},"featured_media":0,"comment_status":"closed","ping_status":"closed","template":"","meta":{"_acf_changed":false},"product_brand":[],"product_cat":[81,76],"product_tag":[],"class_list":{"0":"post-2529","1":"product","2":"type-product","3":"status-publish","5":"product_cat-maisteriopinnot","6":"product_cat-opinnaytteet","8":"first","9":"instock","10":"shipping-taxable","11":"product-type-simple"},"acf":[],"_links":{"self":[{"href":"https:\/\/etno.net\/en\/wp-json\/wp\/v2\/product\/2529","targetHints":{"allow":["GET"]}}],"collection":[{"href":"https:\/\/etno.net\/en\/wp-json\/wp\/v2\/product"}],"about":[{"href":"https:\/\/etno.net\/en\/wp-json\/wp\/v2\/types\/product"}],"replies":[{"embeddable":true,"href":"https:\/\/etno.net\/en\/wp-json\/wp\/v2\/comments?post=2529"}],"wp:attachment":[{"href":"https:\/\/etno.net\/en\/wp-json\/wp\/v2\/media?parent=2529"}],"wp:term":[{"taxonomy":"product_brand","embeddable":true,"href":"https:\/\/etno.net\/en\/wp-json\/wp\/v2\/product_brand?post=2529"},{"taxonomy":"product_cat","embeddable":true,"href":"https:\/\/etno.net\/en\/wp-json\/wp\/v2\/product_cat?post=2529"},{"taxonomy":"product_tag","embeddable":true,"href":"https:\/\/etno.net\/en\/wp-json\/wp\/v2\/product_tag?post=2529"}],"curies":[{"name":"wp","href":"https:\/\/api.w.org\/{rel}","templated":true}]}}