{"id":2530,"date":"2021-03-08T10:15:01","date_gmt":"2021-03-08T08:15:01","guid":{"rendered":"https:\/\/etno.net\/?post_type=product&#038;p=2530"},"modified":"2021-03-08T10:15:01","modified_gmt":"2021-03-08T08:15:01","slug":"pauhu-toiston-voima","status":"publish","type":"product","link":"https:\/\/etno.net\/en\/julkaisu\/opinnaytteet\/maisteriopinnot\/pauhu-toiston-voima","title":{"rendered":"Pauhu &#8211; toiston voima"},"content":{"rendered":"<h2>Tiivistelm\u00e4<\/h2>\n<p>Projektini taiteellinen osuus on CD-levy. CD:n sis\u00e4lt\u00f6 muodostuu suistamolaisen haitarinsoittaja Ilja Kotikallion ja \u00e4gl\u00e4j\u00e4rvel\u00e4sen kanteleensoittajan Paavila Patrosen soitteiden pohjalta mudostuneista kappaleista. CD:ll\u00e4 on kappaleiden lis\u00e4ksi kaksi videop\u00e4tk\u00e4\u00e4 tanssimisesta ja soittamisesta. CD \u00e4\u00e4nitettiin J\u00e4rvenp\u00e4\u00e4ss\u00e4 Sibelius-Akatemian kurssikeskuksessa Kallio-Kuninkalassa tammikuussa 2003. Levy miksattiin Kallio-Kuninkalassa helmikuussa 2003. Levy on osa Sibelius-Akatemian kansanmusiikin osaston julkaisusarjaa ja levy julkaistaan omakustanteena kes\u00e4ll\u00e4 2003.<\/p>\n<p>Kirjallisessa ty\u00f6ss\u00e4ni kerron kuinka levyn musiikkin on syntynyt. Pohdin mitk\u00e4 eri tekij\u00e4t ovat vaikuttaneet musiikin syntyyn. Kuvailen prosessin eri vaiheita, ensimm\u00e4isest\u00e4 kosketuksestani Kotikallion soittamaan ripatskaan ja siit\u00e4 aina \u00e4\u00e4nitysp\u00e4iviin asti.<\/p>\n<p>Projektity\u00f6ni tarkoituksena on ollut karjalaisen pienhaitarimusiikin esiintuominen.<\/p>\n<h2>Sis\u00e4llysluettelo<\/h2>\n<dl>\n<dt>1 Johdanto<\/dt>\n<dt>2 Musiikin syntyminen<\/dt>\n<dd>2.1 Opettaja ja oppilas<\/dd>\n<dd>2.2 1-rivisosio<\/dd>\n<dd>2.3 Ilja Kotikallio<\/dd>\n<dd>2.4 Tanssiminen<\/dd>\n<dd>2.5 Uusi soitin ja 2-rivisosio<\/dd>\n<dd>2.6 Yhteisty\u00f6 tanssijan kanssa<\/dd>\n<dd>2.7 Esitykset<\/dd>\n<dt>3 CD:n teko<\/dt>\n<dd>3.1 CD-materiaalin harjoittaminen<\/dd>\n<dd>3.2 CD:n \u00e4\u00e4nitt\u00e4minen<\/dd>\n<dd>3.3 CD:n ohjelmisto<\/dd>\n<dd>3.4 CD-romin kuvaaminen<\/dd>\n<dt>4 Johtop\u00e4\u00e4t\u00f6kset<\/dt>\n<dt>Liite 1 Ilja Kotikallion kuva<\/dt>\n<dt>Liite 2 Ilja Kotikallion kuva<\/dt>\n<\/dl>","protected":false},"excerpt":{"rendered":"<p>Projektity\u00f6<br \/>\nTaideyliopiston Sibelius-Akatemia<br \/>\nKansanmusiikin aineryhm\u00e4<br \/>\n2003<\/p>","protected":false},"featured_media":0,"comment_status":"closed","ping_status":"closed","template":"","meta":{"_acf_changed":false},"product_brand":[],"product_cat":[81,76],"product_tag":[],"class_list":{"0":"post-2530","1":"product","2":"type-product","3":"status-publish","5":"product_cat-maisteriopinnot","6":"product_cat-opinnaytteet","8":"first","9":"instock","10":"shipping-taxable","11":"product-type-simple"},"acf":[],"_links":{"self":[{"href":"https:\/\/etno.net\/en\/wp-json\/wp\/v2\/product\/2530","targetHints":{"allow":["GET"]}}],"collection":[{"href":"https:\/\/etno.net\/en\/wp-json\/wp\/v2\/product"}],"about":[{"href":"https:\/\/etno.net\/en\/wp-json\/wp\/v2\/types\/product"}],"replies":[{"embeddable":true,"href":"https:\/\/etno.net\/en\/wp-json\/wp\/v2\/comments?post=2530"}],"wp:attachment":[{"href":"https:\/\/etno.net\/en\/wp-json\/wp\/v2\/media?parent=2530"}],"wp:term":[{"taxonomy":"product_brand","embeddable":true,"href":"https:\/\/etno.net\/en\/wp-json\/wp\/v2\/product_brand?post=2530"},{"taxonomy":"product_cat","embeddable":true,"href":"https:\/\/etno.net\/en\/wp-json\/wp\/v2\/product_cat?post=2530"},{"taxonomy":"product_tag","embeddable":true,"href":"https:\/\/etno.net\/en\/wp-json\/wp\/v2\/product_tag?post=2530"}],"curies":[{"name":"wp","href":"https:\/\/api.w.org\/{rel}","templated":true}]}}