{"id":2531,"date":"2021-03-08T10:18:00","date_gmt":"2021-03-08T08:18:00","guid":{"rendered":"https:\/\/etno.net\/?post_type=product&#038;p=2531"},"modified":"2021-03-08T10:18:00","modified_gmt":"2021-03-08T08:18:00","slug":"vonkaleesta-paarmaan-kokemuksiani-kanteleesta-yhtyesoittimena","status":"publish","type":"product","link":"https:\/\/etno.net\/en\/julkaisu\/opinnaytteet\/maisteriopinnot\/vonkaleesta-paarmaan-kokemuksiani-kanteleesta-yhtyesoittimena","title":{"rendered":"Vonkaleesta Paarmaan &#8211; kokemuksiani kanteleesta yhtyesoittimena"},"content":{"rendered":"<h2>Tiivistelm\u00e4<\/h2>\n<p>Projektity\u00f6ss\u00e4ni pohdin kanteleen asemaa yhtyesoittimena. Taiteellinen osuus on Vonkale-duon (Ilona Korhonen ja Pauliina Kauhanen) levy &#8221;Seppo&#8221;. Ilona Korhosen s\u00e4velt\u00e4mist\u00e4 ja sanoittamista lauluista sek\u00e4 kahdesta perinteisest\u00e4 kappaleesta koostuvalla levyll\u00e4 soitan nelj\u00e4\u00e4 kanteletta erilaisilla, osin itse kehitt\u00e4mill\u00e4ni soittotekniikoilla. Levyll\u00e4 kuultavia kantelemalleja ovat 5- ja 24-kielist kanteleet, koneistokantele sek\u00e4 Saarij\u00e4rven kantele. Levyn musiikkia v\u00e4ritt\u00e4v\u00e4t improvisaatio ja muuntelu, jotka ovat eritt\u00e4in oleellisia asioita Vonkaleen musiikillisessa ajattelussa. Levyn \u00e4\u00e4nitt\u00e4j\u00e4 on Taito Hoffren ja julkaisija Mikko Perkoilan omistama Roima-musiikki.<\/p>\n<p>Projektini kirjallisessa osuudessa tutkiskelen kanteleen roolia yhtyeiss\u00e4 omien kokemusteni kautta. K\u00e4yn my\u00f6s l\u00e4pi ongelmia, joita kanteleeseen on ryhm\u00e4soiton suhteen usein liitetty ja yrit\u00e4n etsi\u00e4 n\u00e4iden ongelmien taustalla olevia syit\u00e4. Ty\u00f6ss\u00e4ni palaan menneisiin yhtyekokemuksiin ja pohdiskelen kehittymist\u00e4ni yhtyesoittajana. Ty\u00f6ni painottuu Vonkale-duon Seppo-levyll\u00e4 k\u00e4ytt\u00e4mieni kanteletekniikoiden sek\u00e4 sovitusratkaisuiden kuvailuun.<\/p>\n<h2>Sis\u00e4llysluettelo<\/h2>\n<dl>\n<dt>1 Taustaa<\/dt>\n<dd>1.1 Johdanto<\/dd>\n<dd>1.2 Kanteleet ja min\u00e4<\/dd>\n<dd>1.3 Kanteleesta yhtyesoitossa<\/dd>\n<dt>2 Kanteleensoittajana eri yhtyeiss\u00e4<\/dt>\n<dd>2.1 Aika ennen Sibelius-Akatemiaa<\/dd>\n<dd>2.2 Ensimm\u00e4inen vuosikurssiyhtye<\/dd>\n<dd>2.3 The Road North<\/dd>\n<dd>2.4 Entiset yst\u00e4v\u00e4ni<\/dd>\n<dd>2.5 Rautaneidot<\/dd>\n<dd>2.6 Paarma<\/dd>\n<dt>3 Vonkale &#8211; yhteisty\u00f6 Ilonan kanssa<\/dt>\n<dd>3.1 Ty\u00f6skentelyst\u00e4<\/dd>\n<dd>3.2 Levyst\u00e4<\/dd>\n<dd>3.3 Levyn kanteleensoittotekniikoista<\/dd>\n<dt>4 Ajatuksia<\/dt>\n<\/dl>","protected":false},"excerpt":{"rendered":"<p>Projektity\u00f6<br \/>\nTaideyliopiston Sibelius-Akatemia<br \/>\nKansanmusiikin aineryhm\u00e4<br \/>\n2003<\/p>","protected":false},"featured_media":0,"comment_status":"closed","ping_status":"closed","template":"","meta":{"_acf_changed":false},"product_brand":[],"product_cat":[81,76],"product_tag":[],"class_list":{"0":"post-2531","1":"product","2":"type-product","3":"status-publish","5":"product_cat-maisteriopinnot","6":"product_cat-opinnaytteet","8":"first","9":"instock","10":"shipping-taxable","11":"product-type-simple"},"acf":[],"_links":{"self":[{"href":"https:\/\/etno.net\/en\/wp-json\/wp\/v2\/product\/2531","targetHints":{"allow":["GET"]}}],"collection":[{"href":"https:\/\/etno.net\/en\/wp-json\/wp\/v2\/product"}],"about":[{"href":"https:\/\/etno.net\/en\/wp-json\/wp\/v2\/types\/product"}],"replies":[{"embeddable":true,"href":"https:\/\/etno.net\/en\/wp-json\/wp\/v2\/comments?post=2531"}],"wp:attachment":[{"href":"https:\/\/etno.net\/en\/wp-json\/wp\/v2\/media?parent=2531"}],"wp:term":[{"taxonomy":"product_brand","embeddable":true,"href":"https:\/\/etno.net\/en\/wp-json\/wp\/v2\/product_brand?post=2531"},{"taxonomy":"product_cat","embeddable":true,"href":"https:\/\/etno.net\/en\/wp-json\/wp\/v2\/product_cat?post=2531"},{"taxonomy":"product_tag","embeddable":true,"href":"https:\/\/etno.net\/en\/wp-json\/wp\/v2\/product_tag?post=2531"}],"curies":[{"name":"wp","href":"https:\/\/api.w.org\/{rel}","templated":true}]}}