{"id":2532,"date":"2021-03-08T10:18:54","date_gmt":"2021-03-08T08:18:54","guid":{"rendered":"https:\/\/etno.net\/?post_type=product&#038;p=2532"},"modified":"2021-03-08T10:19:13","modified_gmt":"2021-03-08T08:19:13","slug":"vindar-fran-viborg-spelmannen-gossa-anders-andersson-och-sven-ahlback-som-inspirationskallor","status":"publish","type":"product","link":"https:\/\/etno.net\/en\/julkaisu\/opinnaytteet\/maisteriopinnot\/vindar-fran-viborg-spelmannen-gossa-anders-andersson-och-sven-ahlback-som-inspirationskallor","title":{"rendered":"Vindar fr\u00e5n Viborg &#8211; Spelm\u00e4nnen G\u00f6ssa Anders Andersson och Sven Ahlb\u00e4ck som inspirationsk\u00e4llor"},"content":{"rendered":"<h2>Sammanfattning<\/h2>\n<p>I mitt projektarbete introducerar jag G\u00f6ssa Anders Anderssons musik till alla intresserade och analyserar min personliga utveckling som accordeonspelman genom den musiken. Jag ber\u00e4ttar om Orsas folkmusikaliska historik och skriver n\u00e4rmare om Bleck\u00e5 Anders Olsson (1832-1921), J\u00e4mt Olov Ersson (1872-1938) och G\u00f6ssa Anders Andersson (1878-1963). Med hj\u00e4lp av Sven Ahlb\u00e4cks teorib\u00f6cker Tonspr\u00e5ket i \u00e4ldre svensk folkmusik (Stockholm, 1985) och Karakt\u00e4ristiska egenskaper f\u00f6r l\u00e5ttyper i svensk folkmusiktradition &#8211; ett f\u00f6rs\u00f6k till beskrivning (Norra Stavsudda, 1995) kommer jag ocks\u00e5 att f\u00f6rklara vissa teoretiska begrepp som tonalitet, tonplatser modus, rytmik, metrik, puls och polsketyper i G\u00f6ssas repertoar. Den mes personliga delen av projektarbetet handlar om mitt samarbete med Sven Ahlb\u00e4ck, Jonny Soling, Emma Reid och gruppen Fyrland. Jag beskriver ocks\u00e5 mina tankar om folkmusiktenkiska moment i accordeonspel. Analys av ljudexempel \u00e4r ett f\u00f6rs\u00f6k att beskriva hur det \u00e4r att spela G\u00f6ssa l\u00e5tar p\u00e5 accordeon. Den konstn\u00e4rliga delen p\u00e5 den bifogade CD:n best\u00e5r av 8 inspelade l\u00e5tar efter G\u00f6ssa Anders och en Orsal\u00e5t efter Jonny Soling. Det inspelade materialet finns tillg\u00e4nglig i Sibelius Akademiens folkmusikavdelningens bibliotek och delvis ocks\u00e5 p\u00e5 Internet www.etno.net<\/p>\n<dl>\n<dt><strong>1 Introduktion <\/strong><\/dt>\n<dt>1.1 Projektets bakgrund<\/dt>\n<dt>1.2 Projektets syfte<\/dt>\n<dt><strong>2 Historiken <\/strong><\/dt>\n<dt>2.1 Orsatraditionen<\/dt>\n<dt>2.2 Bleck\u00e5 Anders Olsson 1832-1921<\/dt>\n<dt>2.3 J\u00e4mt Olov Ersson 1872-1938<\/dt>\n<dt>2.4 G\u00f6ssa Anders Andersson 1878-1963<\/dt>\n<dt><strong>3 Karakt\u00e4riska egenskaper i G\u00f6ssa l\u00e5tar <\/strong><\/dt>\n<dt>3.1 Inledning och bakgrund<\/dt>\n<dt>3.2 Tonalitet<\/dt>\n<dt>3.3 Tonplatser och modus<\/dt>\n<dt>3.4 Rytmik, metrik och puls<\/dt>\n<dd>3.4.1 Metrisk struktur<\/dd>\n<dd>3.4.2 Takt<\/dd>\n<dd>3.4.3 Metriska markeringar<\/dd>\n<dt>3.5 Polsketyper<\/dt>\n<dd>3.5.1 J\u00e4mn polska<\/dd>\n<dd>3.5.2 Oj\u00e4mn polska<\/dd>\n<dt><strong>4 F\u00f6rdjupning i \u00e4mnet <\/strong><\/dt>\n<dt>4.1 Mitt samarbete med Sven Ahlb\u00e4ck<\/dt>\n<dt>4.2 Mitt samarbete med Jonny Soling<\/dt>\n<dt>4.3 Arkivinspelningar<\/dt>\n<dt>4.4 Noter Svenska L\u00e5tar<\/dt>\n<dt><strong>5 G\u00f6ssa l\u00e5tar i gruppspel <\/strong><\/dt>\n<dt>5.1 Mitt samarbete med Emma Reid<\/dt>\n<dd>5.1.1 Bakgrund<\/dd>\n<dd>5.1.2 Ackompanjemang p\u00e5 accordeon<\/dd>\n<dd>5.1.3 Hur g\u00e5r det att spela G\u00f6ssa l\u00e5tar till dans<\/dd>\n<dt>5.2 G\u00f6ssa l\u00e5tar i Fyrlands repertoar<\/dt>\n<dd>5.2.1 Fyrlands historia<\/dd>\n<dd>5.2.2 G\u00f6ssa l\u00e5tar i Fyrlands repertoar<\/dd>\n<dd>5.2.3 Fyrlands \u00f6vningspass i trumhuset vid KMH den 21 och 22 oktober 2002<\/dd>\n<dt>5.3 Viktiga moment i G\u00f6ssa l\u00e5tar i gruppspel<\/dt>\n<dt><strong>6 N\u00e5gra \u00e5sikter om viktiga accordeontekniska och -stilistiska egenskaper i folkmusik, fr\u00e4mst i Orsa l\u00e5tar <\/strong><\/dt>\n<dt>6.1 I kvartstonsspelningsm\u00f6jligheter p\u00e5 accordeon<\/dt>\n<dt>6.2 Artikulation<\/dt>\n<dt>6.3 Det &#8221;om\u00e4rkv\u00e4rdiga&#8221; spels\u00e4ttet<\/dt>\n<dd>6.3.1 Melodifrasering<\/dd>\n<dd>6.3.2 Artikulation<\/dd>\n<dd>6.3.2 Riktning<\/dd>\n<dd>6.3.4 Kroppsr\u00f6relserl<\/dd>\n<dt><strong>7 Analys av ljudexempel <\/strong><\/dt>\n<dt>7.1 Inspelningen<\/dt>\n<dt>7.2 Vals efter fadern<\/dt>\n<dt>7.3 Polska efter Anders Bergman<\/dt>\n<dt>7.4 Orsa brudmarsch<\/dt>\n<dt>7.5 Vals efter bleck\u00e5<\/dt>\n<dt>7.6 Polska efter Bleck\u00e5 eller Systerpolska 3 eller Mora-Frisken<\/dt>\n<dt>7.7 Systerpolska 1 och 2<\/dt>\n<dt>7.8 Tv\u00e5 &#8221;Gubbl\u00e5tar&#8221; med Petter<\/dt>\n<dt><strong>8 Slutsatser <\/strong><\/dt>\n<dt><strong>9 Bilagor <\/strong><\/dt>\n<dt><strong>10 K\u00e4llor <\/strong><\/dt>\n<dt><strong>11 Literaturf\u00f6rteckning<\/strong><\/dt>\n<\/dl>","protected":false},"excerpt":{"rendered":"<p>Projektity\u00f6<br \/>\nTaideyliopiston Sibelius-Akatemia<br \/>\nKansanmusiikin aineryhm\u00e4<br \/>\n2003<\/p>","protected":false},"featured_media":0,"comment_status":"closed","ping_status":"closed","template":"","meta":{"_acf_changed":false},"product_brand":[],"product_cat":[81,76],"product_tag":[],"class_list":{"0":"post-2532","1":"product","2":"type-product","3":"status-publish","5":"product_cat-maisteriopinnot","6":"product_cat-opinnaytteet","8":"first","9":"instock","10":"shipping-taxable","11":"product-type-simple"},"acf":[],"_links":{"self":[{"href":"https:\/\/etno.net\/en\/wp-json\/wp\/v2\/product\/2532","targetHints":{"allow":["GET"]}}],"collection":[{"href":"https:\/\/etno.net\/en\/wp-json\/wp\/v2\/product"}],"about":[{"href":"https:\/\/etno.net\/en\/wp-json\/wp\/v2\/types\/product"}],"replies":[{"embeddable":true,"href":"https:\/\/etno.net\/en\/wp-json\/wp\/v2\/comments?post=2532"}],"wp:attachment":[{"href":"https:\/\/etno.net\/en\/wp-json\/wp\/v2\/media?parent=2532"}],"wp:term":[{"taxonomy":"product_brand","embeddable":true,"href":"https:\/\/etno.net\/en\/wp-json\/wp\/v2\/product_brand?post=2532"},{"taxonomy":"product_cat","embeddable":true,"href":"https:\/\/etno.net\/en\/wp-json\/wp\/v2\/product_cat?post=2532"},{"taxonomy":"product_tag","embeddable":true,"href":"https:\/\/etno.net\/en\/wp-json\/wp\/v2\/product_tag?post=2532"}],"curies":[{"name":"wp","href":"https:\/\/api.w.org\/{rel}","templated":true}]}}