{"id":2534,"date":"2021-03-08T10:40:01","date_gmt":"2021-03-08T08:40:01","guid":{"rendered":"https:\/\/etno.net\/?post_type=product&#038;p=2534"},"modified":"2021-06-21T10:01:30","modified_gmt":"2021-06-21T08:01:30","slug":"kaksirivinen-haitari-soittimena-ja-opetuskaytossa","status":"publish","type":"product","link":"https:\/\/etno.net\/en\/julkaisu\/opinnaytteet\/maisteriopinnot\/kaksirivinen-haitari-soittimena-ja-opetuskaytossa","title":{"rendered":"Kaksirivinen haitari soittimena ja opetusk\u00e4yt\u00f6ss\u00e4"},"content":{"rendered":"<p><strong>Tiivistelm\u00e4<\/strong><br \/>\nT\u00e4ss\u00e4 projektin kirjallisessa osuudessa selvit\u00e4n kaksirivisen haitarin ominaisuuksia soittimena ja pohdin, mitk\u00e4 asiat ovat t\u00e4rkeit\u00e4 soitonopetuksessa. Kaksiriviselle haitarille on julkaistu ainoastaan yksi suomalainen soitto-opas. Sen lis\u00e4ksi on ollut tarpeellista ker\u00e4t\u00e4 tai tehd\u00e4 itse lis\u00e4\u00e4 opetusmateriaalia. Opettamisen my\u00f6t\u00e4 olen huomannut joidenkin soittoteknisten asioiden vaativan erityist\u00e4 huomiota varsinkin aloittelevien soittajien kanssa. S\u00e4est\u00e4minen ja nuotinluku ovat my\u00f6s asioita, jotka olen kokenut t\u00e4rke\u00e4ksi. Voidakseni paremmin huomioida t\u00e4rkeiksi kokemiani asioita opetuksessani, olen pyrkinyt t\u00e4m\u00e4n projektin puitteissa selkeytt\u00e4m\u00e4\u00e4n itselleni mit\u00e4 ne ovat ja miten niit\u00e4 voisi opettaa.<\/p>\n<p>Kaksiriviselle haitarille on kehitetty useita erilaisia nuotinkirjoitustapoja. L\u00e4hes jokaisessa kaksiriviselle tarkoitetussa nuottivihossa k\u00e4ytet\u00e4\u00e4n erilaista nuotinkirjoitustapaa. Numeroita ja tabulatuuria voidaan k\u00e4ytt\u00e4\u00e4 tavanomaisen nuotinkirjoituksen apuna. Olen esitellyt muutamia nuotinkirjoitustapoja ja esit\u00e4n my\u00f6s oman n\u00e4kemykseni mielest\u00e4ni k\u00e4yt\u00e4nn\u00f6llisimm\u00e4st\u00e4 kirjoitustavasta.<\/p>\n<p>Projektiin sis\u00e4ltyy kaksirivisen haitarin n\u00e4pp\u00e4inkaavioita, soittoharjoituksia, muutamia erityylisi\u00e4 s\u00e4velmi\u00e4 sek\u00e4 nuottiesimerkkej\u00e4 asteikoista, soinnuista ja eri nuotinkirjoitustyyleist\u00e4. Soittoharjoitukset ja s\u00e4velm\u00e4t olen soittanut CD-levylle. CD-levy\u00e4 s\u00e4ilytet\u00e4\u00e4n Sibelius-Akatemian kansanmusiikin osaston kirjastossa.<\/p>\n<p><strong>Sis\u00e4llysluettelo<\/strong><br \/>\n<strong>1 Johdanto<\/strong><\/p>\n<p style=\"padding-left: 40px\">1.1 Oma kaksirivisen haitarin soitto ja opetus<br \/>\n1.2 Projektin l\u00e4ht\u00f6kohta ja tavoite<\/p>\n<p><strong>2 Kaksirivinen haitari<\/strong><\/p>\n<p style=\"padding-left: 40px\">2.1 Kaksirivinen haitari Suomessa ja muualla<br \/>\n2.2 Kaksirivisen haitarin teknisi\u00e4 ominaisuuksia<\/p>\n<p style=\"padding-left: 80px\">2.2.1 Suomessa k\u00e4ytetyt yleisimm\u00e4t viritysj\u00e4rjestelm\u00e4t<br \/>\n2.2.2 Kaksirivisen haitarin valmistajia<\/p>\n<p style=\"padding-left: 40px\">2.3 Nuottikirjoitus<\/p>\n<p style=\"padding-left: 80px\">2.3.1 Numerot<br \/>\n2.3.2 Oma n\u00e4kemys<\/p>\n<p style=\"padding-left: 40px\">2.4 Suomalaisia kaksiriviseen haitariin liittyvi\u00e4 julkaisuja<\/p>\n<p><strong>3 Asteikot ja soinnut<\/strong><\/p>\n<p style=\"padding-left: 40px\">3.1 N\u00e4pp\u00e4imist\u00f6n ja s\u00e4vellajin hahmottaminen<br \/>\n3.2 Asteikot yksirivisesti ja kaksirivisesti<br \/>\n3.3 Soinnut diskantilla ja bassolla<br \/>\n3.4 S\u00e4est\u00e4minen<\/p>\n<p><strong>4 Soittotekniikan perusteita<\/strong><\/p>\n<p style=\"padding-left: 40px\">4.1 Palje ja ilmanappi<br \/>\n4.2 Diskantti ja basso<br \/>\n4.3 Diskantin ja basson vuorottelu sek\u00e4 yhdist\u00e4minen<br \/>\n4.4 S\u00e4est\u00e4minen<br \/>\n4.5 Staccato ja legato<br \/>\n4.6 Nyanssit<br \/>\n4.7 Rytmin muuntelu ja korus\u00e4velet<br \/>\n4.8 Omasta p\u00e4\u00e4st\u00e4<\/p>\n<p><strong>5 Yhteenveto<\/strong><\/p>\n<p style=\"padding-left: 40px\">5.1 Kaksirivinen haitari soittimena ja opetusk\u00e4yt\u00f6ss\u00e4<\/p>\n<p><strong>L\u00e4hteet<\/strong><br \/>\n<strong>Liitteet<\/strong><br \/>\n1 Diskanttikaavio<br \/>\n2 Bassokaavio<br \/>\n3 Nuottiesimerkit<br \/>\n4 Nuottiesimerkit (oma n\u00e4kemys)<br \/>\n5 Asteikot<br \/>\n6 Soinnut diskanttipuolella<br \/>\n7 Soinnut bassopuolella<br \/>\n8 S\u00e4estys<br \/>\n9 Harjoitukset ja s\u00e4velm\u00e4t<br \/>\n10 Harjoitukset ja s\u00e4velm\u00e4t (\u00e4\u00e4nite)<br \/>\nTy\u00f6n CD-liite kansanmusiikin aineryhm\u00e4n arkistossa.<\/p>","protected":false},"excerpt":{"rendered":"<p>Projektity\u00f6<br \/>\nTaideyliopiston Sibelius-Akatemia<br \/>\nKansanmusiikin aineryhm\u00e4<br \/>\n2004<\/p>","protected":false},"featured_media":0,"comment_status":"closed","ping_status":"closed","template":"","meta":{"_acf_changed":false},"product_brand":[],"product_cat":[81,76],"product_tag":[],"class_list":{"0":"post-2534","1":"product","2":"type-product","3":"status-publish","5":"product_cat-maisteriopinnot","6":"product_cat-opinnaytteet","8":"first","9":"instock","10":"shipping-taxable","11":"product-type-simple"},"acf":[],"_links":{"self":[{"href":"https:\/\/etno.net\/en\/wp-json\/wp\/v2\/product\/2534","targetHints":{"allow":["GET"]}}],"collection":[{"href":"https:\/\/etno.net\/en\/wp-json\/wp\/v2\/product"}],"about":[{"href":"https:\/\/etno.net\/en\/wp-json\/wp\/v2\/types\/product"}],"replies":[{"embeddable":true,"href":"https:\/\/etno.net\/en\/wp-json\/wp\/v2\/comments?post=2534"}],"wp:attachment":[{"href":"https:\/\/etno.net\/en\/wp-json\/wp\/v2\/media?parent=2534"}],"wp:term":[{"taxonomy":"product_brand","embeddable":true,"href":"https:\/\/etno.net\/en\/wp-json\/wp\/v2\/product_brand?post=2534"},{"taxonomy":"product_cat","embeddable":true,"href":"https:\/\/etno.net\/en\/wp-json\/wp\/v2\/product_cat?post=2534"},{"taxonomy":"product_tag","embeddable":true,"href":"https:\/\/etno.net\/en\/wp-json\/wp\/v2\/product_tag?post=2534"}],"curies":[{"name":"wp","href":"https:\/\/api.w.org\/{rel}","templated":true}]}}