{"id":2535,"date":"2021-03-08T10:40:55","date_gmt":"2021-03-08T08:40:55","guid":{"rendered":"https:\/\/etno.net\/?post_type=product&#038;p=2535"},"modified":"2021-03-08T10:40:55","modified_gmt":"2021-03-08T08:40:55","slug":"kokemuksia-sahkokanteleiden-mahdollisuuksista","status":"publish","type":"product","link":"https:\/\/etno.net\/en\/julkaisu\/opinnaytteet\/maisteriopinnot\/kokemuksia-sahkokanteleiden-mahdollisuuksista","title":{"rendered":"Kokemuksia s\u00e4hk\u00f6kanteleiden mahdollisuuksista"},"content":{"rendered":"<h2>Tiivistelm\u00e4<\/h2>\n<p>Projektity\u00f6ni on kuvaus lukuvuodesta 2002-2003, jonka vietin Joensuussa Pohjois-Karjala &#8211; kanteleen maakunta -hankkeen ty\u00f6ntekij\u00e4n\u00e4. Toimin t\u00e4ss\u00e4 Kantele-projektissa kouluttajana ja muusikkona. Toimenkuvaani kuului opettamista ja uusille s\u00e4hk\u00f6istetyille Wing-kanteleille soveltuvan ohjelmiston ja oppimateriaalin laatimista.<\/p>\n<p>Kirjallisessa osuudessa pohdin s\u00e4hk\u00f6istettyjen kanteleiden k\u00e4ytt\u00f6\u00e4 muusikon n\u00e4k\u00f6kulmasta sek\u00e4 pedagogiselta kannalta. Tarkastelen omia kokemuksiani sek\u00e4 ajatuksia ja niiden muotoutumista projektin edetess\u00e4. Kirjallisen ty\u00f6ni pohjana ovat kirjoittamani Kantele-projektin raportit sek\u00e4 omat p\u00e4iv\u00e4kirjamerkint\u00e4ni vuoden ajalta.<\/p>\n<p>Taiteellisena osiona projektity\u00f6h\u00f6ni liittyy soiva sointutaulukko 15-kieliselle Wing-kanteleelle. Taulukossa on esitelty kaikki laajat soinnut, jotka diatonisella kanteleella on mahdollista soittaa. Ne on kuvattu reaalisointumerkkein\u00e4, nuotteina ja kuvina, josta k\u00e4y ilmi sointuote kanteleen kielill\u00e4. Soinnut ovat my\u00f6s kuunneltavissa erilaisina versioina. Soiva sointutaulukko on julkaistu internetiss\u00e4 osoitteessa www.etno.net.<\/p>\n<h2>Sis\u00e4llysluettelo<\/h2>\n<dl>\n<dt>1 Johdanto<\/dt>\n<dt>2 Pohjois-Karjala &#8211; kanteleen maakunta -hanke<\/dt>\n<dt>3 Ty\u00f6 kouluttajana<\/dt>\n<dd>3.1 Koulujen kantelep\u00e4iv\u00e4t<\/dd>\n<dd>3.2 Ilomantsin s\u00e4hk\u00f6kannelryhm\u00e4t<\/dd>\n<dd>3.3 Motora<\/dd>\n<dd>3.4 Muut koulutukset<\/dd>\n<dt>4 S\u00e4hk\u00f6kanteleen pedagogiikka<\/dt>\n<dt>5 Muusikkona s\u00e4hk\u00f6kanteleen kanssa<\/dt>\n<dd>5.1 Mysterious Wings\/Kulo<\/dd>\n<dd>5.2 Sooloesiintymiset<\/dd>\n<dt>6 Tulevaisuuden n\u00e4kym\u00e4t<\/dt>\n<\/dl>","protected":false},"excerpt":{"rendered":"<p>Projektity\u00f6<br \/>\nTaideyliopiston Sibelius-Akatemia<br \/>\nKansanmusiikin aineryhm\u00e4<br \/>\n2004<\/p>","protected":false},"featured_media":0,"comment_status":"closed","ping_status":"closed","template":"","meta":{"_acf_changed":false},"product_brand":[],"product_cat":[81,76],"product_tag":[],"class_list":{"0":"post-2535","1":"product","2":"type-product","3":"status-publish","5":"product_cat-maisteriopinnot","6":"product_cat-opinnaytteet","8":"first","9":"instock","10":"shipping-taxable","11":"product-type-simple"},"acf":[],"_links":{"self":[{"href":"https:\/\/etno.net\/en\/wp-json\/wp\/v2\/product\/2535","targetHints":{"allow":["GET"]}}],"collection":[{"href":"https:\/\/etno.net\/en\/wp-json\/wp\/v2\/product"}],"about":[{"href":"https:\/\/etno.net\/en\/wp-json\/wp\/v2\/types\/product"}],"replies":[{"embeddable":true,"href":"https:\/\/etno.net\/en\/wp-json\/wp\/v2\/comments?post=2535"}],"wp:attachment":[{"href":"https:\/\/etno.net\/en\/wp-json\/wp\/v2\/media?parent=2535"}],"wp:term":[{"taxonomy":"product_brand","embeddable":true,"href":"https:\/\/etno.net\/en\/wp-json\/wp\/v2\/product_brand?post=2535"},{"taxonomy":"product_cat","embeddable":true,"href":"https:\/\/etno.net\/en\/wp-json\/wp\/v2\/product_cat?post=2535"},{"taxonomy":"product_tag","embeddable":true,"href":"https:\/\/etno.net\/en\/wp-json\/wp\/v2\/product_tag?post=2535"}],"curies":[{"name":"wp","href":"https:\/\/api.w.org\/{rel}","templated":true}]}}