{"id":2536,"date":"2021-03-08T10:42:10","date_gmt":"2021-03-08T08:42:10","guid":{"rendered":"https:\/\/etno.net\/?post_type=product&#038;p=2536"},"modified":"2021-06-21T10:03:17","modified_gmt":"2021-06-21T08:03:17","slug":"huilusoittimet-perun-andeilla-yleiskatsaus-ja-omia-kokemuksia","status":"publish","type":"product","link":"https:\/\/etno.net\/en\/julkaisu\/opinnaytteet\/maisteriopinnot\/huilusoittimet-perun-andeilla-yleiskatsaus-ja-omia-kokemuksia","title":{"rendered":"Huilusoittimet Perun Andeilla &#8211; yleiskatsaus ja omia kokemuksia"},"content":{"rendered":"<p><strong>Tiivistelm\u00e4<\/strong><br \/>\nOlen ollut jo pitk\u00e4\u00e4n kiinnostunut Andien alueen musiikista, soittimista ja kulttuurista yleens\u00e4. T\u00e4st\u00e4 huolimatta en ollut tutustunut kovinkaan hyvin alueen menneisyyteen kulttuurin, musiikin ja soittimien osalta. Projektini kirjallisessa osassa kirjoitankin ensin lyhyesti Perun luonnosta, sek\u00e4 historiasta kulttuurin ja soittimien osalta. T\u00e4m\u00e4n j\u00e4lkeen esittelen kolme yleist\u00e4 huilutyyppi\u00e4 Andeilta: panhuilut, lovihuilut ja tulppakanavahuilut. Kaikista n\u00e4ist\u00e4 huilutyypeist\u00e4 kerron omia k\u00e4yt\u00e4nn\u00f6n kokemuksiani muusikon n\u00e4k\u00f6kulmasta. Ehk\u00e4 kaikkein mielenkiintoisimmaksi aiheeksi osottautui kumminkin Andien alueen alkuper\u00e4isiin sointi-ihanteisiin ja soitinsymboliikkaan tutustuminen, joista kerron viidenness\u00e4 luvussa. Keskityn ty\u00f6ss\u00e4ni Peruun, koska se on tullut minulle Andien maista kaikkein tutuimmaksi.<\/p>\n<p>Projektin taiteellisena osuutena nauhoitan Etnonettiin sooloimprovisaatioita muutamilla tyypillisimmill\u00e4 Andien huiluilla.<\/p>\n<p><strong>Sis\u00e4llysluettelo<\/strong><br \/>\n<strong>1 Johdanto<\/strong><br \/>\n<strong>2 Peru<\/strong><\/p>\n<p style=\"padding-left: 40px\">2.1 Maantieteellinen sijainti<br \/>\n2.2 Luonnonmaantieteelliset suuralueet<br \/>\n2.3 Historiaa<\/p>\n<p><strong>3 Soitinten historiasta Perussa<\/strong><br \/>\n<strong>4 Huilusoittimet Perun Andeilla<\/strong><\/p>\n<p style=\"padding-left: 40px\">4.1 Panhuilut<\/p>\n<p style=\"padding-left: 80px\">4.1.1 Yksiriviset panhuilut<br \/>\n4.1.2 Kaksiosaiset panhuilut<br \/>\n4.1.3 Omia kokemuksiani panhuiluista<\/p>\n<p style=\"padding-left: 40px\">4.2 Lovihuilut<\/p>\n<p style=\"padding-left: 80px\">4.2.1 Seitsem\u00e4nreik\u00e4inen, noin 38 sentti\u00e4 pitk\u00e4 quena<br \/>\n4.2.2 Quenaperhe<br \/>\n4.2.3 Omia kokemuksiani quena-huiluista<\/p>\n<p style=\"padding-left: 40px\">4.3 Tulppakanavahuilut<\/p>\n<p style=\"padding-left: 80px\">4.3.1 Yhden k\u00e4den huilu<br \/>\n4.3.2 Tarka<br \/>\n4.3.3 Omia kokemuksiani Andien tulppakanavahuiluista<\/p>\n<p><strong>5 Musiikillisesta ajattelusta, sointi-ihanteesta ja soitinsymboliikasta Andeilla <\/strong><br \/>\n<strong>6 Lopuksi<\/strong><br \/>\n<strong>Liitteet<\/strong><\/p>","protected":false},"excerpt":{"rendered":"<p>Projektity\u00f6<br \/>\nTaideyliopiston Sibelius-Akatemia<br \/>\nKansanmusiikin aineryhm\u00e4<br \/>\n2004<\/p>","protected":false},"featured_media":0,"comment_status":"closed","ping_status":"closed","template":"","meta":{"_acf_changed":false},"product_brand":[],"product_cat":[81,76],"product_tag":[],"class_list":{"0":"post-2536","1":"product","2":"type-product","3":"status-publish","5":"product_cat-maisteriopinnot","6":"product_cat-opinnaytteet","8":"first","9":"instock","10":"shipping-taxable","11":"product-type-simple"},"acf":[],"_links":{"self":[{"href":"https:\/\/etno.net\/en\/wp-json\/wp\/v2\/product\/2536","targetHints":{"allow":["GET"]}}],"collection":[{"href":"https:\/\/etno.net\/en\/wp-json\/wp\/v2\/product"}],"about":[{"href":"https:\/\/etno.net\/en\/wp-json\/wp\/v2\/types\/product"}],"replies":[{"embeddable":true,"href":"https:\/\/etno.net\/en\/wp-json\/wp\/v2\/comments?post=2536"}],"wp:attachment":[{"href":"https:\/\/etno.net\/en\/wp-json\/wp\/v2\/media?parent=2536"}],"wp:term":[{"taxonomy":"product_brand","embeddable":true,"href":"https:\/\/etno.net\/en\/wp-json\/wp\/v2\/product_brand?post=2536"},{"taxonomy":"product_cat","embeddable":true,"href":"https:\/\/etno.net\/en\/wp-json\/wp\/v2\/product_cat?post=2536"},{"taxonomy":"product_tag","embeddable":true,"href":"https:\/\/etno.net\/en\/wp-json\/wp\/v2\/product_tag?post=2536"}],"curies":[{"name":"wp","href":"https:\/\/api.w.org\/{rel}","templated":true}]}}