{"id":2537,"date":"2021-03-08T10:45:05","date_gmt":"2021-03-08T08:45:05","guid":{"rendered":"https:\/\/etno.net\/?post_type=product&#038;p=2537"},"modified":"2021-03-08T10:45:05","modified_gmt":"2021-03-08T08:45:05","slug":"eraan-soitininnovaation-anatomia","status":"publish","type":"product","link":"https:\/\/etno.net\/en\/julkaisu\/opinnaytteet\/maisteriopinnot\/eraan-soitininnovaation-anatomia","title":{"rendered":"Er\u00e4\u00e4n soitininnovaation anatomia"},"content":{"rendered":"<h2>Tiivistelm\u00e4<\/h2>\n<p>Taiteellisen projektini kirjallinen osuus esittelee er\u00e4\u00e4n soitininnovaationi ja kertoo siihen johtaneesta kehityksest\u00e4. Kyseess\u00e4 on urkuharmooni, joka poikkeaa viritykselt\u00e4\u00e4n ja koskettimistoltaan huomattavasti tavanomaisesta. Soittimessa on 27 eri s\u00e4veltasoa oktaavissa j\u00e4rjestettyn\u00e4 kahdelletoista eri tavoin jaetulle koskettimelle. T\u00e4ll\u00e4 soittimella saavutetaan t\u00e4ydellinen kromaattinen puhdasvireisyys (puhdasvireiset duuri- ja mollikolmisoinnut jokaiselta puolis\u00e4velaskeleelta). Lis\u00e4ksi se sis\u00e4lt\u00e4\u00e4 ns. yl\u00e4s\u00e4velasteikon intervallit sek\u00e4 yleisimm\u00e4t esim. arabialaisessa musiikissa k\u00e4ytett\u00e4v\u00e4t mikrointervallit.<\/p>\n<p>Kerron kirjallisessa ty\u00f6ss\u00e4ni suhteestani yl\u00e4s\u00e4velsarjaan ja viritysj\u00e4rjestelmiin ja siit\u00e4 kuinka kiinnostuin aiheesta. Esittelen yl\u00e4s\u00e4velsarjan ja joitakin viritysj\u00e4rjestelmi\u00e4 (pythagoralaisen, puhdasvireisen ja tasavireisen) ja vertailen niit\u00e4 kesken\u00e4\u00e4n mm. laatimieni taulukoiden avulla. Taulukoista k\u00e4yv\u00e4t ilmi intervallien t\u00e4sm\u00e4lliset v\u00e4r\u00e4htelysuhteet ja s\u00e4velkorkeudet ilmaistuna suhdelukuina ja hertziarvoina. Lopuksi esittelen oman viritykseni ja kerron miten olen siihen p\u00e4\u00e4tynyt ja mit\u00e4 pyrin sill\u00e4 saavuttamaan. Suunnittelemani soitin on tarkoitettu etup\u00e4\u00e4ss\u00e4 taiteellisiin tarkoituksiin, mutta my\u00f6s tutkimuksen ja opetuksen apuv\u00e4lineeksi. Soittimena sen k\u00e4ytt\u00f6mahdollisuudet ovat huomattavan laajat. Sill\u00e4 voisi soittaa sek\u00e4 &#8221;tavallista&#8221;, ett\u00e4 erilaisia mikrointervalleja sis\u00e4lt\u00e4v\u00e4\u00e4 musiikkia. Yhten\u00e4 erityisalueena on yl\u00e4s\u00e4velasteikkoa k\u00e4ytt\u00e4v\u00e4 musiikki. Muun muassa kurkkulaulun, munniharpun ja pitk\u00e4huilun kanssa soitettaessa v\u00e4ltytt\u00e4isiin ep\u00e4puhtausongelmilta, joita tulee v\u00e4ist\u00e4m\u00e4tt\u00e4 tasavireisten soitinten kanssa. Opetus- ja tutkimusk\u00e4yt\u00f6ss\u00e4 soittimesta olisi hy\u00f6ty\u00e4 erilaisten intonaatioiden vertailussa kuulonvaraisesti, mik\u00e4 useimmilla soittimilla ei ole mahdollista.<\/p>\n<p>Projektini taiteellinen osuus on Cedip Tur -kurkkulauluyhtyeen CD-levy, joka antaa hieman osviittaa siit\u00e4, mink\u00e4laisessa musiikissa kehittelem\u00e4\u00e4ni soitinta voisi hy\u00f6dynt\u00e4\u00e4. Cedip Tur, jossa laulan ja soitan, on keski-aasialaiseen kansanmusiikkiin erikoistunut yhtye, joka on perustettu v. 2000. Yhtyeen musiikissa yl\u00e4s\u00e4velj\u00e4rjestelm\u00e4ll\u00e4 on merkitt\u00e4v\u00e4 rooli. Kurkkulaulussa yl\u00e4s\u00e4velill\u00e4 lauletaan melodioita ja soittimista igil (tuvalainen 2-kielinen jousisoitin) k\u00e4ytt\u00e4\u00e4 poikkeuksellisen paljon huilu\u00e4\u00e4ni\u00e4 hyv\u00e4kseen. Suunnittelemani soittimen avulla voisimme entist\u00e4 laajemmin hy\u00f6dynt\u00e4\u00e4 yl\u00e4s\u00e4veli\u00e4, etenkin niit\u00e4 jotka edustava mikrointervallitasoja.<\/p>\n<p>Yhtyeemme julkaisi ensimm\u00e4isen levyns\u00e4 &#8221;Traktorist&#8221; huhtikuussa 2005 ja sit\u00e4 jakelee yhtyeen j\u00e4senten lis\u00e4ksi mm. levykauppa Digelius Helsingiss\u00e4.<\/p>\n<h2>Sis\u00e4llysluettelo<\/h2>\n<dl>\n<dt>1. Johdanto<\/dt>\n<dt>2. Yl\u00e4s\u00e4velsarjasta kaikki alkoi<\/dt>\n<dt>3. Mit\u00e4 yl\u00e4s\u00e4velsarja kertoo?<\/dt>\n<dt>4. Laskutoimituksia &#8211; lukumystiikkaa<\/dt>\n<dt>5. Viritysj\u00e4rjestelmist\u00e4<\/dt>\n<dd>5.1 Yl\u00e4s\u00e4velasteikko<\/dd>\n<dd>5.2 Pythagoralainen viritys<\/dd>\n<dd>5.3 Puhdasvireinen j\u00e4rjestelm\u00e4<\/dd>\n<dd>5.4 Tasavireisyys<\/dd>\n<dt>6. Omien viritysj\u00e4rjestelmien kehittely<\/dt>\n<dt>7. Urkuharmooni?<\/dt>\n<dt>8. Lopullinen viritys<\/dt>\n<dd>8.1 Kromaattinen puhdasvireisyys<\/dd>\n<dd>8.2 Yl\u00e4s\u00e4velasteikko<\/dd>\n<dd>8.3 Mikrointervallit<\/dd>\n<dt>9. Soittimen k\u00e4ytt\u00f6tarkoitus<\/dt>\n<dt>10. Lopuksi<\/dt>\n<dt>11. Kirjallisuutta<\/dt>\n<\/dl>","protected":false},"excerpt":{"rendered":"<p>Projektity\u00f6<br \/>\nTaideyliopiston Sibelius-Akatemia<br \/>\nKansanmusiikin aineryhm\u00e4<br \/>\n2005<\/p>","protected":false},"featured_media":0,"comment_status":"closed","ping_status":"closed","template":"","meta":{"_acf_changed":false},"product_brand":[],"product_cat":[81,76],"product_tag":[],"class_list":{"0":"post-2537","1":"product","2":"type-product","3":"status-publish","5":"product_cat-maisteriopinnot","6":"product_cat-opinnaytteet","8":"first","9":"instock","10":"shipping-taxable","11":"product-type-simple"},"acf":[],"_links":{"self":[{"href":"https:\/\/etno.net\/en\/wp-json\/wp\/v2\/product\/2537","targetHints":{"allow":["GET"]}}],"collection":[{"href":"https:\/\/etno.net\/en\/wp-json\/wp\/v2\/product"}],"about":[{"href":"https:\/\/etno.net\/en\/wp-json\/wp\/v2\/types\/product"}],"replies":[{"embeddable":true,"href":"https:\/\/etno.net\/en\/wp-json\/wp\/v2\/comments?post=2537"}],"wp:attachment":[{"href":"https:\/\/etno.net\/en\/wp-json\/wp\/v2\/media?parent=2537"}],"wp:term":[{"taxonomy":"product_brand","embeddable":true,"href":"https:\/\/etno.net\/en\/wp-json\/wp\/v2\/product_brand?post=2537"},{"taxonomy":"product_cat","embeddable":true,"href":"https:\/\/etno.net\/en\/wp-json\/wp\/v2\/product_cat?post=2537"},{"taxonomy":"product_tag","embeddable":true,"href":"https:\/\/etno.net\/en\/wp-json\/wp\/v2\/product_tag?post=2537"}],"curies":[{"name":"wp","href":"https:\/\/api.w.org\/{rel}","templated":true}]}}