{"id":2538,"date":"2021-03-08T10:46:26","date_gmt":"2021-03-08T08:46:26","guid":{"rendered":"https:\/\/etno.net\/?post_type=product&#038;p=2538"},"modified":"2021-03-08T10:46:27","modified_gmt":"2021-03-08T08:46:27","slug":"talvisirkus-nauru-syksy-sirkusmuusikkona","status":"publish","type":"product","link":"https:\/\/etno.net\/en\/julkaisu\/opinnaytteet\/maisteriopinnot\/talvisirkus-nauru-syksy-sirkusmuusikkona","title":{"rendered":"Talvisirkus Nauru &#8211; syksy sirkusmuusikkona"},"content":{"rendered":"<h2>Tiivistelm\u00e4<\/h2>\n<p>Projektini aihe on osallisuuteni tanssiteatteri Hurjaruuthin Talvisirkus Nauruun syys-tammikuussa 2004-05. Hurjaruuthin talvisirkus on jo perinteeksi muodostunut esitys, joka yhdist\u00e4\u00e4 sirkusta, musiikkia ja tanssia. T\u00e4n\u00e4 vuonna esityksen ohjasivat Arja Pettersson ja Liisa Risu, joka toimi my\u00f6s koreografina. Sirkusta esitettiin Helsingin Kaapelitehtaan Pannuhallissa marras-tammikuussa kuudenkymmenenviiden n\u00e4yt\u00f6ksen verran.<\/p>\n<p>Itse toimin esityksess\u00e4 muusikkona osana sirkusorkesteri Trio Bordukaa, jossa kanssani soittivat Hannu Oskala ja Jarno Tastula. Hannu toimi musiikillisena vastaavana ja vastasi p\u00e4\u00e4osasta s\u00e4vellyksi\u00e4, loput tulivat Jarnolta ja allekirjoittaneelta. Sovituksia teimme yhteisty\u00f6ss\u00e4.<\/p>\n<p>\u00c4\u00e4nitimme esityksen musiikista levyn, jota myimme esitysten yhteydess\u00e4. Levyn julkaisivat yhteisty\u00f6ss\u00e4 Hannun yritys Hurmosteollisuus ja tanssiteatteri Hurjaruuth. Levy l\u00f6ytyy Sibelius-Akatemian kansanmusiikin osaston kirjastosta, levykaupoista sit\u00e4 myy Digelius.<\/p>\n<p>Projektini kirjallisessa osiossa pohdin esityksen valmistumista ja esitt\u00e4mist\u00e4 sek\u00e4 yleisesti ett\u00e4 erityisesti muusikon n\u00e4k\u00f6kulmasta. Analysoin my\u00f6s musiikintekoprosessia niin esitysten kuin levytyksenkin osalta keskittyen etenkin oman muusikkouteni eri puoliin.<\/p>\n<h2>Sis\u00e4llysluettelo<\/h2>\n<dl>\n<dt>1 Johdanto<\/dt>\n<dt>2 Taustaa<\/dt>\n<dt>3 Projektin tavoitteet<\/dt>\n<dd>soittimet ja laitteet<\/dd>\n<dd>soittaminen<\/dd>\n<dd>s\u00e4velt\u00e4minen ja sovittaminen<\/dd>\n<dd>esitykset ja esitt\u00e4minen<\/dd>\n<dd>oma rooli ty\u00f6yhteis\u00f6ss\u00e4<\/dd>\n<dd>levytys<\/dd>\n<dd>muuta<\/dd>\n<dt>4 Ty\u00f6prosessi<\/dt>\n<dd>kaapelitehdas<\/dd>\n<dd>ty\u00f6ryhm\u00e4<\/dd>\n<dd>harjoitukset<\/dd>\n<dd>levytys<\/dd>\n<dd>esitykset<\/dd>\n<dt>5 Kappalekohtainen esittely<\/dt>\n<dd>sirkuksen juoni<\/dd>\n<dd>1. n\u00e4yt\u00f6s<\/dd>\n<dd>2. n\u00e4yt\u00f6s<\/dd>\n<dt>6 Tavoitteiden toteutuminen<\/dt>\n<dd>soittimet ja laitteet<\/dd>\n<dd>soittaminen<\/dd>\n<dd>s\u00e4velt\u00e4minen ja sovittaminen<\/dd>\n<dd>esitykset ja esitt\u00e4minen<\/dd>\n<dd>oma rooli ty\u00f6yhteis\u00f6ss\u00e4<\/dd>\n<dd>leyvytys<\/dd>\n<dt>7 Lopuksi<\/dt>\n<\/dl>\n<p>&nbsp;<\/p>\n<dl>\n<dt>Liitteet:<\/dt>\n<dd>1 k\u00e4siohjelma<\/dd>\n<dd>2 esiintyjien ryhm\u00e4kuva<\/dd>\n<dd>3 kuva: Trio Borduka<\/dd>\n<dd>4 levyn lehtiarvostelu<\/dd>\n<\/dl>","protected":false},"excerpt":{"rendered":"<p>Projektity\u00f6<br \/>\nTaideyliopiston Sibelius-Akatemia<br \/>\nKansanmusiikin aineryhm\u00e4<br \/>\n2005<\/p>","protected":false},"featured_media":0,"comment_status":"closed","ping_status":"closed","template":"","meta":{"_acf_changed":false},"product_brand":[],"product_cat":[81,76],"product_tag":[],"class_list":{"0":"post-2538","1":"product","2":"type-product","3":"status-publish","5":"product_cat-maisteriopinnot","6":"product_cat-opinnaytteet","8":"first","9":"instock","10":"shipping-taxable","11":"product-type-simple"},"acf":[],"_links":{"self":[{"href":"https:\/\/etno.net\/en\/wp-json\/wp\/v2\/product\/2538","targetHints":{"allow":["GET"]}}],"collection":[{"href":"https:\/\/etno.net\/en\/wp-json\/wp\/v2\/product"}],"about":[{"href":"https:\/\/etno.net\/en\/wp-json\/wp\/v2\/types\/product"}],"replies":[{"embeddable":true,"href":"https:\/\/etno.net\/en\/wp-json\/wp\/v2\/comments?post=2538"}],"wp:attachment":[{"href":"https:\/\/etno.net\/en\/wp-json\/wp\/v2\/media?parent=2538"}],"wp:term":[{"taxonomy":"product_brand","embeddable":true,"href":"https:\/\/etno.net\/en\/wp-json\/wp\/v2\/product_brand?post=2538"},{"taxonomy":"product_cat","embeddable":true,"href":"https:\/\/etno.net\/en\/wp-json\/wp\/v2\/product_cat?post=2538"},{"taxonomy":"product_tag","embeddable":true,"href":"https:\/\/etno.net\/en\/wp-json\/wp\/v2\/product_tag?post=2538"}],"curies":[{"name":"wp","href":"https:\/\/api.w.org\/{rel}","templated":true}]}}