{"id":2539,"date":"2021-03-08T10:49:26","date_gmt":"2021-03-08T08:49:26","guid":{"rendered":"https:\/\/etno.net\/?post_type=product&#038;p=2539"},"modified":"2021-06-21T10:06:39","modified_gmt":"2021-06-21T08:06:39","slug":"alafest-kehittamishanke-alavuden-kansainvalinen-kansantanssi-ja-musiikkifestivaali-zembalot","status":"publish","type":"product","link":"https:\/\/etno.net\/en\/julkaisu\/opinnaytteet\/maisteriopinnot\/alafest-kehittamishanke-alavuden-kansainvalinen-kansantanssi-ja-musiikkifestivaali-zembalot","title":{"rendered":"Alafest-kehitt\u00e4mishanke &#8211; Alavuden kansainv\u00e4linen kansantanssi- ja musiikkifestivaali Zembalot"},"content":{"rendered":"<p><strong>Tiivistelm\u00e4<\/strong><br \/>\nSibelius-Akatemian kansanmusiikkiosaston projektin kirjallisena ty\u00f6n\u00e4ni oleva loppuraportti esittelee Alavuden Nuorisoseura ry:n hallinnoiman EU-rahoitteisen Alafest-kehitt\u00e4mishankkeen toimintaa, Zembalot-festivaalin ohjelman sek\u00e4 siihen liittyvien eri produktioiden suunnitteluty\u00f6t\u00e4, sek\u00e4 festivaalin j\u00e4rjestelyiden, talouden ja markkinoinnin suunnittelun ja toteutuksen eri osa-alueita. Raportti liitteineen pyrkii antamaan selke\u00e4n kokonaiskuvan n\u00e4iden suunnittelun ja toteutuksen eri osa-alueiden tavoitteiden toteutumisesta.<\/p>\n<p>Kuusiokuntien kehitt\u00e4misyhdistys ry ja Etel\u00e4-Pohjanmaan ty\u00f6voima- ja elinkeinokeskuksen maaseutuosasto my\u00f6nsiv\u00e4t Alavuden Nuorisoseuralle avustuksen Alafest-kehitt\u00e4mishankkeeseen, jonka tavoitteena oli suunnitella ja kehitt\u00e4\u00e4 Alavudelle kansainv\u00e4linen kansantanssi- ja musiikkifestivaali. Aloitin ty\u00f6skentelyn hankkeen projektip\u00e4\u00e4llikk\u00f6n\u00e4 7.7.2003. Hankkeen toteutusaika oli 1.7.2003-31.10.2005. Projektity\u00f6ss\u00e4ni olin p\u00e4\u00e4vastuussa hankkeen k\u00e4yt\u00e4nn\u00f6n toteutuksesta sek\u00e4 hankkeen voimin kehitett\u00e4v\u00e4n kulttuuritapahtuman kehitysty\u00f6st\u00e4. Ty\u00f6skentelin yhteisty\u00f6ss\u00e4 Alavuden Nuorisoseuran johtokunnan ja hankkeelle perustetun ohjausryhm\u00e4n, sek\u00e4 festivaalin j\u00e4rjestelytoimikunnan kanssa. Hankkeen vastuullisena toteuttajana toimi Alavuden Nuorisoseura ry.<\/p>\n<p>Kansainv\u00e4linen kansantanssi- ja musiikkifestivaali Zembalot j\u00e4rjestettiin Alavudella ensimm\u00e4isen kerran 21.-24.7.2005. Tapahtuman tavoitteena oli esitell\u00e4 kotimaisen ja ulkomaisen kansantanssin- ja musiikin nykyp\u00e4iv\u00e4n osaamista sek\u00e4 luoda puitteet oman paikkakunnan tanssin, musiikin, teatterin ja taiteen harrastajille tuoda esille osaamistaan mahdollisimman laajasti. T\u00e4ss\u00e4 tavoitteessa oli etusijalla erityisesti lasten ja nuorten kulttuuri. Tarkoituksena oli saada kaikenik\u00e4iset ihmiset, mutta varsinkin lapset ja nuoret, innostumaan kansantanssista ja -musiikista sek\u00e4 n\u00e4ytt\u00e4\u00e4 kuinka korkeatasoista ja monivivahteista suomalainen kansanperinne nykyp\u00e4iv\u00e4n\u00e4 on.<\/p>\n<p>Kirjalliseen ty\u00f6h\u00f6n liittyv\u00e4n\u00e4 taiteellisena osionani on Zembalot-festivaalille tuotettu yhteisproduktio &#8221;Hehkumo&#8221;, jossa olivat mukana Alafest &#8211; kehitt\u00e4mishanke, Pauli Hanhiniemi ja Etel\u00e4-Pohjanmaan kansanmusiikin osaajat &#8221;Kyl\u00e4pelimannit&#8221;-projekti. Produktion tarkoituksena oli perustaa uusi yhtye, jonka tavoitteena oli luoda uutta perinteeseen pohjautuvaa akustista musiikkia. Hehkumon ohjelmisto muotoutui p\u00e4\u00e4asiassa juuri t\u00e4t\u00e4 produktiota varten s\u00e4velletyst\u00e4 ja sanoitetusta uudesta tuotannosta. Joukkoon mahtui my\u00f6s muutama perinteinen kansans\u00e4velm\u00e4 sek\u00e4 yhtyeen j\u00e4senten aikaisempaa tuotantoa uusin sovituksin. Roolini produktiossa musiikin s\u00e4vellys ja sovitus yhdess\u00e4 yhtyeen muiden j\u00e4senten kanssa sek\u00e4 1-, 2- ja 5-rivinen haitarin soittaminen. Kirjallisen ty\u00f6n liitteen\u00e4 olevassa oheismateriaalipaketissa on mukana DVD-tallenne yhtyeen ensikonsertista Zembalot-festivaalilla 22.7.2005, sek\u00e4 20.6.2005 ilmestynyt CD-single &#8221;Suvisivakointia&#8221;.<\/p>\n<p><strong>Sis\u00e4llysluettelo<\/strong><br \/>\n<strong>1 Johdanto<\/strong><br \/>\n<strong>2 Taustaa<\/strong><\/p>\n<p style=\"padding-left: 40px\">2.1 Kokemuksia tapahtuman tuottamisesta<br \/>\n2.2 Alavuden nuorisoseuran toiminnan esittely\n<\/p>\n<p><strong>3 Alafest-kehitt\u00e4mishanke<\/strong><\/p>\n<p style=\"padding-left: 40px\">3.1 Yleist\u00e4<br \/>\n3.2 Tavoite<br \/>\n3.3 Ohjausryhm\u00e4<br \/>\n3.4 Suunnittelu- ja kehitt\u00e4misseminaarit<br \/>\n3.5 Talous\n<\/p>\n<p><strong>4 Zembalot kansainv\u00e4linen kansantanssi- ja musiikkifestivaali 21.-24.7.2005<\/strong><\/p>\n<p style=\"padding-left: 40px\">4.1 Tavoite<br \/>\n4.2 Ohjelma ja produktiot<\/p>\n<p style=\"padding-left: 80px\">4.2.1 Tavoite<br \/>\n4.2.2 Rakenne<br \/>\n4.2.3 Hehkumo<br \/>\n4.2.4 Kansanmusikaali Pushkinin morsian<br \/>\n4.2.5 Lasten Zembalot<br \/>\n4.2.6 Z-Art Camp 05<br \/>\n4.2.7 Alavus-humppa 2005<br \/>\n4.2.8 Kirkkokonserttisarja<br \/>\n4.2.9 Kotimaiset esiintyj\u00e4t<br \/>\n4.2.10 Ulkomaiset esiintyj\u00e4t<\/p>\n<p style=\"padding-left: 40px\">4.3 Ennakkotapahtumat<\/p>\n<p style=\"padding-left: 80px\">4.3.1 Minizembalot<br \/>\n4.3.2 Syyszembalot<br \/>\n4.3.3 Mallaszembalot<br \/>\n4.3.4 Z-Klubi<br \/>\n4.3.5 J\u00e4\u00e4zembalot<br \/>\n4.3.6 Soolozembalot<br \/>\n4.3.7 Tanssia, soittoa ja laulua -kurssiviikonloput<\/p>\n<p style=\"padding-left: 40px\">4.4 J\u00e4rjestelyt<\/p>\n<p style=\"padding-left: 80px\">4.4.1 Organisaatio<br \/>\n4.4.2 Festivaalialue<br \/>\n4.4.3 Talkooty\u00f6<\/p>\n<p style=\"padding-left: 40px\">4.5 Talous<\/p>\n<p style=\"padding-left: 80px\">4.5.1 Budjetti<br \/>\n4.5.2 Unkarilainen ilta<br \/>\n4.5.3 Apurahat ja avustukset<\/p>\n<p style=\"padding-left: 40px\">4.6 Markkinointi<\/p>\n<p style=\"padding-left: 80px\">4.6.1 Yleist\u00e4<br \/>\n4.6.2 Kohde<br \/>\n4.6.3 Tiedotus<br \/>\n4.6.4 Internet<br \/>\n4.6.5 Oheismateriaali<\/p>\n<p style=\"padding-left: 40px\">4.7 Yhteisty\u00f6kumppanit\n<\/p>\n<p><strong>5 Yhteenveto<\/strong><br \/>\n<strong>6 Lopuksi<\/strong><br \/>\nLiite, CD: Suvisivakointia<\/p>","protected":false},"excerpt":{"rendered":"<p>Projektity\u00f6<br \/>\nTaideyliopiston Sibelius-Akatemia<br \/>\nKansanmusiikin aineryhm\u00e4<br \/>\n2005<\/p>","protected":false},"featured_media":0,"comment_status":"closed","ping_status":"closed","template":"","meta":{"_acf_changed":false},"product_brand":[],"product_cat":[81,76],"product_tag":[],"class_list":{"0":"post-2539","1":"product","2":"type-product","3":"status-publish","5":"product_cat-maisteriopinnot","6":"product_cat-opinnaytteet","8":"first","9":"instock","10":"shipping-taxable","11":"product-type-simple"},"acf":[],"_links":{"self":[{"href":"https:\/\/etno.net\/en\/wp-json\/wp\/v2\/product\/2539","targetHints":{"allow":["GET"]}}],"collection":[{"href":"https:\/\/etno.net\/en\/wp-json\/wp\/v2\/product"}],"about":[{"href":"https:\/\/etno.net\/en\/wp-json\/wp\/v2\/types\/product"}],"replies":[{"embeddable":true,"href":"https:\/\/etno.net\/en\/wp-json\/wp\/v2\/comments?post=2539"}],"wp:attachment":[{"href":"https:\/\/etno.net\/en\/wp-json\/wp\/v2\/media?parent=2539"}],"wp:term":[{"taxonomy":"product_brand","embeddable":true,"href":"https:\/\/etno.net\/en\/wp-json\/wp\/v2\/product_brand?post=2539"},{"taxonomy":"product_cat","embeddable":true,"href":"https:\/\/etno.net\/en\/wp-json\/wp\/v2\/product_cat?post=2539"},{"taxonomy":"product_tag","embeddable":true,"href":"https:\/\/etno.net\/en\/wp-json\/wp\/v2\/product_tag?post=2539"}],"curies":[{"name":"wp","href":"https:\/\/api.w.org\/{rel}","templated":true}]}}