{"id":2540,"date":"2021-03-08T10:50:54","date_gmt":"2021-03-08T08:50:54","guid":{"rendered":"https:\/\/etno.net\/?post_type=product&#038;p=2540"},"modified":"2021-03-08T10:51:26","modified_gmt":"2021-03-08T08:51:26","slug":"jouhikko-laulun-saestajana-ja-yhtyee","status":"publish","type":"product","link":"https:\/\/etno.net\/en\/julkaisu\/opinnaytteet\/maisteriopinnot\/jouhikko-laulun-saestajana-ja-yhtyee","title":{"rendered":"Jouhikko laulun s\u00e4est\u00e4j\u00e4n\u00e4 ja yhtyeess\u00e4"},"content":{"rendered":"<h2>Tiivistelm\u00e4<\/h2>\n<p>T\u00e4ss\u00e4 projektissa selvit\u00e4n nelikielisen jouhikon k\u00e4ytt\u00f6mahdollisuuksia laulun s\u00e4estykseen ja yhtyeiss\u00e4. Olen s\u00e4velt\u00e4nyt ja sovittanut kansanmusiikkia kokoonpanolle laulu, jouhikko, sello, harmooni, vetopasuuna, trumpetti ja ly\u00f6m\u00e4soittimet. Projektini kirjallisessa osassa k\u00e4yn l\u00e4pi nelikielisen jouhikon mahdollisuuksia sointusoittimena. Analysoin projektini taiteellisessa osiossa esitett\u00e4vien s\u00e4vellysten jouhikko-osuuksia ja niiden suhdetta muuhun kokoonpanoon. Projektini taiteellinen osuus sis\u00e4lt\u00e4\u00e4 viisi s\u00e4vellyst\u00e4, joista yksi on julkaistu cd:ll\u00e4 Hiien Hivuksista (KICD82), ja nelj\u00e4 on kuultavissa osoitteessa internet-osoitteessa www.etno.net.<\/p>\n<h2>Sis\u00e4llysluettelo<\/h2>\n<p>Johdanto<br \/>\nJouhikon ominaisuuksista<br \/>\nJouhikko s\u00e4est\u00e4v\u00e4n\u00e4 instrumenttina<br \/>\n4 esimerkki\u00e4 jouhikosta sointusoittimena<br \/>\nJouhikko yhtyeess\u00e4<br \/>\nNuotittomasta s\u00e4velt\u00e4misest\u00e4<br \/>\n4 esimerkki\u00e4 jouhikosta yhtyeess\u00e4<br \/>\nYhteenveto<br \/>\nLiite 1. Biisilista<br \/>\nLiite 2. Nuotinnoksia<\/p>","protected":false},"excerpt":{"rendered":"<p>Projektity\u00f6<br \/>\nTaideyliopiston Sibelius-Akatemia<br \/>\nKansanmusiikin aineryhm\u00e4<br \/>\n2006<\/p>","protected":false},"featured_media":0,"comment_status":"closed","ping_status":"closed","template":"","meta":{"_acf_changed":false},"product_brand":[],"product_cat":[81,76],"product_tag":[],"class_list":{"0":"post-2540","1":"product","2":"type-product","3":"status-publish","5":"product_cat-maisteriopinnot","6":"product_cat-opinnaytteet","8":"first","9":"instock","10":"shipping-taxable","11":"product-type-simple"},"acf":[],"_links":{"self":[{"href":"https:\/\/etno.net\/en\/wp-json\/wp\/v2\/product\/2540","targetHints":{"allow":["GET"]}}],"collection":[{"href":"https:\/\/etno.net\/en\/wp-json\/wp\/v2\/product"}],"about":[{"href":"https:\/\/etno.net\/en\/wp-json\/wp\/v2\/types\/product"}],"replies":[{"embeddable":true,"href":"https:\/\/etno.net\/en\/wp-json\/wp\/v2\/comments?post=2540"}],"wp:attachment":[{"href":"https:\/\/etno.net\/en\/wp-json\/wp\/v2\/media?parent=2540"}],"wp:term":[{"taxonomy":"product_brand","embeddable":true,"href":"https:\/\/etno.net\/en\/wp-json\/wp\/v2\/product_brand?post=2540"},{"taxonomy":"product_cat","embeddable":true,"href":"https:\/\/etno.net\/en\/wp-json\/wp\/v2\/product_cat?post=2540"},{"taxonomy":"product_tag","embeddable":true,"href":"https:\/\/etno.net\/en\/wp-json\/wp\/v2\/product_tag?post=2540"}],"curies":[{"name":"wp","href":"https:\/\/api.w.org\/{rel}","templated":true}]}}