{"id":2541,"date":"2021-03-08T10:52:21","date_gmt":"2021-03-08T08:52:21","guid":{"rendered":"https:\/\/etno.net\/?post_type=product&#038;p=2541"},"modified":"2021-06-21T10:08:48","modified_gmt":"2021-06-21T08:08:48","slug":"kansanmusiikkia-pianisteille-nuottivihon-valmistaminen","status":"publish","type":"product","link":"https:\/\/etno.net\/en\/julkaisu\/opinnaytteet\/maisteriopinnot\/kansanmusiikkia-pianisteille-nuottivihon-valmistaminen","title":{"rendered":"Kansanmusiikkia pianisteille -nuottivihon valmistaminen"},"content":{"rendered":"<p><strong>Tiivistelm\u00e4<\/strong><br \/>\nProjektini &#8221;Kansanmusiikkia pianolle -nuottivihon valmistaminen&#8221; kertoo prosessin liittyneist\u00e4 ajatuksista ja k\u00e4yt\u00e4nn\u00f6n asioista. Kerron ensin yleisesti vihon ideasta ja pianosta kansansoittimena. Sitten kirjoitan itse nuottivihon laatimisesta: materiaalista, sovittamisesta, nuottikuvasta ja kokemuksistani opettajana sek\u00e4 pedagogisesta ideologiastani. Haastattelin projektin kirjallesen osuuden puitteissa Timo Alakotilaa ja Teuvo Ryyn\u00e4st\u00e4 ja he kertoivat minulle omia n\u00e4kemyksi\u00e4\u00e4n tekem\u00e4st\u00e4ni materiaalista. Projektini lopuksi kerron viel\u00e4 vihon tekemiseen liityneist\u00e4 viimeisist\u00e4 etapeista, ja mietin miten loppututlos omasta mielest\u00e4ni onnistui.<\/p>\n<p>Liitteen\u00e4 on Kansanmusiikkia pianolle -nuottivihko, joka sis\u00e4lt\u00e4\u00e4 pelimannimusiikkia eritasoisina sovituksina seitsem\u00e4st\u00e4toista kappaleesta. vihon tarkoituksena on antaa ideoita my\u00f6s omien sovitusten tekemiseen, sek\u00e4 muunteluun, variointiin ja improvisointiin. Sovittamisen opettelu perustuu tekemiini sovitusten osasiin, joita oppilas voi k\u00e4ytt\u00e4\u00e4 materiaalia oman kokonaisuutensa rakentamiseksi. Nuottivihkoon kuuluu CD-levy, josta on mahdollista poimia virikkeit\u00e4 oikean estetiikan l\u00f6yt\u00e4miseksi.<\/p>\n<p><strong>Sis\u00e4llysluettelo<\/strong><br \/>\n<strong>1 Yleist\u00e4<\/strong><\/p>\n<p style=\"padding-left: 40px\">1.1 Idea<br \/>\n1.2 Piano kansanmusiikki-instrumenttina\n<\/p>\n<p><strong>2 Nuottivihon laatiminen<\/strong><\/p>\n<p style=\"padding-left: 40px\">2.1 Oppilaan oman luovuuden kunnioittaminen<br \/>\n2.2 Materiaalista<br \/>\n2.3 Sovitusideoita<br \/>\n2.4 Nuottikuvaan liittyvi\u00e4 kysymyksi\u00e4<br \/>\n2.5 K\u00e4yt\u00e4nn\u00f6n kokeiluja ja omia kokemuksia\n<\/p>\n<p><strong>3 Kollegojen haastattelut<\/strong><\/p>\n<p style=\"padding-left: 40px\">3.1 Ensimm\u00e4isi\u00e4 kommentteja &#8211; Timo Alakotila<br \/>\n3.2 Lis\u00e4\u00e4 mielipiteit\u00e4 &#8211; Teuvo Ryyn\u00e4nen\n<\/p>\n<p><strong>4 Viimeiset etapit<\/strong><\/p>\n<p style=\"padding-left: 40px\">4.1 Parannuksia<br \/>\n4.2 CD-levyn valmistaminen<br \/>\n4.3 Viimeistely<br \/>\n4.4 Painatus ja jakelu\n<\/p>\n<p><strong>5 Yhteenveto<\/strong><br \/>\nLiite: Kansanmusiikkia pianolle -nuottivihko (sis\u00e4lt\u00e4\u00e4 CD-levyn)<br \/>\nTy\u00f6h\u00f6n liittyv\u00e4 nuottivihko ja CD-levy kansanmusiikin aineryhm\u00e4n kirjastossa<\/p>","protected":false},"excerpt":{"rendered":"<p>Projektity\u00f6<br \/>\nTaideyliopiston Sibelius-Akatemia<br \/>\nKansanmusiikin aineryhm\u00e4<br \/>\n2007<\/p>","protected":false},"featured_media":0,"comment_status":"closed","ping_status":"closed","template":"","meta":{"_acf_changed":false},"product_brand":[],"product_cat":[81,76],"product_tag":[],"class_list":{"0":"post-2541","1":"product","2":"type-product","3":"status-publish","5":"product_cat-maisteriopinnot","6":"product_cat-opinnaytteet","8":"first","9":"instock","10":"shipping-taxable","11":"product-type-simple"},"acf":[],"_links":{"self":[{"href":"https:\/\/etno.net\/en\/wp-json\/wp\/v2\/product\/2541","targetHints":{"allow":["GET"]}}],"collection":[{"href":"https:\/\/etno.net\/en\/wp-json\/wp\/v2\/product"}],"about":[{"href":"https:\/\/etno.net\/en\/wp-json\/wp\/v2\/types\/product"}],"replies":[{"embeddable":true,"href":"https:\/\/etno.net\/en\/wp-json\/wp\/v2\/comments?post=2541"}],"wp:attachment":[{"href":"https:\/\/etno.net\/en\/wp-json\/wp\/v2\/media?parent=2541"}],"wp:term":[{"taxonomy":"product_brand","embeddable":true,"href":"https:\/\/etno.net\/en\/wp-json\/wp\/v2\/product_brand?post=2541"},{"taxonomy":"product_cat","embeddable":true,"href":"https:\/\/etno.net\/en\/wp-json\/wp\/v2\/product_cat?post=2541"},{"taxonomy":"product_tag","embeddable":true,"href":"https:\/\/etno.net\/en\/wp-json\/wp\/v2\/product_tag?post=2541"}],"curies":[{"name":"wp","href":"https:\/\/api.w.org\/{rel}","templated":true}]}}