{"id":2542,"date":"2021-03-08T10:53:32","date_gmt":"2021-03-08T08:53:32","guid":{"rendered":"https:\/\/etno.net\/?post_type=product&#038;p=2542"},"modified":"2021-06-21T10:11:12","modified_gmt":"2021-06-21T08:11:12","slug":"1800-luvun-viisunikkari-pelimanni-ja-rosvo-pilli-hermanni-isoisani-isoisan-herman-saxbergin-arkkiveisut-konsertiksi","status":"publish","type":"product","link":"https:\/\/etno.net\/en\/julkaisu\/opinnaytteet\/maisteriopinnot\/1800-luvun-viisunikkari-pelimanni-ja-rosvo-pilli-hermanni-isoisani-isoisan-herman-saxbergin-arkkiveisut-konsertiksi","title":{"rendered":"1800-luvun viisunikkari, pelimanni ja rosvo Pilli-Hermanni &#8211; isois\u00e4ni isois\u00e4n Herman Saxbergin arkkiveisut konsertiksi"},"content":{"rendered":"<p><strong>Tiivistelm\u00e4<\/strong><br \/>\nProjektini otsikko on kokonaisuudessaan 1800-luvun viisunikkari, pelimanni ja rosvo Pilli-Hermanni &#8211; isois\u00e4ni isois\u00e4n Herman Saxbergin arkkiveisut konsertiksi. Valmistamani konsertti koostui Pilli-Hermannin kirjoittamista arkkiveisuista ja muista teksteist\u00e4 ja pidettiin 13.11.2007 Suomen Kansallismuseossa. Konsertissa oli my\u00f6s n\u00e4ytteill\u00e4 Pilli-Hermannin eritt\u00e4in harvinainen kokopuinen klarinetti, joka kuuluu nyky\u00e4\u00e4n Kansallismuseon kokoelmiin.<\/p>\n<p>Projektini kirjallinen ty\u00f6 k\u00e4sittelee keuruulaista pelimannia ja viisunikkaria Herman Saxbergia eli Pilli-Hermannia sek\u00e4 h\u00e4nen arkkiveisujaan ja muita tekstej\u00e4\u00e4n. Herman Saxberg oli \u00e4itini is\u00e4n is\u00e4n is\u00e4, ja t\u00e4m\u00e4 sukulaissuhde vaikutti eniten aiheen valintaan. Henkil\u00f6- ja historiatiedot, arkkiveisutekstit sek\u00e4 ruont olen koonnut Suomalaisen Kirjallisuuden Seuran arkistoista, Kansanrunousarkistosta, Kirjallisuusarkistosta, Kansallisarkistosta, Jyv\u00e4skyl\u00e4n maakunta-arkistosta ja suvussamme kulkeneesta materiaalista. Projektini sis\u00e4lt\u00e4\u00e4 lyhyen henkil\u00f6kuvauksen niiden vajavaisten tietojen perusteella mit\u00e4 Herman Saxbergista on j\u00e4lkipolville s\u00e4ilynyt. Lis\u00e4ksi k\u00e4sittelen arkkiveisujen ty\u00f6st\u00e4mist\u00e4 konsertiksi ja muun muassa alkuper\u00e4isten melodioiden etsimist\u00e4. Projektin liitteist\u00e4 l\u00f6ytyv\u00e4t Pilli-Hermannin arkkiveisut ja tekstit.<\/p>\n<p>Herman Saxberg (1830-1909) oli kiertelev\u00e4n pelimannin ja sananiekan maineessa ja painatti kirjoittamiaan tekstej\u00e4. N\u00e4it\u00e4 h\u00e4n m\u00f6i h\u00e4\u00e4soitto- ja muilla pelimannireissuillaan Pohjanmaata my\u00f6ten. Pilli-Hermanni oli my\u00f6s tunnettu rikollisista toimistaan ja j\u00e4i merkityksi kirkonkirjoihin ja Keuruun paikallishistoriaan. Tunnettu h\u00e4nelt\u00e4 tallennettu teksti on Mokoman hupanen Runo-Laulu Wiinasta, Oluesta ja Kahweesta, joka k\u00e4sittelee vuoden 1866 kotipolttoisen viinan kieltolakia. Muita tekstej\u00e4 ovat mm. Japanin sota, Ylellisyysruno, Maamiehen Huwi-laulu ja lukuisat pilkkarunot Keuruun paikallisista ihmisist\u00e4 ja tapahtumista. My\u00f6s yksi instrumentaalis\u00e4vellys, Pilli-Hermannin polkka, on s\u00e4ilynyt muistiinmerkittyn\u00e4.<\/p>\n<p>Konsertin ohjelmaan kuuluivat tekstit Japanin sota, Renttulan murha, Vanhanpojan runo, Toinen wiinalaulu, pilkkalaulu Lammassillan korvassa, instrumentaalikappale Pilli-Hermannin polkka sek\u00e4 Keuruun kirkkoveneen haaksirikosta kertova runo. Esiintyjin\u00e4 olivat Emilia Lajunen (viulu, laulu), Eero Turkka (laulu), Eero Grundstr\u00f6m (harmooni, huuliharppu, laulu), ja Sami Kurppa (klarinetti, laulu). S\u00e4velsin osan k\u00e4ytetyist\u00e4 laulumelodioista ja sovituksesta vastasin itse yhdess\u00e4 yhtyeen kanssa. Kaksi ohjelmassa olevaa kappaletta olivat soolojani, Renttulan murha ja Keuruun kirkkoveneen haaksirikosta kertova runo.<\/p>\n<p><strong>Sis\u00e4llysluettelo<\/strong><br \/>\n<strong>1 Juurille<\/strong><br \/>\n<strong>2 Sukuselvitys<\/strong><br \/>\n<strong>3 Pelimannin muotokuva<\/strong><\/p>\n<p style=\"padding-left: 40px\">3.1 Herman Saxbergin eli Pilli-Hermannin henkil\u00f6historia<br \/>\n3.2 Pilli-Hermannin Klarinetti<br \/>\n3.3 Pilli-Hermanni laulajana, pelimannina ja lauluntekij\u00e4n\u00e4\n<\/p>\n<p><strong>4 Pilli-Hermannin arkkiveisut, muut tekstit ja klarinettis\u00e4velm\u00e4t<\/strong><\/p>\n<p style=\"padding-left: 40px\">4.1 Arkkiveisut<\/p>\n<p style=\"padding-left: 80px\">4.1.1 Mokoman hupanen Runo-Laulu Wiinasta, Oluesta ja Kahweesta<br \/>\n4.1.2 Maamiehen Huwi-Laulu<br \/>\n4.1.3 Mokoman hupanen Laulu Nuoren miehen el\u00e4m\u00e4st\u00e4, onnesta ja friiaus-retkist\u00e4<br \/>\n4.1.4 Laulu Hallin Jannesta\n<\/p>\n<p style=\"padding-left: 40px\">4.2 Pilkkarunot<\/p>\n<p style=\"padding-left: 80px\">4.2.1 Pilkkaruno Keuruun papin vaalista<br \/>\n4.2.2 Lammassillan korvassa<br \/>\n4.2.3 Ilotalosta<br \/>\n4.2.4 Notkolan hevonen<br \/>\n4.2.5 Kukko-Kallen kuolema\n<\/p>\n<p style=\"padding-left: 40px\">4.3 Muut tekstit<\/p>\n<p style=\"padding-left: 80px\">4.3.1 Meijerilaulu<br \/>\n4.3.2 Japanin sota<br \/>\n4.3.3 Renttulan murha<br \/>\n4.3.4 Keuruun kirkosta<br \/>\n4.3.5 Multian kirkon korjauksesta<br \/>\n4.3.6 Hoskarin murhna<br \/>\n4.3.7 Runo M\u00e4nt\u00e4n kansanjuhlaan vuonna 1895<br \/>\n4.3.8 Ylellisyysruno<br \/>\n4.3.9 Kaksi tukkirunoa<br \/>\n4.3.10 Toinen viinalaulu ja wiinaruno<br \/>\n4.3.11 Tulipaloruno<br \/>\n4.3.12 Pieni runo ja saarna<br \/>\n4.3.13 Keuruun kirkkoveneen haaksirikko<br \/>\n4.3.14 K\u00f6yh\u00e4n vuoden laulu\n<\/p>\n<p style=\"padding-left: 40px\">4.4 Pilli-Hermannin polkka\n<\/p>\n<p><strong>5 Pilli-Hermannin arkkiveisut ja tekstit s\u00e4vellyksiksi 2000-luvulla<\/strong><br \/>\n<strong>6 Emilia Lajunen Co: Pilli-Hermannin arkkiveisuja-konsertti 13.11.2007<\/strong><br \/>\n<strong>7 Arkistonp\u00f6lyinen loppup\u00e4\u00e4telm\u00e4: Mit\u00e4s sit\u00e4 tuli sitten oikein tehty\u00e4?<\/strong><br \/>\n<strong>L\u00c4HTEET<\/strong><br \/>\n<strong>\u00a0<\/strong><\/p>\n<p><strong>LIITTEET<\/strong><br \/>\nLiite 1: Arkkiveisut<br \/>\nLiite 2: Pilkkarunot<br \/>\nLiite 3: Muut tekstit<br \/>\nLiite 4: Nuotti Pilli-Hermannin polkasta<\/p>","protected":false},"excerpt":{"rendered":"<p>Projektity\u00f6<br \/>\nTaideyliopiston Sibelius-Akatemia<br \/>\nKansanmusiikin aineryhm\u00e4<br \/>\n2007<\/p>","protected":false},"featured_media":0,"comment_status":"closed","ping_status":"closed","template":"","meta":{"_acf_changed":false},"product_brand":[],"product_cat":[81,76],"product_tag":[],"class_list":{"0":"post-2542","1":"product","2":"type-product","3":"status-publish","5":"product_cat-maisteriopinnot","6":"product_cat-opinnaytteet","8":"first","9":"instock","10":"shipping-taxable","11":"product-type-simple"},"acf":[],"_links":{"self":[{"href":"https:\/\/etno.net\/en\/wp-json\/wp\/v2\/product\/2542","targetHints":{"allow":["GET"]}}],"collection":[{"href":"https:\/\/etno.net\/en\/wp-json\/wp\/v2\/product"}],"about":[{"href":"https:\/\/etno.net\/en\/wp-json\/wp\/v2\/types\/product"}],"replies":[{"embeddable":true,"href":"https:\/\/etno.net\/en\/wp-json\/wp\/v2\/comments?post=2542"}],"wp:attachment":[{"href":"https:\/\/etno.net\/en\/wp-json\/wp\/v2\/media?parent=2542"}],"wp:term":[{"taxonomy":"product_brand","embeddable":true,"href":"https:\/\/etno.net\/en\/wp-json\/wp\/v2\/product_brand?post=2542"},{"taxonomy":"product_cat","embeddable":true,"href":"https:\/\/etno.net\/en\/wp-json\/wp\/v2\/product_cat?post=2542"},{"taxonomy":"product_tag","embeddable":true,"href":"https:\/\/etno.net\/en\/wp-json\/wp\/v2\/product_tag?post=2542"}],"curies":[{"name":"wp","href":"https:\/\/api.w.org\/{rel}","templated":true}]}}