{"id":2543,"date":"2021-03-08T10:55:18","date_gmt":"2021-03-08T08:55:18","guid":{"rendered":"https:\/\/etno.net\/?post_type=product&#038;p=2543"},"modified":"2021-05-28T12:50:25","modified_gmt":"2021-05-28T10:50:25","slug":"se-oliki-nopee-suomalaista-kansanmusiikkia-ruotsinsuomalaisiin-kouluihin","status":"publish","type":"product","link":"https:\/\/etno.net\/en\/julkaisu\/opinnaytteet\/maisteriopinnot\/se-oliki-nopee-suomalaista-kansanmusiikkia-ruotsinsuomalaisiin-kouluihin","title":{"rendered":"&#8221;Se oliki nopee&#8221; &#8211; suomalaista kansanmusiikkia ruotsinsuomalaisiin kouluihin"},"content":{"rendered":"<h2>Sis\u00e4llysluettelo<\/h2>\n<p><strong>1 Projektin l\u00e4ht\u00f6kohdat<\/strong><\/p>\n<p style=\"padding-left: 40px\">1.1 Idea ja sen toteutus<br \/>\n1.2 Konserttien j\u00e4rjest\u00e4minen apurahan turvin<br \/>\n1.3 Esityksen kulku<\/p>\n<p><strong>2 Vierailut kouluissa<\/strong><\/p>\n<p style=\"padding-left: 40px\">2.1 Tukholman ruotsinsuomalainen koulu<br \/>\n2.2 V\u00e4lihuomioita<br \/>\n2.3 Botkyrkan ruotsinsuomalainen koulu<br \/>\n2.4 \u00d6rebro<\/p>\n<p style=\"padding-left: 80px\">2.4.1 P\u00e4iv\u00e4koti<br \/>\n2.4.2 Koulu<\/p>\n<p style=\"padding-left: 40px\">2.5 Kistan Liljakoulu<br \/>\n2.6 G\u00f6teborgin ruotsinsuomalainen koulu<br \/>\n2.7 Eskilstunan Erkki-koulu<\/p>\n<p style=\"padding-left: 80px\">2.7.1 Ala-aste<br \/>\n2.7.2 Yl\u00e4aste<\/p>\n<p><strong>3 Loppupohdintoja<\/strong><\/p>\n<p style=\"padding-left: 40px\">3.1 Kysely, sen tuloksista sek\u00e4 kyselyvastauksia<br \/>\n3.2 Lopuksi<\/p>\n<p><strong>Liite<\/strong><\/p>\n<p style=\"padding-left: 40px\">Kyselylomake<\/p>\n<h2><\/h2>\n<h2>Tiivistelm\u00e4<\/h2>\n<p>J\u00e4rjestin kev\u00e4\u00e4ll\u00e4 2007 kansanmusiikin esittelykierroksen ruotsinsuomalaisiin kouluihin sek\u00e4 yhteen p\u00e4iv\u00e4kotiin. Kirjallisessa ty\u00f6ss\u00e4ni k\u00e4yn l\u00e4pi sit\u00e4, mist\u00e4 sain idean projektille ja miten sen toteutin. Pohdin my\u00f6s sit\u00e4, miten kansanmusiikkia saisi paremmin esille jo kouluik\u00e4isille.<\/p>\n<p>Kansanmusiikkia kuulee harvoin valtamedioissa. Olin kuitenkin jo ennen projektini toteuttamista vakuuttunut siit\u00e4, ett\u00e4 kouluik\u00e4iset lapset voisivat pit\u00e4\u00e4 kansanmusiikista, jos he vain sit\u00e4 p\u00e4\u00e4sisiv\u00e4t kuulemaan.<\/p>\n<p>Hain syksyll\u00e4 2006 apurahoja projektini toteuttamista varten ja pystyin loppujen lopuksi tarjoamaan projektini kouluille t\u00e4ysin ilmaiseksi. Sain projektille hakemani apurahat t\u00e4ysin\u00e4 Suomen Kulttuurirahastolta ja Suomi-Seuralta. Tukholman ruotsinsuomalaisessa koulussa k\u00e4vin vierailemassa jo Suomen itsen\u00e4isyysp\u00e4iv\u00e4n\u00e4 2006. Muissa viidess\u00e4 koulussa k\u00e4vin vierailemassa kev\u00e4\u00e4ll\u00e4 2007.<\/p>\n<p>Halusin esitell\u00e4 kouluissa kansanmusiikkia mahdollisimman laajasti vain 40 minuutin pituisessa ajassa. Laadinkin konserttien ohjelman siten, ett\u00e4 siin\u00e4 oli mukana vanhempaa ja uudempaa laulu- ja soittoperinnett\u00e4. Tarkoituksenani oli saada lapset innostumaan\/kiinnostumaan kansanmusiikista ja sen maailmasta.<\/p>\n<p>Projekti meni hyvin muutamista k\u00e4yt\u00e4nn\u00f6n vaikeuksista huolimatta. Kiertueen aikana k\u00e4vi my\u00f6s ilmi, ett\u00e4 kouluilla olisi kiinnostusta niin kansanmusiikki- kuin muunkin el\u00e4v\u00e4n akustisen musiikin konserttien j\u00e4rjest\u00e4miseen, mutta koulujen m\u00e4\u00e4r\u00e4rahat eiv\u00e4t konserttien j\u00e4rjest\u00e4miseen riit\u00e4.<\/p>\n<p>Sain kouluissa 3., 5., ja 7. luokan oppilailta vastauksia lyhyeen kyselylomakkeeseeni. Vastauksista k\u00e4vi ilmi, ett\u00e4 koululaiset olivat ottaneet konsertin avoimin mielin vastaan ja moni oli my\u00f6s pit\u00e4nyt kuulemastaan. T\u00e4st\u00e4 olin erityisen iloinen siksi, ett\u00e4 soittamamme musiikki oli monin tavoin hyvin erilaista kuin se musiikki, jota he ovat yleens\u00e4 tottuneet kuuntelemaan.<\/p>\n<p>Tulen loppupohdinnoissani tulokseen, ett\u00e4 kansanmusiikkia tulisi tehd\u00e4 lapsille tutuksi laajasti jo p\u00e4iv\u00e4kodeissa ja ala-asteilla. Normaali musiikin sekak\u00e4ytt\u00e4j\u00e4 t\u00f6rm\u00e4\u00e4 harvoin kansanmusiikkiin genremme v\u00e4h\u00e4isen median\u00e4kyvyyden takia. Olenkin sit\u00e4 mielt\u00e4, ett\u00e4 erilaiset opetusprojektit ja -konsertit kouluissa olisivat hyvin t\u00e4rke\u00e4 ja tehokas tapa saada kansanmusiikkia esille laajemmin.<\/p>","protected":false},"excerpt":{"rendered":"<p>Projektity\u00f6<br \/>\nTaideyliopiston Sibelius-Akatemia<br \/>\nKansanmusiikin aineryhm\u00e4<br \/>\n2007<\/p>","protected":false},"featured_media":0,"comment_status":"closed","ping_status":"closed","template":"","meta":{"_acf_changed":false},"product_brand":[],"product_cat":[81,76],"product_tag":[],"class_list":{"0":"post-2543","1":"product","2":"type-product","3":"status-publish","5":"product_cat-maisteriopinnot","6":"product_cat-opinnaytteet","8":"first","9":"instock","10":"shipping-taxable","11":"product-type-simple"},"acf":[],"_links":{"self":[{"href":"https:\/\/etno.net\/en\/wp-json\/wp\/v2\/product\/2543","targetHints":{"allow":["GET"]}}],"collection":[{"href":"https:\/\/etno.net\/en\/wp-json\/wp\/v2\/product"}],"about":[{"href":"https:\/\/etno.net\/en\/wp-json\/wp\/v2\/types\/product"}],"replies":[{"embeddable":true,"href":"https:\/\/etno.net\/en\/wp-json\/wp\/v2\/comments?post=2543"}],"wp:attachment":[{"href":"https:\/\/etno.net\/en\/wp-json\/wp\/v2\/media?parent=2543"}],"wp:term":[{"taxonomy":"product_brand","embeddable":true,"href":"https:\/\/etno.net\/en\/wp-json\/wp\/v2\/product_brand?post=2543"},{"taxonomy":"product_cat","embeddable":true,"href":"https:\/\/etno.net\/en\/wp-json\/wp\/v2\/product_cat?post=2543"},{"taxonomy":"product_tag","embeddable":true,"href":"https:\/\/etno.net\/en\/wp-json\/wp\/v2\/product_tag?post=2543"}],"curies":[{"name":"wp","href":"https:\/\/api.w.org\/{rel}","templated":true}]}}